{"id":58323,"date":"2020-01-28T15:41:59","date_gmt":"2020-01-28T14:41:59","guid":{"rendered":"https:\/\/legrandcontinent.eu\/fr\/?page_id=58323"},"modified":"2021-10-19T17:58:52","modified_gmt":"2021-10-19T15:58:52","slug":"informations-legales","status":"publish","type":"page","link":"https:\/\/legrandcontinent.eu\/fr\/informations-legales\/","title":{"rendered":"Informations l\u00e9gales"},"content":{"rendered":"\n<p><a href=\"https:\/\/legrandcontinent.eu\/fr\/\">https:\/\/legrandcontinent.eu\/<\/a><br>Num\u00e9ro TVA&#160;: FR16838661387<\/p>\n\n\n\n<h3 class=\"wp-block-heading\"><strong>\u00c9diteur<\/strong><\/h3>\n\n\n\n<p>Groupe d\u2019\u00e9tudes g\u00e9opolitiques<br>Association loi 1901<br>Inscrite au R\u00e9pertoire national des associations sous le n\u00b0 W751239316<br>D\u00e9clar\u00e9e le 20 avril 2017 \u00e0 la Pr\u00e9fecture de police de Paris<br>Dont le si\u00e8ge social est situ\u00e9 45 rue d\u2019Ulm \u2013 75005 Paris <br>Contact&nbsp;&#160;: <a href=\"mailto:contact@legrandcontinent.eu\">contact@legrandcontinent.eu<\/a><\/p>\n\n\n\n<h3 class=\"wp-block-heading\"><strong>Directeur de la publication&nbsp;<\/strong><\/h3>\n\n\n\n<p>Gilles Gressani, pr\u00e9sident<\/p>\n\n\n\n<h3 class=\"wp-block-heading\"><strong>H\u00e9bergeur<\/strong><\/h3>\n\n\n\n<p>Viewlab Di Bellomo Piero<br>Corso Vercelli 387<br>Torino 10155 (Italie)<\/p>\n\n\n\n<h3 class=\"wp-block-heading\"><strong>PROPRIET\u00c9 INTELLECTUELLE<\/strong><\/h3>\n\n\n\n<p>Le Groupe d\u2019\u00e9tudes g\u00e9opolitiques, propri\u00e9taire de la marque <em>Le Grand Continent<\/em>, est le propri\u00e9taire exclusif de tous les droits de propri\u00e9t\u00e9 intellectuelle portant tant sur la structure que sur le contenu du site&nbsp;<a href=\"https:\/\/legrandcontinent.eu\/fr\/\">https:\/\/legrandcontinent.eu\/<\/a> dans toutes les langues, sauf indication contraire explicite. <\/p>\n\n\n\n<p>Les contributions publi\u00e9es y sont reproduites \u00e0 titre exclusif pour toute la dur\u00e9e des droits de propri\u00e9t\u00e9 intellectuelle, dans le monde entier.<\/p>\n\n\n\n<p>Les contenus du site&nbsp;<a href=\"https:\/\/legrandcontinent.eu\/fr\/\">https:\/\/legrandcontinent.eu\/<\/a>&nbsp;sont destin\u00e9s \u00e0 usage strictement personnel, priv\u00e9 et non collectif, librement pour le contenu gratuit, en contrepartie d\u2019un abonnement pour le contenu payant. Il en est de m\u00eame pour les newsletters.<\/p>\n\n\n\n<p>Toute utilisation dans un cadre professionnel ou commercial ou toute commercialisation de ce contenu aupr\u00e8s de tiers est interdite, sauf accord expr\u00e8s du Groupe d\u2019\u00e9tudes g\u00e9opolitiques \u00e0 demander \u00e0 l\u2019adresse suivante&#160;:\u00a0<a href=\"mailto:contact@legrandcontinent.eu\" target=\"_blank\" rel=\"noreferrer noopener\">contact@legrandcontinent.eu<\/a>.<\/p>\n","protected":false},"excerpt":{"rendered":"<p>https:\/\/legrandcontinent.eu\/Num\u00e9ro TVA&#160;&#160;&#160;: FR16838661387 \u00c9diteur Groupe d\u2019\u00e9tudes g\u00e9opolitiquesAssociation loi 1901Inscrite au R\u00e9pertoire national des associations sous le n\u00b0 W751239316D\u00e9clar\u00e9e le 20 avril 2017 \u00e0 la Pr\u00e9fecture de police de ParisDont le si\u00e8ge social est situ\u00e9 45 rue d\u2019Ulm \u2013 75005 Paris Contact&nbsp;&#160;&#160;&#160;: contact@legrandcontinent.eu Directeur de la publication&nbsp; Gilles Gressani, pr\u00e9sident H\u00e9bergeur Viewlab Di Bellomo PieroCorso Vercelli [&hellip;]<\/p>\n","protected":false},"author":2,"featured_media":0,"parent":0,"menu_order":0,"comment_status":"closed","ping_status":"closed","template":"templates\/page-info.php","meta":{"_acf_changed":false,"_trash_the_other_posts":false,"footnotes":""},"categories":[],"class_list":["post-58323","page","type-page","status-publish","hentry"],"acf":[],"yoast_head":"<!-- This site is optimized with the Yoast SEO plugin v26.1.1 - https:\/\/yoast.com\/wordpress\/plugins\/seo\/ -->\n<title>Informations l\u00e9gales | Le Grand Continent<\/title>\n<meta name=\"robots\" content=\"index, follow, max-snippet:-1, max-image-preview:large, max-video-preview:-1\" \/>\n<link rel=\"canonical\" href=\"https:\/\/legrandcontinent.eu\/fr\/informations-legales\/\" \/>\n<meta property=\"og:locale\" content=\"fr_FR\" \/>\n<meta property=\"og:type\" content=\"article\" \/>\n<meta property=\"og:title\" content=\"Informations l\u00e9gales | Le Grand Continent\" \/>\n<meta property=\"og:description\" content=\"https:\/\/legrandcontinent.eu\/Num\u00e9ro TVA&#160;&#160;: FR16838661387 \u00c9diteur Groupe d\u2019\u00e9tudes g\u00e9opolitiquesAssociation loi 1901Inscrite au R\u00e9pertoire national des associations sous le n\u00b0 W751239316D\u00e9clar\u00e9e le 20 avril 2017 \u00e0 la Pr\u00e9fecture de police de ParisDont le si\u00e8ge social est situ\u00e9 45 rue d\u2019Ulm \u2013 75005 Paris Contact&nbsp;&#160;&#160;: contact@legrandcontinent.eu Directeur de la publication&nbsp; Gilles Gressani, pr\u00e9sident H\u00e9bergeur Viewlab Di Bellomo PieroCorso Vercelli [&hellip;]\" \/>\n<meta property=\"og:url\" content=\"https:\/\/legrandcontinent.eu\/fr\/informations-legales\/\" \/>\n<meta property=\"og:site_name\" content=\"Le Grand Continent\" \/>\n<meta property=\"article:modified_time\" content=\"2021-10-19T15:58:52+00:00\" \/>\n<meta name=\"twitter:card\" content=\"summary_large_image\" \/>\n<meta name=\"twitter:label1\" content=\"Dur\u00e9e de lecture estim\u00e9e\" \/>\n\t<meta name=\"twitter:data1\" content=\"1 minute\" \/>\n<script type=\"application\/ld+json\" class=\"yoast-schema-graph\">{\"@context\":\"https:\/\/schema.org\",\"@graph\":[{\"@type\":\"WebPage\",\"@id\":\"https:\/\/legrandcontinent.eu\/fr\/informations-legales\/\",\"url\":\"https:\/\/legrandcontinent.eu\/fr\/informations-legales\/\",\"name\":\"Informations l\u00e9gales | Le Grand Continent\",\"isPartOf\":{\"@id\":\"https:\/\/legrandcontinent.eu\/fr\/#website\"},\"datePublished\":\"2020-01-28T14:41:59+00:00\",\"dateModified\":\"2021-10-19T15:58:52+00:00\",\"breadcrumb\":{\"@id\":\"https:\/\/legrandcontinent.eu\/fr\/informations-legales\/#breadcrumb\"},\"inLanguage\":\"fr-FR\",\"potentialAction\":[{\"@type\":\"ReadAction\",\"target\":[\"https:\/\/legrandcontinent.eu\/fr\/informations-legales\/\"]}]},{\"@type\":\"BreadcrumbList\",\"@id\":\"https:\/\/legrandcontinent.eu\/fr\/informations-legales\/#breadcrumb\",\"itemListElement\":[{\"@type\":\"ListItem\",\"position\":1,\"name\":\"Accueil\",\"item\":\"https:\/\/legrandcontinent.eu\/fr\/\"},{\"@type\":\"ListItem\",\"position\":2,\"name\":\"Informations l\u00e9gales\"}]},{\"@type\":\"WebSite\",\"@id\":\"https:\/\/legrandcontinent.eu\/fr\/#website\",\"url\":\"https:\/\/legrandcontinent.eu\/fr\/\",\"name\":\"Le Grand Continent\",\"description\":\"L&#039;\u00e9chelle pertinente\",\"potentialAction\":[{\"@type\":\"SearchAction\",\"target\":{\"@type\":\"EntryPoint\",\"urlTemplate\":\"https:\/\/legrandcontinent.eu\/fr\/?s={search_term_string}\"},\"query-input\":{\"@type\":\"PropertyValueSpecification\",\"valueRequired\":true,\"valueName\":\"search_term_string\"}}],\"inLanguage\":\"fr-FR\"}]}<\/script>\n<!-- \/ Yoast SEO plugin. -->","yoast_head_json":{"title":"Informations l\u00e9gales | Le Grand Continent","robots":{"index":"index","follow":"follow","max-snippet":"max-snippet:-1","max-image-preview":"max-image-preview:large","max-video-preview":"max-video-preview:-1"},"canonical":"https:\/\/legrandcontinent.eu\/fr\/informations-legales\/","og_locale":"fr_FR","og_type":"article","og_title":"Informations l\u00e9gales | Le Grand Continent","og_description":"https:\/\/legrandcontinent.eu\/Num\u00e9ro TVA&#160;&#160;: FR16838661387 \u00c9diteur Groupe d\u2019\u00e9tudes g\u00e9opolitiquesAssociation loi 1901Inscrite au R\u00e9pertoire national des associations sous le n\u00b0 W751239316D\u00e9clar\u00e9e le 20 avril 2017 \u00e0 la Pr\u00e9fecture de police de ParisDont le si\u00e8ge social est situ\u00e9 45 rue d\u2019Ulm \u2013 75005 Paris Contact&nbsp;&#160;&#160;: contact@legrandcontinent.eu Directeur de la publication&nbsp; Gilles Gressani, pr\u00e9sident H\u00e9bergeur Viewlab Di Bellomo PieroCorso Vercelli [&hellip;]","og_url":"https:\/\/legrandcontinent.eu\/fr\/informations-legales\/","og_site_name":"Le Grand Continent","article_modified_time":"2021-10-19T15:58:52+00:00","twitter_card":"summary_large_image","twitter_misc":{"Dur\u00e9e de lecture estim\u00e9e":"1 minute"},"schema":{"@context":"https:\/\/schema.org","@graph":[{"@type":"WebPage","@id":"https:\/\/legrandcontinent.eu\/fr\/informations-legales\/","url":"https:\/\/legrandcontinent.eu\/fr\/informations-legales\/","name":"Informations l\u00e9gales | Le Grand Continent","isPartOf":{"@id":"https:\/\/legrandcontinent.eu\/fr\/#website"},"datePublished":"2020-01-28T14:41:59+00:00","dateModified":"2021-10-19T15:58:52+00:00","breadcrumb":{"@id":"https:\/\/legrandcontinent.eu\/fr\/informations-legales\/#breadcrumb"},"inLanguage":"fr-FR","potentialAction":[{"@type":"ReadAction","target":["https:\/\/legrandcontinent.eu\/fr\/informations-legales\/"]}]},{"@type":"BreadcrumbList","@id":"https:\/\/legrandcontinent.eu\/fr\/informations-legales\/#breadcrumb","itemListElement":[{"@type":"ListItem","position":1,"name":"Accueil","item":"https:\/\/legrandcontinent.eu\/fr\/"},{"@type":"ListItem","position":2,"name":"Informations l\u00e9gales"}]},{"@type":"WebSite","@id":"https:\/\/legrandcontinent.eu\/fr\/#website","url":"https:\/\/legrandcontinent.eu\/fr\/","name":"Le Grand Continent","description":"L&#039;\u00e9chelle pertinente","potentialAction":[{"@type":"SearchAction","target":{"@type":"EntryPoint","urlTemplate":"https:\/\/legrandcontinent.eu\/fr\/?s={search_term_string}"},"query-input":{"@type":"PropertyValueSpecification","valueRequired":true,"valueName":"search_term_string"}}],"inLanguage":"fr-FR"}]}},"_links":{"self":[{"href":"https:\/\/legrandcontinent.eu\/fr\/wp-json\/wp\/v2\/pages\/58323","targetHints":{"allow":["GET"]}}],"collection":[{"href":"https:\/\/legrandcontinent.eu\/fr\/wp-json\/wp\/v2\/pages"}],"about":[{"href":"https:\/\/legrandcontinent.eu\/fr\/wp-json\/wp\/v2\/types\/page"}],"author":[{"embeddable":true,"href":"https:\/\/legrandcontinent.eu\/fr\/wp-json\/wp\/v2\/users\/2"}],"replies":[{"embeddable":true,"href":"https:\/\/legrandcontinent.eu\/fr\/wp-json\/wp\/v2\/comments?post=58323"}],"version-history":[{"count":0,"href":"https:\/\/legrandcontinent.eu\/fr\/wp-json\/wp\/v2\/pages\/58323\/revisions"}],"wp:attachment":[{"href":"https:\/\/legrandcontinent.eu\/fr\/wp-json\/wp\/v2\/media?parent=58323"}],"wp:term":[{"taxonomy":"category","embeddable":true,"href":"https:\/\/legrandcontinent.eu\/fr\/wp-json\/wp\/v2\/categories?post=58323"}],"curies":[{"name":"wp","href":"https:\/\/api.w.org\/{rel}","templated":true}]}}