{"id":309540,"date":"2025-12-22T19:01:37","date_gmt":"2025-12-22T18:01:37","guid":{"rendered":"https:\/\/legrandcontinent.eu\/fr\/?page_id=309540"},"modified":"2025-12-22T19:03:09","modified_gmt":"2025-12-22T18:03:09","slug":"exemplaire-kafka-soutien","status":"publish","type":"page","link":"https:\/\/legrandcontinent.eu\/fr\/exemplaire-kafka-soutien\/","title":{"rendered":"Un exemplaire unique et num\u00e9rot\u00e9 \u00e0 la main r\u00e9serv\u00e9 aux abonn\u00e9s les plus fid\u00e8les de la revue"},"content":{"rendered":"\n<p>Pour marquer le centenaire du <em>Proc\u00e8s<\/em> de Kafka, nous offrons \u00e0 nos abonn\u00e9s soutiens une nouvelle \u00e9dition hors commerce de son chapitre d\u00e9cisif \u00ab&#160;Dans la cath\u00e9drale&#160;\u00bb.<\/p>\n\n\n\n<p>Le design embl\u00e9matique de George Salter, cr\u00e9\u00e9 en 1925 pour la premi\u00e8re \u00e9dition chez Verlag Die Schmiede, a \u00e9t\u00e9 r\u00e9visit\u00e9 pour vous sugg\u00e9rer de m\u00e9diter sur une question particuli\u00e8rement inactuelle.<\/p>\n\n\n\n<p>\u00ab&#160;<em>Le vrai roman d\u2019anticipation sur l\u2019IA est <\/em>Le Proc\u00e8s<em> de Kafka, dans lequel personne ne comprend ce qui se passe, ni l\u2019accus\u00e9, ni m\u00eame les juges qui le mettent en examen, et pourtant les \u00e9v\u00e9nements suivent leur cours inexorable<\/em>.&#160;\u00bb \u2014 Giuliano da Empoli<br><\/p>\n","protected":false},"excerpt":{"rendered":"<p>Pour marquer le centenaire du Proc\u00e8s de Kafka, nous offrons \u00e0 nos abonn\u00e9s soutiens (250 euros\/an) une nouvelle \u00e9dition du design embl\u00e9matique de George Salter, cr\u00e9\u00e9 en 1925 pour Verlag Die Schmiede.<\/p>\n","protected":false},"author":2,"featured_media":0,"parent":0,"menu_order":0,"comment_status":"closed","ping_status":"closed","template":"templates\/page-product.php","meta":{"_acf_changed":true,"_trash_the_other_posts":false,"footnotes":""},"categories":[],"class_list":["post-309540","page","type-page","status-publish","hentry"],"acf":[],"yoast_head":"<!-- This site is optimized with the Yoast SEO plugin v26.1.1 - https:\/\/yoast.com\/wordpress\/plugins\/seo\/ -->\n<title>Un exemplaire unique et num\u00e9rot\u00e9 \u00e0 la main r\u00e9serv\u00e9 aux abonn\u00e9s les plus fid\u00e8les de la revue | Le Grand Continent<\/title>\n<meta name=\"robots\" content=\"index, follow, max-snippet:-1, max-image-preview:large, max-video-preview:-1\" \/>\n<link rel=\"canonical\" href=\"https:\/\/legrandcontinent.eu\/fr\/exemplaire-kafka-soutien\/\" \/>\n<meta property=\"og:locale\" content=\"fr_FR\" \/>\n<meta property=\"og:type\" content=\"article\" \/>\n<meta property=\"og:title\" content=\"Un exemplaire unique et num\u00e9rot\u00e9 \u00e0 la main r\u00e9serv\u00e9 aux abonn\u00e9s les plus fid\u00e8les de la revue | Le Grand Continent\" \/>\n<meta property=\"og:description\" content=\"Pour marquer le centenaire du Proc\u00e8s de Kafka, nous offrons \u00e0 nos abonn\u00e9s soutiens (250 euros\/an) une nouvelle \u00e9dition du design embl\u00e9matique de George Salter, cr\u00e9\u00e9 en 1925 pour Verlag Die Schmiede.\" \/>\n<meta property=\"og:url\" content=\"https:\/\/legrandcontinent.eu\/fr\/exemplaire-kafka-soutien\/\" \/>\n<meta property=\"og:site_name\" content=\"Le Grand Continent\" \/>\n<meta property=\"article:modified_time\" content=\"2025-12-22T18:03:09+00:00\" \/>\n<meta name=\"twitter:card\" content=\"summary_large_image\" \/>\n<meta name=\"twitter:label1\" content=\"Dur\u00e9e de lecture estim\u00e9e\" \/>\n\t<meta name=\"twitter:data1\" content=\"1 minute\" \/>\n<script type=\"application\/ld+json\" class=\"yoast-schema-graph\">{\"@context\":\"https:\/\/schema.org\",\"@graph\":[{\"@type\":\"WebPage\",\"@id\":\"https:\/\/legrandcontinent.eu\/fr\/exemplaire-kafka-soutien\/\",\"url\":\"https:\/\/legrandcontinent.eu\/fr\/exemplaire-kafka-soutien\/\",\"name\":\"Un exemplaire unique et num\u00e9rot\u00e9 \u00e0 la main r\u00e9serv\u00e9 aux abonn\u00e9s les plus fid\u00e8les de la revue | Le Grand Continent\",\"isPartOf\":{\"@id\":\"https:\/\/legrandcontinent.eu\/fr\/#website\"},\"datePublished\":\"2025-12-22T18:01:37+00:00\",\"dateModified\":\"2025-12-22T18:03:09+00:00\",\"breadcrumb\":{\"@id\":\"https:\/\/legrandcontinent.eu\/fr\/exemplaire-kafka-soutien\/#breadcrumb\"},\"inLanguage\":\"fr-FR\",\"potentialAction\":[{\"@type\":\"ReadAction\",\"target\":[\"https:\/\/legrandcontinent.eu\/fr\/exemplaire-kafka-soutien\/\"]}]},{\"@type\":\"BreadcrumbList\",\"@id\":\"https:\/\/legrandcontinent.eu\/fr\/exemplaire-kafka-soutien\/#breadcrumb\",\"itemListElement\":[{\"@type\":\"ListItem\",\"position\":1,\"name\":\"Accueil\",\"item\":\"https:\/\/legrandcontinent.eu\/fr\/\"},{\"@type\":\"ListItem\",\"position\":2,\"name\":\"Un exemplaire unique et num\u00e9rot\u00e9 \u00e0 la main r\u00e9serv\u00e9 aux abonn\u00e9s les plus fid\u00e8les de la revue\"}]},{\"@type\":\"WebSite\",\"@id\":\"https:\/\/legrandcontinent.eu\/fr\/#website\",\"url\":\"https:\/\/legrandcontinent.eu\/fr\/\",\"name\":\"Le Grand Continent\",\"description\":\"L&#039;\u00e9chelle pertinente\",\"potentialAction\":[{\"@type\":\"SearchAction\",\"target\":{\"@type\":\"EntryPoint\",\"urlTemplate\":\"https:\/\/legrandcontinent.eu\/fr\/?s={search_term_string}\"},\"query-input\":{\"@type\":\"PropertyValueSpecification\",\"valueRequired\":true,\"valueName\":\"search_term_string\"}}],\"inLanguage\":\"fr-FR\"}]}<\/script>\n<!-- \/ Yoast SEO plugin. -->","yoast_head_json":{"title":"Un exemplaire unique et num\u00e9rot\u00e9 \u00e0 la main r\u00e9serv\u00e9 aux abonn\u00e9s les plus fid\u00e8les de la revue | Le Grand Continent","robots":{"index":"index","follow":"follow","max-snippet":"max-snippet:-1","max-image-preview":"max-image-preview:large","max-video-preview":"max-video-preview:-1"},"canonical":"https:\/\/legrandcontinent.eu\/fr\/exemplaire-kafka-soutien\/","og_locale":"fr_FR","og_type":"article","og_title":"Un exemplaire unique et num\u00e9rot\u00e9 \u00e0 la main r\u00e9serv\u00e9 aux abonn\u00e9s les plus fid\u00e8les de la revue | Le Grand Continent","og_description":"Pour marquer le centenaire du Proc\u00e8s de Kafka, nous offrons \u00e0 nos abonn\u00e9s soutiens (250 euros\/an) une nouvelle \u00e9dition du design embl\u00e9matique de George Salter, cr\u00e9\u00e9 en 1925 pour Verlag Die Schmiede.","og_url":"https:\/\/legrandcontinent.eu\/fr\/exemplaire-kafka-soutien\/","og_site_name":"Le Grand Continent","article_modified_time":"2025-12-22T18:03:09+00:00","twitter_card":"summary_large_image","twitter_misc":{"Dur\u00e9e de lecture estim\u00e9e":"1 minute"},"schema":{"@context":"https:\/\/schema.org","@graph":[{"@type":"WebPage","@id":"https:\/\/legrandcontinent.eu\/fr\/exemplaire-kafka-soutien\/","url":"https:\/\/legrandcontinent.eu\/fr\/exemplaire-kafka-soutien\/","name":"Un exemplaire unique et num\u00e9rot\u00e9 \u00e0 la main r\u00e9serv\u00e9 aux abonn\u00e9s les plus fid\u00e8les de la revue | Le Grand Continent","isPartOf":{"@id":"https:\/\/legrandcontinent.eu\/fr\/#website"},"datePublished":"2025-12-22T18:01:37+00:00","dateModified":"2025-12-22T18:03:09+00:00","breadcrumb":{"@id":"https:\/\/legrandcontinent.eu\/fr\/exemplaire-kafka-soutien\/#breadcrumb"},"inLanguage":"fr-FR","potentialAction":[{"@type":"ReadAction","target":["https:\/\/legrandcontinent.eu\/fr\/exemplaire-kafka-soutien\/"]}]},{"@type":"BreadcrumbList","@id":"https:\/\/legrandcontinent.eu\/fr\/exemplaire-kafka-soutien\/#breadcrumb","itemListElement":[{"@type":"ListItem","position":1,"name":"Accueil","item":"https:\/\/legrandcontinent.eu\/fr\/"},{"@type":"ListItem","position":2,"name":"Un exemplaire unique et num\u00e9rot\u00e9 \u00e0 la main r\u00e9serv\u00e9 aux abonn\u00e9s les plus fid\u00e8les de la revue"}]},{"@type":"WebSite","@id":"https:\/\/legrandcontinent.eu\/fr\/#website","url":"https:\/\/legrandcontinent.eu\/fr\/","name":"Le Grand Continent","description":"L&#039;\u00e9chelle pertinente","potentialAction":[{"@type":"SearchAction","target":{"@type":"EntryPoint","urlTemplate":"https:\/\/legrandcontinent.eu\/fr\/?s={search_term_string}"},"query-input":{"@type":"PropertyValueSpecification","valueRequired":true,"valueName":"search_term_string"}}],"inLanguage":"fr-FR"}]}},"_links":{"self":[{"href":"https:\/\/legrandcontinent.eu\/fr\/wp-json\/wp\/v2\/pages\/309540","targetHints":{"allow":["GET"]}}],"collection":[{"href":"https:\/\/legrandcontinent.eu\/fr\/wp-json\/wp\/v2\/pages"}],"about":[{"href":"https:\/\/legrandcontinent.eu\/fr\/wp-json\/wp\/v2\/types\/page"}],"author":[{"embeddable":true,"href":"https:\/\/legrandcontinent.eu\/fr\/wp-json\/wp\/v2\/users\/2"}],"replies":[{"embeddable":true,"href":"https:\/\/legrandcontinent.eu\/fr\/wp-json\/wp\/v2\/comments?post=309540"}],"version-history":[{"count":29,"href":"https:\/\/legrandcontinent.eu\/fr\/wp-json\/wp\/v2\/pages\/309540\/revisions"}],"predecessor-version":[{"id":309624,"href":"https:\/\/legrandcontinent.eu\/fr\/wp-json\/wp\/v2\/pages\/309540\/revisions\/309624"}],"wp:attachment":[{"href":"https:\/\/legrandcontinent.eu\/fr\/wp-json\/wp\/v2\/media?parent=309540"}],"wp:term":[{"taxonomy":"category","embeddable":true,"href":"https:\/\/legrandcontinent.eu\/fr\/wp-json\/wp\/v2\/categories?post=309540"}],"curies":[{"name":"wp","href":"https:\/\/api.w.org\/{rel}","templated":true}]}}