{"id":304125,"date":"2025-11-04T13:11:19","date_gmt":"2025-11-04T12:11:19","guid":{"rendered":"https:\/\/legrandcontinent.eu\/fr\/?page_id=304125"},"modified":"2025-12-22T13:11:27","modified_gmt":"2025-12-22T12:11:27","slug":"politiques-de-linterregne","status":"publish","type":"page","link":"https:\/\/legrandcontinent.eu\/fr\/politiques-de-linterregne\/","title":{"rendered":"Politiques de l&rsquo;interr\u00e8gne"},"content":{"rendered":"\n<p>Depuis le 24 mars 2022, le premier num\u00e9ro du Grand Continent papier,\u00a0<em>Politiques de l\u2019interr\u00e8gne<\/em>, paru aux \u00e9ditions Gallimard, est disponible \u00e0 la vente.<\/p>\n","protected":false},"excerpt":{"rendered":"<p>Commandez le nouveau num\u00e9ro papier du Grand Continent chez Gallimard ou cliquez ici pour vous abonner et recevoir l&#8217;int\u00e9gralit\u00e9 de nos produits. Sous la direction de Giuliano da Empoli. Avec les contributions d&#8217;Anu Bradford, Josep Borrell, Julia Cag\u00e9, Javier Cercas, Dipesh Chakrabarty, Pierre Charbonnier, Aude Darnal, Jean-Yves Dormagen, Niall Ferguson, Timothy Garton Ash, Jean-Marc Jancovici, Paul Magnette, Hugo Micheron, Branko Milanovic, Nicholas Mulder, Vladislav Sourkov, Bruno Tertrais, Isabella Weber, Lea Ypi.<\/p>\n","protected":false},"author":47996,"featured_media":304126,"parent":0,"menu_order":0,"comment_status":"closed","ping_status":"closed","template":"templates\/page-product.php","meta":{"_acf_changed":true,"_trash_the_other_posts":false,"_yoast_wpseo_estimated-reading-time-minutes":1,"footnotes":""},"categories":[],"class_list":["post-304125","page","type-page","status-publish","hentry"],"acf":[],"yoast_head":"<!-- This site is optimized with the Yoast SEO plugin v26.1.1 - https:\/\/yoast.com\/wordpress\/plugins\/seo\/ -->\n<title>Politiques de l&#039;interr\u00e8gne | Le Grand Continent<\/title>\n<meta name=\"robots\" content=\"index, follow, max-snippet:-1, max-image-preview:large, max-video-preview:-1\" \/>\n<link rel=\"canonical\" href=\"https:\/\/legrandcontinent.eu\/fr\/politiques-de-linterregne\/\" \/>\n<meta property=\"og:locale\" content=\"fr_FR\" \/>\n<meta property=\"og:type\" content=\"article\" \/>\n<meta property=\"og:title\" content=\"Politiques de l&#039;interr\u00e8gne | Le Grand Continent\" \/>\n<meta property=\"og:description\" content=\"Commandez le nouveau num\u00e9ro papier du Grand Continent chez Gallimard ou cliquez ici pour vous abonner et recevoir l&#8217;int\u00e9gralit\u00e9 de nos produits. Sous la direction de Giuliano da Empoli. Avec les contributions d&#8217;Anu Bradford, Josep Borrell, Julia Cag\u00e9, Javier Cercas, Dipesh Chakrabarty, Pierre Charbonnier, Aude Darnal, Jean-Yves Dormagen, Niall Ferguson, Timothy Garton Ash, Jean-Marc Jancovici, Paul Magnette, Hugo Micheron, Branko Milanovic, Nicholas Mulder, Vladislav Sourkov, Bruno Tertrais, Isabella Weber, Lea Ypi.\" \/>\n<meta property=\"og:url\" content=\"https:\/\/legrandcontinent.eu\/fr\/politiques-de-linterregne\/\" \/>\n<meta property=\"og:site_name\" content=\"Le Grand Continent\" \/>\n<meta property=\"article:modified_time\" content=\"2025-12-22T12:11:27+00:00\" \/>\n<meta property=\"og:image\" content=\"https:\/\/legrandcontinent.eu\/fr\/wp-content\/uploads\/sites\/2\/2025\/11\/politiques-de-l-interregne.png\" \/>\n\t<meta property=\"og:image:width\" content=\"387\" \/>\n\t<meta property=\"og:image:height\" content=\"599\" \/>\n\t<meta property=\"og:image:type\" content=\"image\/png\" \/>\n<meta name=\"twitter:card\" content=\"summary_large_image\" \/>\n<meta name=\"twitter:label1\" content=\"Dur\u00e9e de lecture estim\u00e9e\" \/>\n\t<meta name=\"twitter:data1\" content=\"1 minute\" \/>\n<script type=\"application\/ld+json\" class=\"yoast-schema-graph\">{\"@context\":\"https:\/\/schema.org\",\"@graph\":[{\"@type\":\"WebPage\",\"@id\":\"https:\/\/legrandcontinent.eu\/fr\/politiques-de-linterregne\/\",\"url\":\"https:\/\/legrandcontinent.eu\/fr\/politiques-de-linterregne\/\",\"name\":\"Politiques de l'interr\u00e8gne | Le Grand Continent\",\"isPartOf\":{\"@id\":\"https:\/\/legrandcontinent.eu\/fr\/#website\"},\"primaryImageOfPage\":{\"@id\":\"https:\/\/legrandcontinent.eu\/fr\/politiques-de-linterregne\/#primaryimage\"},\"image\":{\"@id\":\"https:\/\/legrandcontinent.eu\/fr\/politiques-de-linterregne\/#primaryimage\"},\"thumbnailUrl\":\"https:\/\/legrandcontinent.eu\/fr\/wp-content\/uploads\/sites\/2\/2025\/11\/politiques-de-l-interregne.png\",\"datePublished\":\"2025-11-04T12:11:19+00:00\",\"dateModified\":\"2025-12-22T12:11:27+00:00\",\"breadcrumb\":{\"@id\":\"https:\/\/legrandcontinent.eu\/fr\/politiques-de-linterregne\/#breadcrumb\"},\"inLanguage\":\"fr-FR\",\"potentialAction\":[{\"@type\":\"ReadAction\",\"target\":[\"https:\/\/legrandcontinent.eu\/fr\/politiques-de-linterregne\/\"]}]},{\"@type\":\"ImageObject\",\"inLanguage\":\"fr-FR\",\"@id\":\"https:\/\/legrandcontinent.eu\/fr\/politiques-de-linterregne\/#primaryimage\",\"url\":\"https:\/\/legrandcontinent.eu\/fr\/wp-content\/uploads\/sites\/2\/2025\/11\/politiques-de-l-interregne.png\",\"contentUrl\":\"https:\/\/legrandcontinent.eu\/fr\/wp-content\/uploads\/sites\/2\/2025\/11\/politiques-de-l-interregne.png\",\"width\":387,\"height\":599},{\"@type\":\"BreadcrumbList\",\"@id\":\"https:\/\/legrandcontinent.eu\/fr\/politiques-de-linterregne\/#breadcrumb\",\"itemListElement\":[{\"@type\":\"ListItem\",\"position\":1,\"name\":\"Accueil\",\"item\":\"https:\/\/legrandcontinent.eu\/fr\/\"},{\"@type\":\"ListItem\",\"position\":2,\"name\":\"Politiques de l&#8217;interr\u00e8gne\"}]},{\"@type\":\"WebSite\",\"@id\":\"https:\/\/legrandcontinent.eu\/fr\/#website\",\"url\":\"https:\/\/legrandcontinent.eu\/fr\/\",\"name\":\"Le Grand Continent\",\"description\":\"L&#039;\u00e9chelle pertinente\",\"potentialAction\":[{\"@type\":\"SearchAction\",\"target\":{\"@type\":\"EntryPoint\",\"urlTemplate\":\"https:\/\/legrandcontinent.eu\/fr\/?s={search_term_string}\"},\"query-input\":{\"@type\":\"PropertyValueSpecification\",\"valueRequired\":true,\"valueName\":\"search_term_string\"}}],\"inLanguage\":\"fr-FR\"}]}<\/script>\n<!-- \/ Yoast SEO plugin. -->","yoast_head_json":{"title":"Politiques de l'interr\u00e8gne | Le Grand Continent","robots":{"index":"index","follow":"follow","max-snippet":"max-snippet:-1","max-image-preview":"max-image-preview:large","max-video-preview":"max-video-preview:-1"},"canonical":"https:\/\/legrandcontinent.eu\/fr\/politiques-de-linterregne\/","og_locale":"fr_FR","og_type":"article","og_title":"Politiques de l'interr\u00e8gne | Le Grand Continent","og_description":"Commandez le nouveau num\u00e9ro papier du Grand Continent chez Gallimard ou cliquez ici pour vous abonner et recevoir l&#8217;int\u00e9gralit\u00e9 de nos produits. Sous la direction de Giuliano da Empoli. Avec les contributions d&#8217;Anu Bradford, Josep Borrell, Julia Cag\u00e9, Javier Cercas, Dipesh Chakrabarty, Pierre Charbonnier, Aude Darnal, Jean-Yves Dormagen, Niall Ferguson, Timothy Garton Ash, Jean-Marc Jancovici, Paul Magnette, Hugo Micheron, Branko Milanovic, Nicholas Mulder, Vladislav Sourkov, Bruno Tertrais, Isabella Weber, Lea Ypi.","og_url":"https:\/\/legrandcontinent.eu\/fr\/politiques-de-linterregne\/","og_site_name":"Le Grand Continent","article_modified_time":"2025-12-22T12:11:27+00:00","og_image":[{"width":387,"height":599,"url":"https:\/\/legrandcontinent.eu\/fr\/wp-content\/uploads\/sites\/2\/2025\/11\/politiques-de-l-interregne.png","type":"image\/png"}],"twitter_card":"summary_large_image","twitter_misc":{"Dur\u00e9e de lecture estim\u00e9e":"1 minute"},"schema":{"@context":"https:\/\/schema.org","@graph":[{"@type":"WebPage","@id":"https:\/\/legrandcontinent.eu\/fr\/politiques-de-linterregne\/","url":"https:\/\/legrandcontinent.eu\/fr\/politiques-de-linterregne\/","name":"Politiques de l'interr\u00e8gne | Le Grand Continent","isPartOf":{"@id":"https:\/\/legrandcontinent.eu\/fr\/#website"},"primaryImageOfPage":{"@id":"https:\/\/legrandcontinent.eu\/fr\/politiques-de-linterregne\/#primaryimage"},"image":{"@id":"https:\/\/legrandcontinent.eu\/fr\/politiques-de-linterregne\/#primaryimage"},"thumbnailUrl":"https:\/\/legrandcontinent.eu\/fr\/wp-content\/uploads\/sites\/2\/2025\/11\/politiques-de-l-interregne.png","datePublished":"2025-11-04T12:11:19+00:00","dateModified":"2025-12-22T12:11:27+00:00","breadcrumb":{"@id":"https:\/\/legrandcontinent.eu\/fr\/politiques-de-linterregne\/#breadcrumb"},"inLanguage":"fr-FR","potentialAction":[{"@type":"ReadAction","target":["https:\/\/legrandcontinent.eu\/fr\/politiques-de-linterregne\/"]}]},{"@type":"ImageObject","inLanguage":"fr-FR","@id":"https:\/\/legrandcontinent.eu\/fr\/politiques-de-linterregne\/#primaryimage","url":"https:\/\/legrandcontinent.eu\/fr\/wp-content\/uploads\/sites\/2\/2025\/11\/politiques-de-l-interregne.png","contentUrl":"https:\/\/legrandcontinent.eu\/fr\/wp-content\/uploads\/sites\/2\/2025\/11\/politiques-de-l-interregne.png","width":387,"height":599},{"@type":"BreadcrumbList","@id":"https:\/\/legrandcontinent.eu\/fr\/politiques-de-linterregne\/#breadcrumb","itemListElement":[{"@type":"ListItem","position":1,"name":"Accueil","item":"https:\/\/legrandcontinent.eu\/fr\/"},{"@type":"ListItem","position":2,"name":"Politiques de l&#8217;interr\u00e8gne"}]},{"@type":"WebSite","@id":"https:\/\/legrandcontinent.eu\/fr\/#website","url":"https:\/\/legrandcontinent.eu\/fr\/","name":"Le Grand Continent","description":"L&#039;\u00e9chelle pertinente","potentialAction":[{"@type":"SearchAction","target":{"@type":"EntryPoint","urlTemplate":"https:\/\/legrandcontinent.eu\/fr\/?s={search_term_string}"},"query-input":{"@type":"PropertyValueSpecification","valueRequired":true,"valueName":"search_term_string"}}],"inLanguage":"fr-FR"}]}},"_links":{"self":[{"href":"https:\/\/legrandcontinent.eu\/fr\/wp-json\/wp\/v2\/pages\/304125","targetHints":{"allow":["GET"]}}],"collection":[{"href":"https:\/\/legrandcontinent.eu\/fr\/wp-json\/wp\/v2\/pages"}],"about":[{"href":"https:\/\/legrandcontinent.eu\/fr\/wp-json\/wp\/v2\/types\/page"}],"author":[{"embeddable":true,"href":"https:\/\/legrandcontinent.eu\/fr\/wp-json\/wp\/v2\/users\/47996"}],"replies":[{"embeddable":true,"href":"https:\/\/legrandcontinent.eu\/fr\/wp-json\/wp\/v2\/comments?post=304125"}],"version-history":[{"count":7,"href":"https:\/\/legrandcontinent.eu\/fr\/wp-json\/wp\/v2\/pages\/304125\/revisions"}],"predecessor-version":[{"id":309536,"href":"https:\/\/legrandcontinent.eu\/fr\/wp-json\/wp\/v2\/pages\/304125\/revisions\/309536"}],"wp:featuredmedia":[{"embeddable":true,"href":"https:\/\/legrandcontinent.eu\/fr\/wp-json\/wp\/v2\/media\/304126"}],"wp:attachment":[{"href":"https:\/\/legrandcontinent.eu\/fr\/wp-json\/wp\/v2\/media?parent=304125"}],"wp:term":[{"taxonomy":"category","embeddable":true,"href":"https:\/\/legrandcontinent.eu\/fr\/wp-json\/wp\/v2\/categories?post=304125"}],"curies":[{"name":"wp","href":"https:\/\/api.w.org\/{rel}","templated":true}]}}