{"id":274689,"date":"2025-04-25T16:40:18","date_gmt":"2025-04-25T14:40:18","guid":{"rendered":"https:\/\/legrandcontinent.eu\/fr\/?page_id=274689"},"modified":"2025-04-25T16:40:20","modified_gmt":"2025-04-25T14:40:20","slug":"observatoire-du-conclave-methodologie","status":"publish","type":"page","link":"https:\/\/legrandcontinent.eu\/fr\/observatoire-du-conclave-methodologie\/","title":{"rendered":"Observatoire du Conclave. M\u00e9thodologie"},"content":{"rendered":"\n<p>L\u2019\u00c9glise catholique \u00e9tant un corps \u00e0 la tradition unanimiste, ses hi\u00e9rarques n\u2019ont pas de tendance politique clairement affich\u00e9e&#160;: il n\u2019y a en elle ni majorit\u00e9 ni opposition.<\/p>\n\n\n\n<p>Malgr\u00e9 tout, il est possible de d\u00e9celer des indices de positionnement selon une grille pertinente depuis le concile Vatican II (1962-1965), qui oppose les tenants progressistes d\u2019une plus grande ouverture de l&rsquo;\u00c9glise au monde et de r\u00e9formes d\u2019ampleur, et des conservateurs partisans de r\u00e9formes mesur\u00e9es, du maintien de l\u2019int\u00e9gralit\u00e9 de la doctrine, et de l\u2019application rigoureuse de l\u2019ancienne discipline eccl\u00e9siastique, m\u00eame quand elle semble en contradiction avec certaines valeurs des soci\u00e9t\u00e9s d\u00e9mocratiques.<\/p>\n\n\n\n<p>Les cardinaux \u00e9lecteurs peuvent \u00e9galement \u00eatre class\u00e9s selon une seconde grille, qui \u00e9value cette fois leur proximit\u00e9 avec le pouvoir central de l&rsquo;\u00c9glise, ou au contraire leur marginalit\u00e9.<\/p>\n\n\n\n<p>Nous avons donc cherch\u00e9 \u00e0 positionner les cardinaux sur ce double axe.<\/p>\n","protected":false},"excerpt":{"rendered":"<p>L\u2019\u00c9glise catholique \u00e9tant un corps \u00e0 la tradition unanimiste, ses hi\u00e9rarques n\u2019ont pas de tendance politique clairement affich\u00e9e&#160;&#160;&#160;: il n\u2019y a en elle ni majorit\u00e9 ni opposition. Malgr\u00e9 tout, il est possible de d\u00e9celer des indices de positionnement selon une grille pertinente depuis le concile Vatican II (1962-1965), qui oppose les tenants progressistes d\u2019une plus [&hellip;]<\/p>\n","protected":false},"author":10,"featured_media":0,"parent":0,"menu_order":0,"comment_status":"closed","ping_status":"closed","template":"templates\/page-info-observatory.php","meta":{"_acf_changed":false,"_trash_the_other_posts":false,"_yoast_wpseo_estimated-reading-time-minutes":0,"footnotes":""},"categories":[],"class_list":["post-274689","page","type-page","status-publish","hentry"],"acf":[],"yoast_head":"<!-- This site is optimized with the Yoast SEO plugin v26.1.1 - https:\/\/yoast.com\/wordpress\/plugins\/seo\/ -->\n<title>Observatoire du Conclave. M\u00e9thodologie | Le Grand Continent<\/title>\n<meta name=\"robots\" content=\"index, follow, max-snippet:-1, max-image-preview:large, max-video-preview:-1\" \/>\n<link rel=\"canonical\" href=\"https:\/\/legrandcontinent.eu\/fr\/observatoire-du-conclave-methodologie\/\" \/>\n<meta property=\"og:locale\" content=\"fr_FR\" \/>\n<meta property=\"og:type\" content=\"article\" \/>\n<meta property=\"og:title\" content=\"Observatoire du Conclave. M\u00e9thodologie | Le Grand Continent\" \/>\n<meta property=\"og:description\" content=\"L\u2019\u00c9glise catholique \u00e9tant un corps \u00e0 la tradition unanimiste, ses hi\u00e9rarques n\u2019ont pas de tendance politique clairement affich\u00e9e&#160;&#160;: il n\u2019y a en elle ni majorit\u00e9 ni opposition. Malgr\u00e9 tout, il est possible de d\u00e9celer des indices de positionnement selon une grille pertinente depuis le concile Vatican II (1962-1965), qui oppose les tenants progressistes d\u2019une plus [&hellip;]\" \/>\n<meta property=\"og:url\" content=\"https:\/\/legrandcontinent.eu\/fr\/observatoire-du-conclave-methodologie\/\" \/>\n<meta property=\"og:site_name\" content=\"Le Grand Continent\" \/>\n<meta property=\"article:modified_time\" content=\"2025-04-25T14:40:20+00:00\" \/>\n<meta name=\"twitter:card\" content=\"summary_large_image\" \/>\n<script type=\"application\/ld+json\" class=\"yoast-schema-graph\">{\"@context\":\"https:\/\/schema.org\",\"@graph\":[{\"@type\":\"WebPage\",\"@id\":\"https:\/\/legrandcontinent.eu\/fr\/observatoire-du-conclave-methodologie\/\",\"url\":\"https:\/\/legrandcontinent.eu\/fr\/observatoire-du-conclave-methodologie\/\",\"name\":\"Observatoire du Conclave. M\u00e9thodologie | Le Grand Continent\",\"isPartOf\":{\"@id\":\"https:\/\/legrandcontinent.eu\/fr\/#website\"},\"datePublished\":\"2025-04-25T14:40:18+00:00\",\"dateModified\":\"2025-04-25T14:40:20+00:00\",\"breadcrumb\":{\"@id\":\"https:\/\/legrandcontinent.eu\/fr\/observatoire-du-conclave-methodologie\/#breadcrumb\"},\"inLanguage\":\"fr-FR\",\"potentialAction\":[{\"@type\":\"ReadAction\",\"target\":[\"https:\/\/legrandcontinent.eu\/fr\/observatoire-du-conclave-methodologie\/\"]}]},{\"@type\":\"BreadcrumbList\",\"@id\":\"https:\/\/legrandcontinent.eu\/fr\/observatoire-du-conclave-methodologie\/#breadcrumb\",\"itemListElement\":[{\"@type\":\"ListItem\",\"position\":1,\"name\":\"Accueil\",\"item\":\"https:\/\/legrandcontinent.eu\/fr\/\"},{\"@type\":\"ListItem\",\"position\":2,\"name\":\"Observatoire du Conclave. M\u00e9thodologie\"}]},{\"@type\":\"WebSite\",\"@id\":\"https:\/\/legrandcontinent.eu\/fr\/#website\",\"url\":\"https:\/\/legrandcontinent.eu\/fr\/\",\"name\":\"Le Grand Continent\",\"description\":\"L&#039;\u00e9chelle pertinente\",\"potentialAction\":[{\"@type\":\"SearchAction\",\"target\":{\"@type\":\"EntryPoint\",\"urlTemplate\":\"https:\/\/legrandcontinent.eu\/fr\/?s={search_term_string}\"},\"query-input\":{\"@type\":\"PropertyValueSpecification\",\"valueRequired\":true,\"valueName\":\"search_term_string\"}}],\"inLanguage\":\"fr-FR\"}]}<\/script>\n<!-- \/ Yoast SEO plugin. -->","yoast_head_json":{"title":"Observatoire du Conclave. M\u00e9thodologie | Le Grand Continent","robots":{"index":"index","follow":"follow","max-snippet":"max-snippet:-1","max-image-preview":"max-image-preview:large","max-video-preview":"max-video-preview:-1"},"canonical":"https:\/\/legrandcontinent.eu\/fr\/observatoire-du-conclave-methodologie\/","og_locale":"fr_FR","og_type":"article","og_title":"Observatoire du Conclave. M\u00e9thodologie | Le Grand Continent","og_description":"L\u2019\u00c9glise catholique \u00e9tant un corps \u00e0 la tradition unanimiste, ses hi\u00e9rarques n\u2019ont pas de tendance politique clairement affich\u00e9e&#160;&#160;: il n\u2019y a en elle ni majorit\u00e9 ni opposition. Malgr\u00e9 tout, il est possible de d\u00e9celer des indices de positionnement selon une grille pertinente depuis le concile Vatican II (1962-1965), qui oppose les tenants progressistes d\u2019une plus [&hellip;]","og_url":"https:\/\/legrandcontinent.eu\/fr\/observatoire-du-conclave-methodologie\/","og_site_name":"Le Grand Continent","article_modified_time":"2025-04-25T14:40:20+00:00","twitter_card":"summary_large_image","schema":{"@context":"https:\/\/schema.org","@graph":[{"@type":"WebPage","@id":"https:\/\/legrandcontinent.eu\/fr\/observatoire-du-conclave-methodologie\/","url":"https:\/\/legrandcontinent.eu\/fr\/observatoire-du-conclave-methodologie\/","name":"Observatoire du Conclave. M\u00e9thodologie | Le Grand Continent","isPartOf":{"@id":"https:\/\/legrandcontinent.eu\/fr\/#website"},"datePublished":"2025-04-25T14:40:18+00:00","dateModified":"2025-04-25T14:40:20+00:00","breadcrumb":{"@id":"https:\/\/legrandcontinent.eu\/fr\/observatoire-du-conclave-methodologie\/#breadcrumb"},"inLanguage":"fr-FR","potentialAction":[{"@type":"ReadAction","target":["https:\/\/legrandcontinent.eu\/fr\/observatoire-du-conclave-methodologie\/"]}]},{"@type":"BreadcrumbList","@id":"https:\/\/legrandcontinent.eu\/fr\/observatoire-du-conclave-methodologie\/#breadcrumb","itemListElement":[{"@type":"ListItem","position":1,"name":"Accueil","item":"https:\/\/legrandcontinent.eu\/fr\/"},{"@type":"ListItem","position":2,"name":"Observatoire du Conclave. M\u00e9thodologie"}]},{"@type":"WebSite","@id":"https:\/\/legrandcontinent.eu\/fr\/#website","url":"https:\/\/legrandcontinent.eu\/fr\/","name":"Le Grand Continent","description":"L&#039;\u00e9chelle pertinente","potentialAction":[{"@type":"SearchAction","target":{"@type":"EntryPoint","urlTemplate":"https:\/\/legrandcontinent.eu\/fr\/?s={search_term_string}"},"query-input":{"@type":"PropertyValueSpecification","valueRequired":true,"valueName":"search_term_string"}}],"inLanguage":"fr-FR"}]}},"_links":{"self":[{"href":"https:\/\/legrandcontinent.eu\/fr\/wp-json\/wp\/v2\/pages\/274689","targetHints":{"allow":["GET"]}}],"collection":[{"href":"https:\/\/legrandcontinent.eu\/fr\/wp-json\/wp\/v2\/pages"}],"about":[{"href":"https:\/\/legrandcontinent.eu\/fr\/wp-json\/wp\/v2\/types\/page"}],"author":[{"embeddable":true,"href":"https:\/\/legrandcontinent.eu\/fr\/wp-json\/wp\/v2\/users\/10"}],"replies":[{"embeddable":true,"href":"https:\/\/legrandcontinent.eu\/fr\/wp-json\/wp\/v2\/comments?post=274689"}],"version-history":[{"count":0,"href":"https:\/\/legrandcontinent.eu\/fr\/wp-json\/wp\/v2\/pages\/274689\/revisions"}],"wp:attachment":[{"href":"https:\/\/legrandcontinent.eu\/fr\/wp-json\/wp\/v2\/media?parent=274689"}],"wp:term":[{"taxonomy":"category","embeddable":true,"href":"https:\/\/legrandcontinent.eu\/fr\/wp-json\/wp\/v2\/categories?post=274689"}],"curies":[{"name":"wp","href":"https:\/\/api.w.org\/{rel}","templated":true}]}}