{"id":231319,"date":"2024-06-07T13:16:02","date_gmt":"2024-06-07T11:16:02","guid":{"rendered":"https:\/\/legrandcontinent.eu\/fr\/?page_id=231319"},"modified":"2024-09-10T16:55:38","modified_gmt":"2024-09-10T14:55:38","slug":"methodologie","status":"publish","type":"page","link":"https:\/\/legrandcontinent.eu\/fr\/methodologie\/","title":{"rendered":"Observatoire \u00e9lectoral du Grand Continent. M\u00e9thodologie"},"content":{"rendered":"\n<p>L\u2019Observatoire \u00e9lectoral du Grand Continent est un nouveau projet structurant du <a href=\"https:\/\/geopolitique.eu\/\">Groupe d\u2019\u00e9tudes g\u00e9opolitiques\u00a0<\/a>\u2014 le centre de recherche strat\u00e9gique domicili\u00e9 \u00e0 l\u2019\u00c9cole normale sup\u00e9rieure qui \u00e9dite le Grand Continent \u2014 et de sa revue scientifique, <a href=\"https:\/\/geopolitique.eu\/revues\/bulletin-des-elections-de-lunion-europeenne\/\">BLUE (Bulletin des \u00e9lections de l\u2019Union europ\u00e9enne)<\/a>, qui documente depuis 2021 l\u2019ensemble des \u00e9lections dans l\u2019Union europ\u00e9enne.<\/p>\n\n\n\n<p>Notre objectif&#160;: explorer en profondeur et d\u2019une mani\u00e8re interdisciplinaire, multiscalaire et plurilingue les transformations de la d\u00e9mocratie europ\u00e9enne, en \u00e9tudiant une tendance tectonique \u2013 l\u2019europ\u00e9anisation de la politique.&nbsp;<\/p>\n\n\n\n<p>Avec plus de 2,3 millions de <em>data points<\/em> et plus de 750 graphiques, cartes et tableaux, <a href=\"https:\/\/legrandcontinent.eu\/fr\/elections\/\">L\u2019Observatoire \u00e9lectoral du Grand Continent<\/a> propose la premi\u00e8re plateforme mise \u00e0 jour quotidiennement agr\u00e9geant l\u2019ensemble des sondages pertinents au niveau national, analysant et repr\u00e9sentant les r\u00e9sultats \u00e9lectoraux de l\u2019\u00e9chelle municipale \u00e0 celle continentale, publiant des analyses fouill\u00e9es, des entretiens doctrines et de la cartographie dans un m\u00eame espace.&nbsp;<\/p>\n\n\n\n<p>Afin de couvrir l\u2019\u00e9lection europ\u00e9enne du 6-9 juin 2024, nous publions une version beta de l\u2019Observatoire.<\/p>\n\n\n\n<ul class=\"wp-block-list\">\n<li>Pour signaler une coquille ou une erreur, vous pouvez \u00e9crire \u00e0 contact[at]legrandcontinent.eu<\/li>\n\n\n\n<li>Si vous souhaitez soutenir ce nouveau projet vous pouvez vous abonner \u00e0 la revue ou faire un don (d\u00e9fiscalis\u00e9) au Groupe d\u2019\u00e9tudes g\u00e9opolitiques&nbsp;<\/li>\n<\/ul>\n\n\n\n<p><strong>Prochaine mise \u00e0 jour <\/strong><\/p>\n\n\n\n<p>La prochaine version de l\u2019Observatoire sera publi\u00e9e d\u00e8s le lundi 10 juin avec plusieurs am\u00e9liorations et nouveaut\u00e9s&#160;: une version int\u00e9grale en espagnol, ainsi que l\u2019ajout des donn\u00e9es en lien avec les \u00e9lections europ\u00e9ennes.<\/p>\n\n\n\n<p><strong>\u00c9l\u00e9ments sur notre traitement des r\u00e9sultats \u00e9lectoraux nationaux et r\u00e9gionaux<\/strong><\/p>\n\n\n\n<p>L\u2019Observatoire \u00e9lectoral du Grand Continent rend compte des r\u00e9sultats des \u00e9lections nationales et r\u00e9gionales au sein des 27 \u00c9tats-membres de l\u2019Union europ\u00e9enne.&nbsp;<\/p>\n\n\n\n<p>D\u00e8s qu\u2019ils sont disponibles \u2013 et avec des d\u00e9lais qui d\u00e9pendent des processus de publications de chaque administration \u2013 les r\u00e9sultats des \u00e9lections \u00e0 l\u2019\u00e9chelle locale sont collect\u00e9s et int\u00e9gr\u00e9s dans notre base de donn\u00e9es. Ces r\u00e9sultats granulaires permettent d\u2019appr\u00e9hender le fait politique europ\u00e9en et ses variations spatiales comme temporelles.&nbsp;<\/p>\n\n\n\n<p>Pour simplifier la lecture, les partis nationaux sont class\u00e9s selon leur groupe au Parlement europ\u00e9en, ou, \u00e0 d\u00e9faut, selon le parti europ\u00e9en dont ils font partie ou le groupe qu\u2019ils ont d\u00e9clar\u00e9 souhaiter rejoindre.&nbsp;<\/p>\n\n\n\n<p>Ces groupes sont aujourd\u2019hui au nombre de sept&#160;:&nbsp;<\/p>\n\n\n\n<ul class=\"wp-block-list\">\n<li>Le groupe de gauche radicale GUE\/NGL<\/li>\n\n\n\n<li>Le groupe des Verts et des r\u00e9gionalistes Verts\/ALE<\/li>\n\n\n\n<li>Le groupe lib\u00e9ral-centriste Renew Europe (RE)<\/li>\n\n\n\n<li>Le groupe de centre-droit du Parti populaire europ\u00e9en (PPE)<\/li>\n\n\n\n<li>Le groupe de droite national-conservatrice des Conservateurs et r\u00e9formistes europ\u00e9ens (CRE)&nbsp;<\/li>\n\n\n\n<li>Le groupe d\u2019extr\u00eame droite identitaire Identit\u00e9 et d\u00e9mocratie (ID).&nbsp;<\/li>\n<\/ul>\n\n\n\n<p>Un code couleur similaire \u00e0 celui employ\u00e9 par le Parlement europ\u00e9en est utilis\u00e9 pour rep\u00e9rer ces partis.<\/p>\n\n\n\n<ul class=\"wp-block-list\">\n<li>GUE\/NGL&#160;:&nbsp;#990001 <span style=\"width: 16px;height: 16px;background-color: #990001;border-radius: 14px;margin-left: 3px\"><\/span><\/li>\n\n\n\n<li>Verts\/ALE&#160;:&nbsp;#009900 <span style=\"width: 16px;height: 16px;background-color: #009900;border-radius: 14px;margin-left: 3px\"><\/span><\/li>\n\n\n\n<li>S&amp;D&#160;:&nbsp;#FF0000 <span style=\"width: 16px;height: 16px;background-color: #FF0000;border-radius: 14px;margin-left: 3px\"><\/span><\/li>\n\n\n\n<li>RE&#160;:&nbsp;#FFD601 <span style=\"width: 16px;height: 16px;background-color: #FFD601;border-radius: 14px;margin-left: 3px\"><\/span><\/li>\n\n\n\n<li>PPE&#160;:&nbsp;#3F7EB7 <span style=\"width: 16px;height: 16px;background-color: #3F7EB7;border-radius: 14px;margin-left: 3px\"><\/span><\/li>\n\n\n\n<li>CRE&#160;:&nbsp;#2B3856 <span style=\"width: 16px;height: 16px;background-color: #2B3856;border-radius: 14px;margin-left: 3px\"><\/span><\/li>\n\n\n\n<li>ID&#160;:&nbsp;#000000 <span style=\"width: 16px;height: 16px;background-color: #000000;border-radius: 14px;margin-left: 3px\"><\/span><\/li>\n\n\n\n<li>Divers&#160;:&nbsp;#CCCCCC <span style=\"width: 16px;height: 16px;background-color: #CCCCCC;border-radius: 14px;margin-left: 3px\"><\/span><\/li>\n\n\n\n<li>Autres&#160;: EXD&#160;:&nbsp;#654321 <span style=\"width: 16px;height: 16px;background-color: #654321;border-radius: 14px;margin-left: 3px\"><\/span><\/li>\n\n\n\n<li>Autres&#160;: Gauche \/ EXG&#160;:&nbsp;#470400&nbsp; <span style=\"width: 16px;height: 16px;background-color: #470400;border-radius: 14px;margin-left: 3px\"><\/span><\/li>\n<\/ul>\n\n\n\n<p>Lorsque des partis sont proches d\u2019un groupe (volont\u00e9 d\u2019adh\u00e9rer ou proximit\u00e9 id\u00e9ologique forte), une notation avec tilde (par exemple ~RE) est utilis\u00e9e.<\/p>\n\n\n\n<p>Certaines coalitions de partis appartenant \u00e0 des groupes diff\u00e9rents sont associ\u00e9s \u00e0 une combinaison de ces groupes (par exemple PPE-RE pour une coalition de partis appartenant au Parti populaire europ\u00e9en et \u00e0 Renew Europe). Dans ce cas, le code couleur employ\u00e9 est celui de la formation la plus importante au parlement national ou r\u00e9gional du territoire concern\u00e9.<\/p>\n\n\n\n<p><strong>Comment traite-t-on les r\u00e9sultats \u00e9lectoraux europ\u00e9ens&#160;?<\/strong><\/p>\n\n\n\n<p>Les r\u00e9sultats des \u00e9lections au Parlement europ\u00e9en sont pr\u00e9sent\u00e9s sur une carte et un jeu de donn\u00e9es exclusifs produits par BLUE. Le jeu de donn\u00e9es BLUE couvre \u00e0 ce stade les \u00e9lections de 2019 et sera mis \u00e0 jour progressivement lors de la publication des r\u00e9sultats du scrutin de 2024.&nbsp;<\/p>\n\n\n\n<p>Il s\u2019agit du premier jeu de donn\u00e9es publi\u00e9 qui r\u00e9pertorie l\u2019ensemble des r\u00e9sultats d\u2019\u00e9lections europ\u00e9ennes \u00e0 l\u2019\u00e9chelle communale. Pour quelques \u00c9tats (Irlande, Malte, Slov\u00e9nie), les donn\u00e9es ne sont pas communiqu\u00e9es \u00e0 l\u2019\u00e9chelle communale et sont donc report\u00e9es \u00e0 l\u2019\u00e9chelle la plus fine disponible, celle des circonscriptions \u00e9lectorales.<\/p>\n\n\n\n<p>Notre carte, qui couvre l\u2019Union europ\u00e9enne \u2015 y compris ses r\u00e9gions ultrap\u00e9riph\u00e9riques (RUP) et ses pays et territoires d\u2019outre-mer (PTOM) \u2015, permet d\u2019explorer les r\u00e9sultats du scrutin \u00e0 toutes les \u00e9chelles et de consulter \u00e0 la fois les r\u00e9sultats des groupes europ\u00e9ens et des partis nationaux ou r\u00e9gionaux. Comme pour les autres scrutins, la classification des partis s\u2019effectue en fonction de l\u2019appartenance \u00e0 un groupe europ\u00e9en.&nbsp;<\/p>\n\n\n\n<p>Pour chaque scrutin europ\u00e9en nous recensons et agr\u00e9geons plus de 500 partis, 90 000 territoires et 1,4 million de r\u00e9sultats \u00e0 l\u2019\u00e9chelle locale ou r\u00e9gionale qui sont recueillis dans nos bases de donn\u00e9es.<\/p>\n\n\n\n<p><strong>Comment traite-t-on les sondages nationaux&#160;?<\/strong><\/p>\n\n\n\n<p>L\u2019Observatoire \u00e9lectoral du Grand Continent propose une agr\u00e9gation des sondages nationaux dans les 27 \u00c9tats-membres de l\u2019Union europ\u00e9enne depuis d\u00e9but 2021. Seuls les sondages pour les \u00e9lections l\u00e9gislatives sont collect\u00e9s. Les r\u00e9sultats des sondages sont ensuite liss\u00e9s par moyenne glissante sur 60 jours.<\/p>\n\n\n\n<p><span style=\"font-weight: 400\">La moyenne glissante est une technique courante pour lisser une s&eacute;rie temporelle, ce qui permet de r&eacute;duire la variabilit&eacute; et de r&eacute;v&eacute;ler les tendances sous-jacentes. Pour une s&eacute;rie d&rsquo;observations <\/span><em><span style=\"font-weight: 400\">x<\/span><sub><span style=\"font-weight: 400\">i<\/span><\/sub><\/em><span style=\"font-weight: 400\"> observ&eacute;e aux temps <\/span><em><span style=\"font-weight: 400\">t<\/span><sub><span style=\"font-weight: 400\">i<\/span><\/sub><\/em><span style=\"font-weight: 400\">, on calcule&#160;:<\/span><\/p>\n\n\n\n\n\n<figure class=\"wp-block-image wp-block-image-medium\"\n    data-shadow=\"false\"\n    data-use-original-file=\"false\">\n    <a\n        data-pswp-src=\"https:\/\/legrandcontinent.eu\/fr\/wp-content\/uploads\/sites\/2\/2024\/06\/formule.png\"\n        class=\"inline-block gallery-item no-underline \"\n        data-pswp-width=\"335\"\n        data-pswp-height=\"172\">\n                                        <picture>\r\n                    <source\r\n                srcset=\"https:\/\/legrandcontinent.eu\/fr\/wp-content\/uploads\/sites\/2\/2024\/06\/formule-330x169.png\"\r\n                media=\"(max-width:  374px)\" \/>\r\n                    <source\r\n                srcset=\"https:\/\/legrandcontinent.eu\/fr\/wp-content\/uploads\/sites\/2\/2024\/06\/formule.png\"\r\n                media=\"(max-width:  989px)\" \/>\r\n                    <source\r\n                srcset=\"https:\/\/legrandcontinent.eu\/fr\/wp-content\/uploads\/sites\/2\/2024\/06\/formule.png\"\r\n                media=\"(max-width: 1319px)\" \/>\r\n                    <source\r\n                srcset=\"https:\/\/legrandcontinent.eu\/fr\/wp-content\/uploads\/sites\/2\/2024\/06\/formule.png\"\r\n                media=\"(max-width: 1599px)\" \/>\r\n                    <source\r\n                srcset=\"https:\/\/legrandcontinent.eu\/fr\/wp-content\/uploads\/sites\/2\/2024\/06\/formule.png\"\r\n                media=\"(min-width: 1600px)\" \/>\r\n                <img decoding=\"async\" src=\"https:\/\/legrandcontinent.eu\/fr\/wp-content\/uploads\/sites\/2\/2024\/06\/formule-125x64.png\" \/>\r\n        <\/picture>\r\n                            \n            <\/a>\n<\/figure>\n\n\n<p><strong>Comment traite-t-on les sondages europ\u00e9ens et les projections&#160;?<\/strong><\/p>\n\n\n\n<p>\u00c0 l\u2019occasion des \u00e9lections europ\u00e9ennes, l\u2019Observatoire \u00e9lectoral du Grand Continent vous propose une projection des r\u00e9sultats du scrutin s\u2019appuyant sur les sondages r\u00e9alis\u00e9s dans les \u00c9tats-membres pour les \u00e9lections europ\u00e9ennes.<\/p>\n\n\n\n<p>Sauf lorsque aucun sondage de ce type n\u2019a \u00e9t\u00e9 r\u00e9alis\u00e9, notre projection s\u2019appuie exclusivement sur les sondages portant sp\u00e9cifiquement sur le scrutin europ\u00e9en. La m\u00e9thode employ\u00e9e est la suivante&#160;:<\/p>\n\n\n\n<ul class=\"wp-block-list\">\n<li>Les pr\u00e8s de 300 partis sond\u00e9s dans les \u00c9tats-membres sont identifi\u00e9s et classifi\u00e9s selon leur appartenance \u00e0 un groupe europ\u00e9en.<\/li>\n<\/ul>\n\n\n\n<ul class=\"-mt-4 -mb-4\"><li>Pour chaque &Eacute;tat ou circonscription pour lequel des sondages sont disponibles, un mod&egrave;le de r&eacute;gression est utilis&eacute; pour estimer le score de chaque parti &agrave; la date du vote. On estime d&rsquo;abord&nbsp;x(t)=&beta;<sub>0<\/sub>+&beta;<sub>1<\/sub>&bull;t et on utilise ensuite &gt;&beta;<sub>0<\/sub>+&beta;<sub>1<\/sub>&bull;<\/span>t<sub>scrutin<\/sub> comme valeur estim&eacute;e du score du parti au jour du vote. Lorsque seuls des sondages datant de plus d&rsquo;un mois avant le vote sont disponibles, cette m&eacute;thode n&rsquo;est plus utilisable et une moyenne des r&eacute;sultats les plus r&eacute;cents est utilis&eacute;e.<\/li><\/ul>\n\n\n\n<ul class=\"wp-block-list\">\n<li>Le nombre de si\u00e8ges correspondant \u00e0 la part des voix de chaque parti est calcul\u00e9 en utilisant les m\u00e9thodes prescrites par les droits \u00e9lectoraux nationaux (m\u00e9thodes d\u2019Hondt, Hare, Saint-Lagu\u00eb ou Droop, avec diff\u00e9rents seuils \u00e9lectoraux). Pour les \u00c9tats (Malte et l\u2019Irlande) utilisant le vote unique transf\u00e9rable, une simulation exacte du r\u00e9sultat du vote n\u2019est pas possible \u00e0 partir des r\u00e9sultats agr\u00e9g\u00e9s. Un algorithme similaire \u00e0 celui d\u2019Hondt est alors utilis\u00e9.<\/li>\n\n\n\n<li>Les si\u00e8ges obtenus par des coalitions de plusieurs partis appartenant \u00e0 des groupes europ\u00e9ens diff\u00e9rents sont r\u00e9partis entre ces partis au prorata de leur pr\u00e9sence dans les parlements nationaux, pour refl\u00e9ter les \u00e9quilibres internes aux coalitions.<\/li>\n\n\n\n<li>Les r\u00e9sultats des partis sont agr\u00e9g\u00e9s par groupe europ\u00e9en. Les partis n\u2019appartenant \u00e0 aucun groupe et n\u2019ayant pas d\u00e9clar\u00e9 leur intention d\u2019en rejoindre un sont report\u00e9s dans la cat\u00e9gorie \u00ab&#160;Autres&#160;\u00bb. Cette cat\u00e9gorie est subdivis\u00e9e, selon l\u2019id\u00e9ologie des partis consid\u00e9r\u00e9s, en \u00ab&#160;Autres extr\u00eame droite&#160;\u00bb, \u00ab&#160;Autres gauche et extr\u00eame gauche&#160;\u00bb et \u00ab&#160;Autres divers&#160;\u00bb.<\/li>\n<\/ul>\n\n\n\n<p>Chaque projection est accompagn\u00e9e d\u2019un d\u00e9tail des r\u00e9sultats obtenus par groupe europ\u00e9en et par \u00c9tat-membre.<\/p>\n\n\n\n<h2 class=\"wp-block-heading\">Sources des statistiques nationales<\/h2>\n\n\n\n<p>Autriche&#160;: Minist\u00e8re f\u00e9d\u00e9ral de l\u2019Int\u00e9rieur<br>Belgique&#160;: Service public f\u00e9d\u00e9ral int\u00e9rieur IBZ<br>Bulgarie&#160;: Commission \u00e9lectorale centrale<br>Chypre&#160;: Minist\u00e8re de l\u2019Int\u00e9rieur<br>R\u00e9publique tch\u00e8que&#160;: Office statistique tch\u00e8que<br>Allemagne&#160;: Bundeswahlleiterin<br>Danemark&#160;: Danmarks Statistik<br>Estonie&#160;: Valimised<br>Gr\u00e8ce&#160;: Minist\u00e8re de l\u2019Int\u00e9rieur<br>Espagne&#160;: Minist\u00e8re de l\u2019Int\u00e9rieur<br>Finlande&#160;: Minist\u00e8re de la Justice<br>France&#160;: Minist\u00e8re de l\u2019Int\u00e9rieur<br>Hongrie&#160;: Commission \u00e9lectorale nationale<br>Irlande&#160;: RT\u00c9 News<br>Italie&#160;: Minist\u00e8re de l\u2019Int\u00e9rieur<br>Lituanie&#160;: Commission \u00e9lectorale centrale<br>Luxembourg&#160;: Gouvernement du Grand-Duch\u00e9 du Luxembourg<br>Lettonie&#160;: Commission \u00e9lectorale centrale<br>Malte&#160;: Commission \u00e9lectorale<br>Pays-Bas&#160;: Kiesraad<br>Pologne&#160;: Commission \u00e9lectorale centrale<br>Portugal&#160;: Secr\u00e9tariat g\u00e9n\u00e9ral du Minist\u00e8re des affaires int\u00e9rieures<br>Roumain&#160;: Bureau \u00e9lectoral central<br>Su\u00e8de&#160;: Valmyndigheten<br>Slov\u00e9nie&#160;: Commission \u00e9lectorale d\u2019\u00c9tat<br>Slovaquie&#160;: Office statistique de la R\u00e9publique slovaque<\/p>\n\n\n\n<p><a href=\"https:\/\/legrandcontinent.eu\/fr\/elections\/\" target=\"_blank\" rel=\"noreferrer noopener\">Retour \u00e0 la page de l&rsquo;Observatoire<\/a><\/p>\n\n\n\n\n\n<figure class=\"wp-block-image wp-block-image-full\"\n    data-shadow=\"false\"\n    data-use-original-file=\"false\">\n    <a\n        data-pswp-src=\"https:\/\/legrandcontinent.eu\/fr\/wp-content\/uploads\/sites\/2\/2024\/05\/european-union.svg\"\n        class=\"inline-block gallery-item no-underline \"\n        data-pswp-width=\"106\"\n        data-pswp-height=\"106\">\n                                        <picture>\r\n                    <source\r\n                srcset=\"https:\/\/legrandcontinent.eu\/fr\/wp-content\/uploads\/sites\/2\/2024\/05\/european-union.svg\"\r\n                media=\"(max-width:  330px)\" \/>\r\n                    <source\r\n                srcset=\"https:\/\/legrandcontinent.eu\/fr\/wp-content\/uploads\/sites\/2\/2024\/05\/european-union.svg\"\r\n                media=\"(max-width:  690px)\" \/>\r\n                    <source\r\n                srcset=\"https:\/\/legrandcontinent.eu\/fr\/wp-content\/uploads\/sites\/2\/2024\/05\/european-union.svg\"\r\n                media=\"(max-width:  990px)\" \/>\r\n                    <source\r\n                srcset=\"https:\/\/legrandcontinent.eu\/fr\/wp-content\/uploads\/sites\/2\/2024\/05\/european-union.svg\"\r\n                media=\"(max-width: 1340px)\" \/>\r\n                    <source\r\n                srcset=\"https:\/\/legrandcontinent.eu\/fr\/wp-content\/uploads\/sites\/2\/2024\/05\/european-union.svg\"\r\n                media=\"(max-width: 1600px)\" \/>\r\n                    <source\r\n                srcset=\"https:\/\/legrandcontinent.eu\/fr\/wp-content\/uploads\/sites\/2\/2024\/05\/european-union.svg\"\r\n                media=\"(min-width: 1601px)\" \/>\r\n                <img decoding=\"async\" src=\"https:\/\/legrandcontinent.eu\/fr\/wp-content\/uploads\/sites\/2\/2024\/05\/european-union.svg\" \/>\r\n        <\/picture>\r\n                            \n            <\/a>\n<\/figure>","protected":false},"excerpt":{"rendered":"<p>L\u2019Observatoire \u00e9lectoral du Grand Continent est un nouveau projet structurant du Groupe d\u2019\u00e9tudes g\u00e9opolitiques\u00a0\u2014 le centre de recherche strat\u00e9gique domicili\u00e9 \u00e0 l\u2019\u00c9cole normale sup\u00e9rieure qui \u00e9dite le Grand Continent \u2014 et de sa revue scientifique, BLUE (Bulletin des \u00e9lections de l\u2019Union europ\u00e9enne), qui documente depuis 2021 l\u2019ensemble des \u00e9lections dans l\u2019Union europ\u00e9enne. Notre objectif&#160;&#160;&#160;: explorer [&hellip;]<\/p>\n","protected":false},"author":10,"featured_media":0,"parent":0,"menu_order":0,"comment_status":"closed","ping_status":"closed","template":"templates\/page-info-elections.php","meta":{"_acf_changed":false,"_trash_the_other_posts":false,"footnotes":""},"categories":[],"class_list":["post-231319","page","type-page","status-publish","hentry"],"acf":[],"yoast_head":"<!-- This site is optimized with the Yoast SEO plugin v26.1.1 - https:\/\/yoast.com\/wordpress\/plugins\/seo\/ -->\n<title>Observatoire \u00e9lectoral du Grand Continent. M\u00e9thodologie | Le Grand Continent<\/title>\n<meta name=\"robots\" content=\"index, follow, max-snippet:-1, max-image-preview:large, max-video-preview:-1\" \/>\n<link rel=\"canonical\" href=\"https:\/\/legrandcontinent.eu\/fr\/methodologie\/\" \/>\n<meta property=\"og:locale\" content=\"fr_FR\" \/>\n<meta property=\"og:type\" content=\"article\" \/>\n<meta property=\"og:title\" content=\"Observatoire \u00e9lectoral du Grand Continent. M\u00e9thodologie | Le Grand Continent\" \/>\n<meta property=\"og:description\" content=\"L\u2019Observatoire \u00e9lectoral du Grand Continent est un nouveau projet structurant du Groupe d\u2019\u00e9tudes g\u00e9opolitiques\u00a0\u2014 le centre de recherche strat\u00e9gique domicili\u00e9 \u00e0 l\u2019\u00c9cole normale sup\u00e9rieure qui \u00e9dite le Grand Continent \u2014 et de sa revue scientifique, BLUE (Bulletin des \u00e9lections de l\u2019Union europ\u00e9enne), qui documente depuis 2021 l\u2019ensemble des \u00e9lections dans l\u2019Union europ\u00e9enne. Notre objectif&#160;&#160;: explorer [&hellip;]\" \/>\n<meta property=\"og:url\" content=\"https:\/\/legrandcontinent.eu\/fr\/methodologie\/\" \/>\n<meta property=\"og:site_name\" content=\"Le Grand Continent\" \/>\n<meta property=\"article:modified_time\" content=\"2024-09-10T14:55:38+00:00\" \/>\n<meta name=\"twitter:card\" content=\"summary_large_image\" \/>\n<meta name=\"twitter:label1\" content=\"Dur\u00e9e de lecture estim\u00e9e\" \/>\n\t<meta name=\"twitter:data1\" content=\"7 minutes\" \/>\n<script type=\"application\/ld+json\" class=\"yoast-schema-graph\">{\"@context\":\"https:\/\/schema.org\",\"@graph\":[{\"@type\":\"WebPage\",\"@id\":\"https:\/\/legrandcontinent.eu\/fr\/methodologie\/\",\"url\":\"https:\/\/legrandcontinent.eu\/fr\/methodologie\/\",\"name\":\"Observatoire \u00e9lectoral du Grand Continent. M\u00e9thodologie | Le Grand Continent\",\"isPartOf\":{\"@id\":\"https:\/\/legrandcontinent.eu\/fr\/#website\"},\"datePublished\":\"2024-06-07T11:16:02+00:00\",\"dateModified\":\"2024-09-10T14:55:38+00:00\",\"breadcrumb\":{\"@id\":\"https:\/\/legrandcontinent.eu\/fr\/methodologie\/#breadcrumb\"},\"inLanguage\":\"fr-FR\",\"potentialAction\":[{\"@type\":\"ReadAction\",\"target\":[\"https:\/\/legrandcontinent.eu\/fr\/methodologie\/\"]}]},{\"@type\":\"BreadcrumbList\",\"@id\":\"https:\/\/legrandcontinent.eu\/fr\/methodologie\/#breadcrumb\",\"itemListElement\":[{\"@type\":\"ListItem\",\"position\":1,\"name\":\"Accueil\",\"item\":\"https:\/\/legrandcontinent.eu\/fr\/\"},{\"@type\":\"ListItem\",\"position\":2,\"name\":\"Observatoire \u00e9lectoral du Grand Continent. M\u00e9thodologie\"}]},{\"@type\":\"WebSite\",\"@id\":\"https:\/\/legrandcontinent.eu\/fr\/#website\",\"url\":\"https:\/\/legrandcontinent.eu\/fr\/\",\"name\":\"Le Grand Continent\",\"description\":\"L&#039;\u00e9chelle pertinente\",\"potentialAction\":[{\"@type\":\"SearchAction\",\"target\":{\"@type\":\"EntryPoint\",\"urlTemplate\":\"https:\/\/legrandcontinent.eu\/fr\/?s={search_term_string}\"},\"query-input\":{\"@type\":\"PropertyValueSpecification\",\"valueRequired\":true,\"valueName\":\"search_term_string\"}}],\"inLanguage\":\"fr-FR\"}]}<\/script>\n<!-- \/ Yoast SEO plugin. -->","yoast_head_json":{"title":"Observatoire \u00e9lectoral du Grand Continent. M\u00e9thodologie | Le Grand Continent","robots":{"index":"index","follow":"follow","max-snippet":"max-snippet:-1","max-image-preview":"max-image-preview:large","max-video-preview":"max-video-preview:-1"},"canonical":"https:\/\/legrandcontinent.eu\/fr\/methodologie\/","og_locale":"fr_FR","og_type":"article","og_title":"Observatoire \u00e9lectoral du Grand Continent. M\u00e9thodologie | Le Grand Continent","og_description":"L\u2019Observatoire \u00e9lectoral du Grand Continent est un nouveau projet structurant du Groupe d\u2019\u00e9tudes g\u00e9opolitiques\u00a0\u2014 le centre de recherche strat\u00e9gique domicili\u00e9 \u00e0 l\u2019\u00c9cole normale sup\u00e9rieure qui \u00e9dite le Grand Continent \u2014 et de sa revue scientifique, BLUE (Bulletin des \u00e9lections de l\u2019Union europ\u00e9enne), qui documente depuis 2021 l\u2019ensemble des \u00e9lections dans l\u2019Union europ\u00e9enne. Notre objectif&#160;&#160;: explorer [&hellip;]","og_url":"https:\/\/legrandcontinent.eu\/fr\/methodologie\/","og_site_name":"Le Grand Continent","article_modified_time":"2024-09-10T14:55:38+00:00","twitter_card":"summary_large_image","twitter_misc":{"Dur\u00e9e de lecture estim\u00e9e":"7 minutes"},"schema":{"@context":"https:\/\/schema.org","@graph":[{"@type":"WebPage","@id":"https:\/\/legrandcontinent.eu\/fr\/methodologie\/","url":"https:\/\/legrandcontinent.eu\/fr\/methodologie\/","name":"Observatoire \u00e9lectoral du Grand Continent. M\u00e9thodologie | Le Grand Continent","isPartOf":{"@id":"https:\/\/legrandcontinent.eu\/fr\/#website"},"datePublished":"2024-06-07T11:16:02+00:00","dateModified":"2024-09-10T14:55:38+00:00","breadcrumb":{"@id":"https:\/\/legrandcontinent.eu\/fr\/methodologie\/#breadcrumb"},"inLanguage":"fr-FR","potentialAction":[{"@type":"ReadAction","target":["https:\/\/legrandcontinent.eu\/fr\/methodologie\/"]}]},{"@type":"BreadcrumbList","@id":"https:\/\/legrandcontinent.eu\/fr\/methodologie\/#breadcrumb","itemListElement":[{"@type":"ListItem","position":1,"name":"Accueil","item":"https:\/\/legrandcontinent.eu\/fr\/"},{"@type":"ListItem","position":2,"name":"Observatoire \u00e9lectoral du Grand Continent. M\u00e9thodologie"}]},{"@type":"WebSite","@id":"https:\/\/legrandcontinent.eu\/fr\/#website","url":"https:\/\/legrandcontinent.eu\/fr\/","name":"Le Grand Continent","description":"L&#039;\u00e9chelle pertinente","potentialAction":[{"@type":"SearchAction","target":{"@type":"EntryPoint","urlTemplate":"https:\/\/legrandcontinent.eu\/fr\/?s={search_term_string}"},"query-input":{"@type":"PropertyValueSpecification","valueRequired":true,"valueName":"search_term_string"}}],"inLanguage":"fr-FR"}]}},"_links":{"self":[{"href":"https:\/\/legrandcontinent.eu\/fr\/wp-json\/wp\/v2\/pages\/231319","targetHints":{"allow":["GET"]}}],"collection":[{"href":"https:\/\/legrandcontinent.eu\/fr\/wp-json\/wp\/v2\/pages"}],"about":[{"href":"https:\/\/legrandcontinent.eu\/fr\/wp-json\/wp\/v2\/types\/page"}],"author":[{"embeddable":true,"href":"https:\/\/legrandcontinent.eu\/fr\/wp-json\/wp\/v2\/users\/10"}],"replies":[{"embeddable":true,"href":"https:\/\/legrandcontinent.eu\/fr\/wp-json\/wp\/v2\/comments?post=231319"}],"version-history":[{"count":0,"href":"https:\/\/legrandcontinent.eu\/fr\/wp-json\/wp\/v2\/pages\/231319\/revisions"}],"wp:attachment":[{"href":"https:\/\/legrandcontinent.eu\/fr\/wp-json\/wp\/v2\/media?parent=231319"}],"wp:term":[{"taxonomy":"category","embeddable":true,"href":"https:\/\/legrandcontinent.eu\/fr\/wp-json\/wp\/v2\/categories?post=231319"}],"curies":[{"name":"wp","href":"https:\/\/api.w.org\/{rel}","templated":true}]}}