{"id":190899,"date":"2023-07-10T22:25:07","date_gmt":"2023-07-10T20:25:07","guid":{"rendered":"https:\/\/legrandcontinent.eu\/fr\/?page_id=190899"},"modified":"2023-07-10T23:31:59","modified_gmt":"2023-07-10T21:31:59","slug":"fondazione","status":"publish","type":"page","link":"https:\/\/legrandcontinent.eu\/fr\/fondazione\/","title":{"rendered":"\u2014 \u2022"},"content":{"rendered":"\n<h3 class=\"wp-block-heading\">LA FONDAZIONE GRAND CONTINENT<\/h3>\n\n\n\n<p>Creata il 3 giugno 2021 dal Groupe d&rsquo;\u00e9tudes g\u00e9opolitiques, un centro di ricerca indipendente riconosciuto di \u00ab&#160;interesse generale&#160;\u00bb dal ministero francese dell&rsquo;Azione e dei Conti Pubblici, la Fondazione Prix Grand Continent \u00e8 una struttura senza scopo di lucro di diritto privato italiano domiciliata ad Aosta (Italia), Via Edelweiss n. 23\/B.<\/p>\n\n\n\n<p>La missione della Fondazione Grand Continent (ex Fondation Prix du Grand-Continent) \u00e8 di promuovere il \u00ab&#160;Grand Continent Summit \/ Sommet Grand Continent&#160;\u00bb, il \u00ab&#160;Premio Grand Continent \/ Prix Grand Continent&#160;\u00bb e altre iniziative editoriali, culturali, di formazione, di dialogo e interscambio tra realt\u00e0 del mondo della ricerca e della decisione economica, politica e istituzionale nel campo delle scienze sociali e della letteratura in particolare nell\u2019ottica di costruire un&rsquo;Europa democratica, unita e solidale di fronte alle sfide delle transizioni geopolitiche, digitali e ecologiche in armonia con gli obiettivi per lo Sviluppo Sostenibile.<\/p>\n\n\n\n<p>Il ruolo della Fondazione nell&rsquo;organizzazione del Summit Grand Continent \u00e8 centrale&#160;: in qualit\u00e0 di ente capofila, la Fondation Grand Continent sar\u00e0 responsabile dell&rsquo;organizzazione dell&rsquo;evento, degli inviti, del buon funzionamento dell&rsquo;evento e delle sue ricadute locali, nazionali, europee e internazionali.<\/p>\n\n\n\n<p>La Fondazione si iscrive nel quadro pi\u00f9 ampio delle attivit\u00e0 del <a href=\"https:\/\/geopolitique.eu\/en\">Groupe d&rsquo;\u00e9tudes g\u00e9opolitiques<\/a>&#160;:<\/p>\n\n\n\n<ul class=\"wp-block-list\">\n<li>\u2014 Tre riviste scientifiche (<a href=\"https:\/\/geopolitique.eu\/en\/revues\/revue-europeenne-du-droit\/\">RED<\/a>, <a href=\"https:\/\/geopolitique.eu\/en\/revues\/geopolitique-reseau-energie-environnement-nature\/\">GREEN<\/a>, <a href=\"https:\/\/geopolitique.eu\/en\/revues\/bulletin-des-elections-de-lunion-europeenne\/\">BLUE<\/a>)<\/li>\n<\/ul>\n\n\n\n<ul class=\"wp-block-list\">\n<li>\u2014 Il primo premio letterario europeo (il <a href=\"https:\/\/3466.eu\/it\/\">Premio Grand Continent<\/a>)<\/li>\n<\/ul>\n\n\n\n<ul class=\"wp-block-list\">\n<li>\u2014 La prima ipotesi di rivista multilingua per strutturare un dibattito politico, strategico e intellettuale su scala continentale (il <a href=\"https:\/\/legrandcontinent.eu\/it\/\">Grand Continent<\/a>).<\/li>\n<\/ul>\n","protected":false},"excerpt":{"rendered":"<p>LA FONDAZIONE GRAND CONTINENT Creata il 3 giugno 2021 dal Groupe d&rsquo;\u00e9tudes g\u00e9opolitiques, un centro di ricerca indipendente riconosciuto di \u00ab&#160;&#160;&#160;interesse generale&#160;&#160;&#160;\u00bb dal ministero francese dell&rsquo;Azione e dei Conti Pubblici, la Fondazione Prix Grand Continent \u00e8 una struttura senza scopo di lucro di diritto privato italiano domiciliata ad Aosta (Italia), Via Edelweiss n. 23\/B. La [&hellip;]<\/p>\n","protected":false},"author":10,"featured_media":0,"parent":0,"menu_order":0,"comment_status":"closed","ping_status":"closed","template":"templates\/page-info.php","meta":{"_acf_changed":false,"_trash_the_other_posts":false,"footnotes":""},"categories":[],"class_list":["post-190899","page","type-page","status-publish","hentry"],"acf":[],"yoast_head":"<!-- This site is optimized with the Yoast SEO plugin v26.1.1 - https:\/\/yoast.com\/wordpress\/plugins\/seo\/ -->\n<title>\u2014 \u2022 | Le Grand Continent<\/title>\n<meta name=\"robots\" content=\"index, follow, max-snippet:-1, max-image-preview:large, max-video-preview:-1\" \/>\n<link rel=\"canonical\" href=\"https:\/\/legrandcontinent.eu\/fr\/fondazione\/\" \/>\n<meta property=\"og:locale\" content=\"fr_FR\" \/>\n<meta property=\"og:type\" content=\"article\" \/>\n<meta property=\"og:title\" content=\"\u2014 \u2022 | Le Grand Continent\" \/>\n<meta property=\"og:description\" content=\"LA FONDAZIONE GRAND CONTINENT Creata il 3 giugno 2021 dal Groupe d&rsquo;\u00e9tudes g\u00e9opolitiques, un centro di ricerca indipendente riconosciuto di \u00ab&#160;&#160;interesse generale&#160;&#160;\u00bb dal ministero francese dell&rsquo;Azione e dei Conti Pubblici, la Fondazione Prix Grand Continent \u00e8 una struttura senza scopo di lucro di diritto privato italiano domiciliata ad Aosta (Italia), Via Edelweiss n. 23\/B. La [&hellip;]\" \/>\n<meta property=\"og:url\" content=\"https:\/\/legrandcontinent.eu\/fr\/fondazione\/\" \/>\n<meta property=\"og:site_name\" content=\"Le Grand Continent\" \/>\n<meta property=\"article:modified_time\" content=\"2023-07-10T21:31:59+00:00\" \/>\n<meta name=\"twitter:card\" content=\"summary_large_image\" \/>\n<meta name=\"twitter:label1\" content=\"Dur\u00e9e de lecture estim\u00e9e\" \/>\n\t<meta name=\"twitter:data1\" content=\"2 minutes\" \/>\n<script type=\"application\/ld+json\" class=\"yoast-schema-graph\">{\"@context\":\"https:\/\/schema.org\",\"@graph\":[{\"@type\":\"WebPage\",\"@id\":\"https:\/\/legrandcontinent.eu\/fr\/fondazione\/\",\"url\":\"https:\/\/legrandcontinent.eu\/fr\/fondazione\/\",\"name\":\"\u2014 \u2022 | Le Grand Continent\",\"isPartOf\":{\"@id\":\"https:\/\/legrandcontinent.eu\/fr\/#website\"},\"datePublished\":\"2023-07-10T20:25:07+00:00\",\"dateModified\":\"2023-07-10T21:31:59+00:00\",\"breadcrumb\":{\"@id\":\"https:\/\/legrandcontinent.eu\/fr\/fondazione\/#breadcrumb\"},\"inLanguage\":\"fr-FR\",\"potentialAction\":[{\"@type\":\"ReadAction\",\"target\":[\"https:\/\/legrandcontinent.eu\/fr\/fondazione\/\"]}]},{\"@type\":\"BreadcrumbList\",\"@id\":\"https:\/\/legrandcontinent.eu\/fr\/fondazione\/#breadcrumb\",\"itemListElement\":[{\"@type\":\"ListItem\",\"position\":1,\"name\":\"Accueil\",\"item\":\"https:\/\/legrandcontinent.eu\/fr\/\"},{\"@type\":\"ListItem\",\"position\":2,\"name\":\"\u2014 \u2022\"}]},{\"@type\":\"WebSite\",\"@id\":\"https:\/\/legrandcontinent.eu\/fr\/#website\",\"url\":\"https:\/\/legrandcontinent.eu\/fr\/\",\"name\":\"Le Grand Continent\",\"description\":\"L&#039;\u00e9chelle pertinente\",\"potentialAction\":[{\"@type\":\"SearchAction\",\"target\":{\"@type\":\"EntryPoint\",\"urlTemplate\":\"https:\/\/legrandcontinent.eu\/fr\/?s={search_term_string}\"},\"query-input\":{\"@type\":\"PropertyValueSpecification\",\"valueRequired\":true,\"valueName\":\"search_term_string\"}}],\"inLanguage\":\"fr-FR\"}]}<\/script>\n<!-- \/ Yoast SEO plugin. -->","yoast_head_json":{"title":"\u2014 \u2022 | Le Grand Continent","robots":{"index":"index","follow":"follow","max-snippet":"max-snippet:-1","max-image-preview":"max-image-preview:large","max-video-preview":"max-video-preview:-1"},"canonical":"https:\/\/legrandcontinent.eu\/fr\/fondazione\/","og_locale":"fr_FR","og_type":"article","og_title":"\u2014 \u2022 | Le Grand Continent","og_description":"LA FONDAZIONE GRAND CONTINENT Creata il 3 giugno 2021 dal Groupe d&rsquo;\u00e9tudes g\u00e9opolitiques, un centro di ricerca indipendente riconosciuto di \u00ab&#160;&#160;interesse generale&#160;&#160;\u00bb dal ministero francese dell&rsquo;Azione e dei Conti Pubblici, la Fondazione Prix Grand Continent \u00e8 una struttura senza scopo di lucro di diritto privato italiano domiciliata ad Aosta (Italia), Via Edelweiss n. 23\/B. La [&hellip;]","og_url":"https:\/\/legrandcontinent.eu\/fr\/fondazione\/","og_site_name":"Le Grand Continent","article_modified_time":"2023-07-10T21:31:59+00:00","twitter_card":"summary_large_image","twitter_misc":{"Dur\u00e9e de lecture estim\u00e9e":"2 minutes"},"schema":{"@context":"https:\/\/schema.org","@graph":[{"@type":"WebPage","@id":"https:\/\/legrandcontinent.eu\/fr\/fondazione\/","url":"https:\/\/legrandcontinent.eu\/fr\/fondazione\/","name":"\u2014 \u2022 | Le Grand Continent","isPartOf":{"@id":"https:\/\/legrandcontinent.eu\/fr\/#website"},"datePublished":"2023-07-10T20:25:07+00:00","dateModified":"2023-07-10T21:31:59+00:00","breadcrumb":{"@id":"https:\/\/legrandcontinent.eu\/fr\/fondazione\/#breadcrumb"},"inLanguage":"fr-FR","potentialAction":[{"@type":"ReadAction","target":["https:\/\/legrandcontinent.eu\/fr\/fondazione\/"]}]},{"@type":"BreadcrumbList","@id":"https:\/\/legrandcontinent.eu\/fr\/fondazione\/#breadcrumb","itemListElement":[{"@type":"ListItem","position":1,"name":"Accueil","item":"https:\/\/legrandcontinent.eu\/fr\/"},{"@type":"ListItem","position":2,"name":"\u2014 \u2022"}]},{"@type":"WebSite","@id":"https:\/\/legrandcontinent.eu\/fr\/#website","url":"https:\/\/legrandcontinent.eu\/fr\/","name":"Le Grand Continent","description":"L&#039;\u00e9chelle pertinente","potentialAction":[{"@type":"SearchAction","target":{"@type":"EntryPoint","urlTemplate":"https:\/\/legrandcontinent.eu\/fr\/?s={search_term_string}"},"query-input":{"@type":"PropertyValueSpecification","valueRequired":true,"valueName":"search_term_string"}}],"inLanguage":"fr-FR"}]}},"_links":{"self":[{"href":"https:\/\/legrandcontinent.eu\/fr\/wp-json\/wp\/v2\/pages\/190899","targetHints":{"allow":["GET"]}}],"collection":[{"href":"https:\/\/legrandcontinent.eu\/fr\/wp-json\/wp\/v2\/pages"}],"about":[{"href":"https:\/\/legrandcontinent.eu\/fr\/wp-json\/wp\/v2\/types\/page"}],"author":[{"embeddable":true,"href":"https:\/\/legrandcontinent.eu\/fr\/wp-json\/wp\/v2\/users\/10"}],"replies":[{"embeddable":true,"href":"https:\/\/legrandcontinent.eu\/fr\/wp-json\/wp\/v2\/comments?post=190899"}],"version-history":[{"count":0,"href":"https:\/\/legrandcontinent.eu\/fr\/wp-json\/wp\/v2\/pages\/190899\/revisions"}],"wp:attachment":[{"href":"https:\/\/legrandcontinent.eu\/fr\/wp-json\/wp\/v2\/media?parent=190899"}],"wp:term":[{"taxonomy":"category","embeddable":true,"href":"https:\/\/legrandcontinent.eu\/fr\/wp-json\/wp\/v2\/categories?post=190899"}],"curies":[{"name":"wp","href":"https:\/\/api.w.org\/{rel}","templated":true}]}}