{"id":14049,"date":"2018-04-04T11:33:42","date_gmt":"2018-04-04T09:33:42","guid":{"rendered":"http:\/\/lldl.eu\/register\/"},"modified":"2022-04-27T12:13:27","modified_gmt":"2022-04-27T10:13:27","slug":"register","status":"publish","type":"page","link":"https:\/\/legrandcontinent.eu\/fr\/user-dashboard\/register\/","title":{"rendered":"Offre de lancement <br><br>Politiques de l&rsquo;interr\u00e8gne"},"content":{"rendered":"\n\n\n<figure class=\"wp-block-image wp-block-image-large\"\n    data-shadow=\"false\"\n    data-use-original-file=\"false\">\n    <a\n        data-pswp-src=\"https:\/\/legrandcontinent.eu\/fr\/wp-content\/uploads\/sites\/2\/2022\/03\/Capture-decran-2022-03-03-a-10.12.07.png\"\n        class=\"inline-block gallery-item no-underline \"\n        data-pswp-width=\"1352\"\n        data-pswp-height=\"856\">\n                                        <picture>\r\n                    <source\r\n                srcset=\"https:\/\/legrandcontinent.eu\/fr\/wp-content\/uploads\/sites\/2\/2022\/03\/Capture-decran-2022-03-03-a-10.12.07-330x209.png\"\r\n                media=\"(max-width: 374px)\" \/>\r\n                    <source\r\n                srcset=\"https:\/\/legrandcontinent.eu\/fr\/wp-content\/uploads\/sites\/2\/2022\/03\/Capture-decran-2022-03-03-a-10.12.07-690x437.png\"\r\n                media=\"(max-width: 989px)\" \/>\r\n                    <source\r\n                srcset=\"https:\/\/legrandcontinent.eu\/fr\/wp-content\/uploads\/sites\/2\/2022\/03\/Capture-decran-2022-03-03-a-10.12.07-1340x848.png\"\r\n                media=\"(min-width: 990px)\" \/>\r\n                <img decoding=\"async\" src=\"https:\/\/legrandcontinent.eu\/fr\/wp-content\/uploads\/sites\/2\/2022\/03\/Capture-decran-2022-03-03-a-10.12.07-125x79.png\" \/>\r\n        <\/picture>\r\n                            \n            <\/a>\n<\/figure>\n\n<p>[register_form]<\/p>\n\n\n\n<p><em>Une question&#160;? Si vous h\u00e9sitez entre plusieurs formules d\u2019abonnement ou si vous souhaitez plus d\u2019informations, vous pouvez <a href=\"mailto:abonnements@legrandcontinent.eu\" target=\"_blank\" rel=\"noreferrer noopener\">nous \u00e9crire ici<\/a>. Nous r\u00e9pondons tr\u00e8s vite, promis<\/em> <em>&#160;!<\/em><\/p>\n","protected":false},"excerpt":{"rendered":"<p>Une question&#160;&#160;&#160;? Si vous h\u00e9sitez entre plusieurs formules d\u2019abonnement ou si vous souhaitez plus d\u2019informations, vous pouvez nous \u00e9crire ici. Nous r\u00e9pondons tr\u00e8s vite, promis &#160;&#160;&#160;!<\/p>\n","protected":false},"author":1,"featured_media":416,"parent":17913,"menu_order":0,"comment_status":"closed","ping_status":"closed","template":"templates\/user-registration.php","meta":{"_acf_changed":false,"_trash_the_other_posts":false,"footnotes":""},"categories":[],"class_list":["post-14049","page","type-page","status-publish","hentry"],"acf":[],"yoast_head":"<!-- This site is optimized with the Yoast SEO plugin v26.1.1 - https:\/\/yoast.com\/wordpress\/plugins\/seo\/ -->\n<title>Offre de lancement Politiques de l&#039;interr\u00e8gne | Le Grand Continent<\/title>\n<meta name=\"robots\" content=\"index, follow, max-snippet:-1, max-image-preview:large, max-video-preview:-1\" \/>\n<link rel=\"canonical\" href=\"https:\/\/legrandcontinent.eu\/fr\/user-dashboard\/register\/\" \/>\n<meta property=\"og:locale\" content=\"fr_FR\" \/>\n<meta property=\"og:type\" content=\"article\" \/>\n<meta property=\"og:title\" content=\"Offre de lancement &quot;Politiques de l&#039;interr\u00e8gne&quot;\" \/>\n<meta property=\"og:description\" content=\"Abonnez-vous pour pr\u00e9commander le premier volume du Grand Continent.\" \/>\n<meta property=\"og:url\" content=\"https:\/\/legrandcontinent.eu\/fr\/user-dashboard\/register\/\" \/>\n<meta property=\"og:site_name\" content=\"Le Grand Continent\" \/>\n<meta property=\"article:modified_time\" content=\"2022-04-27T10:13:27+00:00\" \/>\n<meta property=\"og:image\" content=\"https:\/\/legrandcontinent.eu\/fr\/wp-content\/uploads\/sites\/2\/2022\/03\/Capture-decran-2022-03-03-a-10.32.35.png\" \/>\n\t<meta property=\"og:image:width\" content=\"1798\" \/>\n\t<meta property=\"og:image:height\" content=\"1036\" \/>\n\t<meta property=\"og:image:type\" content=\"image\/png\" \/>\n<meta name=\"twitter:card\" content=\"summary_large_image\" \/>\n<meta name=\"twitter:title\" content=\"Offre de lancement &quot;Politiques de l&#039;interr\u00e8gne&quot;\" \/>\n<meta name=\"twitter:description\" content=\"Abonnez-vous pour pr\u00e9commander le premier volume du Grand Continent.\" \/>\n<meta name=\"twitter:image\" content=\"https:\/\/legrandcontinent.eu\/fr\/wp-content\/uploads\/sites\/2\/2022\/03\/Capture-decran-2022-03-03-a-10.32.35.png\" \/>\n<meta name=\"twitter:label1\" content=\"Dur\u00e9e de lecture estim\u00e9e\" \/>\n\t<meta name=\"twitter:data1\" content=\"1 minute\" \/>\n<script type=\"application\/ld+json\" class=\"yoast-schema-graph\">{\"@context\":\"https:\/\/schema.org\",\"@graph\":[{\"@type\":\"WebPage\",\"@id\":\"https:\/\/legrandcontinent.eu\/fr\/user-dashboard\/register\/\",\"url\":\"https:\/\/legrandcontinent.eu\/fr\/user-dashboard\/register\/\",\"name\":\"Offre de lancement Politiques de l'interr\u00e8gne | Le Grand Continent\",\"isPartOf\":{\"@id\":\"https:\/\/legrandcontinent.eu\/fr\/#website\"},\"primaryImageOfPage\":{\"@id\":\"https:\/\/legrandcontinent.eu\/fr\/user-dashboard\/register\/#primaryimage\"},\"image\":{\"@id\":\"https:\/\/legrandcontinent.eu\/fr\/user-dashboard\/register\/#primaryimage\"},\"thumbnailUrl\":\"https:\/\/legrandcontinent.eu\/fr\/wp-content\/uploads\/sites\/2\/2018\/04\/neutral_tones_world_political_mural_lg.jpg\",\"datePublished\":\"2018-04-04T09:33:42+00:00\",\"dateModified\":\"2022-04-27T10:13:27+00:00\",\"breadcrumb\":{\"@id\":\"https:\/\/legrandcontinent.eu\/fr\/user-dashboard\/register\/#breadcrumb\"},\"inLanguage\":\"fr-FR\",\"potentialAction\":[{\"@type\":\"ReadAction\",\"target\":[\"https:\/\/legrandcontinent.eu\/fr\/user-dashboard\/register\/\"]}]},{\"@type\":\"ImageObject\",\"inLanguage\":\"fr-FR\",\"@id\":\"https:\/\/legrandcontinent.eu\/fr\/user-dashboard\/register\/#primaryimage\",\"url\":\"https:\/\/legrandcontinent.eu\/fr\/wp-content\/uploads\/sites\/2\/2018\/04\/neutral_tones_world_political_mural_lg.jpg\",\"contentUrl\":\"https:\/\/legrandcontinent.eu\/fr\/wp-content\/uploads\/sites\/2\/2018\/04\/neutral_tones_world_political_mural_lg.jpg\",\"width\":3500,\"height\":2357},{\"@type\":\"BreadcrumbList\",\"@id\":\"https:\/\/legrandcontinent.eu\/fr\/user-dashboard\/register\/#breadcrumb\",\"itemListElement\":[{\"@type\":\"ListItem\",\"position\":1,\"name\":\"Accueil\",\"item\":\"https:\/\/legrandcontinent.eu\/fr\/\"},{\"@type\":\"ListItem\",\"position\":2,\"name\":\"User Dashboard\",\"item\":\"https:\/\/legrandcontinent.eu\/fr\/user-dashboard\/\"},{\"@type\":\"ListItem\",\"position\":3,\"name\":\"Offre de lancement Politiques de l&#8217;interr\u00e8gne\"}]},{\"@type\":\"WebSite\",\"@id\":\"https:\/\/legrandcontinent.eu\/fr\/#website\",\"url\":\"https:\/\/legrandcontinent.eu\/fr\/\",\"name\":\"Le Grand Continent\",\"description\":\"L&#039;\u00e9chelle pertinente\",\"potentialAction\":[{\"@type\":\"SearchAction\",\"target\":{\"@type\":\"EntryPoint\",\"urlTemplate\":\"https:\/\/legrandcontinent.eu\/fr\/?s={search_term_string}\"},\"query-input\":{\"@type\":\"PropertyValueSpecification\",\"valueRequired\":true,\"valueName\":\"search_term_string\"}}],\"inLanguage\":\"fr-FR\"}]}<\/script>\n<!-- \/ Yoast SEO plugin. -->","yoast_head_json":{"title":"Offre de lancement Politiques de l'interr\u00e8gne | Le Grand Continent","robots":{"index":"index","follow":"follow","max-snippet":"max-snippet:-1","max-image-preview":"max-image-preview:large","max-video-preview":"max-video-preview:-1"},"canonical":"https:\/\/legrandcontinent.eu\/fr\/user-dashboard\/register\/","og_locale":"fr_FR","og_type":"article","og_title":"Offre de lancement \"Politiques de l'interr\u00e8gne\"","og_description":"Abonnez-vous pour pr\u00e9commander le premier volume du Grand Continent.","og_url":"https:\/\/legrandcontinent.eu\/fr\/user-dashboard\/register\/","og_site_name":"Le Grand Continent","article_modified_time":"2022-04-27T10:13:27+00:00","og_image":[{"width":1798,"height":1036,"url":"https:\/\/legrandcontinent.eu\/fr\/wp-content\/uploads\/sites\/2\/2022\/03\/Capture-decran-2022-03-03-a-10.32.35.png","type":"image\/png"}],"twitter_card":"summary_large_image","twitter_title":"Offre de lancement \"Politiques de l'interr\u00e8gne\"","twitter_description":"Abonnez-vous pour pr\u00e9commander le premier volume du Grand Continent.","twitter_image":"https:\/\/legrandcontinent.eu\/fr\/wp-content\/uploads\/sites\/2\/2022\/03\/Capture-decran-2022-03-03-a-10.32.35.png","twitter_misc":{"Dur\u00e9e de lecture estim\u00e9e":"1 minute"},"schema":{"@context":"https:\/\/schema.org","@graph":[{"@type":"WebPage","@id":"https:\/\/legrandcontinent.eu\/fr\/user-dashboard\/register\/","url":"https:\/\/legrandcontinent.eu\/fr\/user-dashboard\/register\/","name":"Offre de lancement Politiques de l'interr\u00e8gne | Le Grand Continent","isPartOf":{"@id":"https:\/\/legrandcontinent.eu\/fr\/#website"},"primaryImageOfPage":{"@id":"https:\/\/legrandcontinent.eu\/fr\/user-dashboard\/register\/#primaryimage"},"image":{"@id":"https:\/\/legrandcontinent.eu\/fr\/user-dashboard\/register\/#primaryimage"},"thumbnailUrl":"https:\/\/legrandcontinent.eu\/fr\/wp-content\/uploads\/sites\/2\/2018\/04\/neutral_tones_world_political_mural_lg.jpg","datePublished":"2018-04-04T09:33:42+00:00","dateModified":"2022-04-27T10:13:27+00:00","breadcrumb":{"@id":"https:\/\/legrandcontinent.eu\/fr\/user-dashboard\/register\/#breadcrumb"},"inLanguage":"fr-FR","potentialAction":[{"@type":"ReadAction","target":["https:\/\/legrandcontinent.eu\/fr\/user-dashboard\/register\/"]}]},{"@type":"ImageObject","inLanguage":"fr-FR","@id":"https:\/\/legrandcontinent.eu\/fr\/user-dashboard\/register\/#primaryimage","url":"https:\/\/legrandcontinent.eu\/fr\/wp-content\/uploads\/sites\/2\/2018\/04\/neutral_tones_world_political_mural_lg.jpg","contentUrl":"https:\/\/legrandcontinent.eu\/fr\/wp-content\/uploads\/sites\/2\/2018\/04\/neutral_tones_world_political_mural_lg.jpg","width":3500,"height":2357},{"@type":"BreadcrumbList","@id":"https:\/\/legrandcontinent.eu\/fr\/user-dashboard\/register\/#breadcrumb","itemListElement":[{"@type":"ListItem","position":1,"name":"Accueil","item":"https:\/\/legrandcontinent.eu\/fr\/"},{"@type":"ListItem","position":2,"name":"User Dashboard","item":"https:\/\/legrandcontinent.eu\/fr\/user-dashboard\/"},{"@type":"ListItem","position":3,"name":"Offre de lancement Politiques de l&#8217;interr\u00e8gne"}]},{"@type":"WebSite","@id":"https:\/\/legrandcontinent.eu\/fr\/#website","url":"https:\/\/legrandcontinent.eu\/fr\/","name":"Le Grand Continent","description":"L&#039;\u00e9chelle pertinente","potentialAction":[{"@type":"SearchAction","target":{"@type":"EntryPoint","urlTemplate":"https:\/\/legrandcontinent.eu\/fr\/?s={search_term_string}"},"query-input":{"@type":"PropertyValueSpecification","valueRequired":true,"valueName":"search_term_string"}}],"inLanguage":"fr-FR"}]}},"_links":{"self":[{"href":"https:\/\/legrandcontinent.eu\/fr\/wp-json\/wp\/v2\/pages\/14049","targetHints":{"allow":["GET"]}}],"collection":[{"href":"https:\/\/legrandcontinent.eu\/fr\/wp-json\/wp\/v2\/pages"}],"about":[{"href":"https:\/\/legrandcontinent.eu\/fr\/wp-json\/wp\/v2\/types\/page"}],"author":[{"embeddable":true,"href":"https:\/\/legrandcontinent.eu\/fr\/wp-json\/wp\/v2\/users\/1"}],"replies":[{"embeddable":true,"href":"https:\/\/legrandcontinent.eu\/fr\/wp-json\/wp\/v2\/comments?post=14049"}],"version-history":[{"count":0,"href":"https:\/\/legrandcontinent.eu\/fr\/wp-json\/wp\/v2\/pages\/14049\/revisions"}],"up":[{"embeddable":true,"href":"https:\/\/legrandcontinent.eu\/fr\/wp-json\/wp\/v2\/pages\/17913"}],"wp:featuredmedia":[{"embeddable":true,"href":"https:\/\/legrandcontinent.eu\/fr\/wp-json\/wp\/v2\/media\/416"}],"wp:attachment":[{"href":"https:\/\/legrandcontinent.eu\/fr\/wp-json\/wp\/v2\/media?parent=14049"}],"wp:term":[{"taxonomy":"category","embeddable":true,"href":"https:\/\/legrandcontinent.eu\/fr\/wp-json\/wp\/v2\/categories?post=14049"}],"curies":[{"name":"wp","href":"https:\/\/api.w.org\/{rel}","templated":true}]}}