{"id":14007,"date":"2019-02-12T18:53:56","date_gmt":"2019-02-12T17:53:56","guid":{"rendered":"https:\/\/legrandcontinent.eu\/?page_id=14007"},"modified":"2019-02-12T18:53:56","modified_gmt":"2019-02-12T17:53:56","slug":"nationalisme","status":"publish","type":"page","link":"https:\/\/legrandcontinent.eu\/fr\/nationalisme\/","title":{"rendered":"#nationalisme"},"content":{"rendered":"\n<h5 class=\"wp-block-heading\">DANS LA PERSPECTIVE DES \u00c9LECTIONS EUROP\u00c9ENNES DE 2019, DES MEMBRES DU GROUPE D\u2019\u00c9TUDES G\u00c9OPOLITIQUES ET DE L\u2019INSTITUT JACQUES DELORS r\u00e9fl\u00e9chissent \u00c0 UN MOT QUI SERA CRUCIAL POUR CES \u00c9LECTIONS&#160;: nationalisme. LA NOTE QUI SUIT OFFRE UNE SYNTH\u00c8SE DES POSITIONS QUI RESSORTENT DE CETTE DISCUSSION.<\/h5>\n\n\n<hr class=\"wp-block-separator\" \/>\n\n\n<h4 class=\"wp-block-heading\"><strong>Trois types de nationalismes\nhistoriques<\/strong><\/h4>\n\n\n<p>On peut distinguer d\u2019une mani\u00e8re tr\u00e8s sch\u00e9matique trois formes de\nnationalisme qui sont successivement apparues depuis l\u2019\u00e2ge des R\u00e9volutions au\nXVIII<sup>e<\/sup> si\u00e8cle&#160;:<\/p>\n\n\n<ul class=\"wp-block-list\"><li>Un nationalisme d\u2019\u00e9mancipation li\u00e9 au principe d\u2019autod\u00e9termination\ndes peuples qui s\u2019est d\u00e9velopp\u00e9 du XIX<sup>e<\/sup> si\u00e8cle jusqu\u2019au d\u00e9but du XX<sup>e<\/sup>\nsi\u00e8cle. Certains nationalismes r\u00e9gionaux (Catalogne, Pays basque, \u00c9cosse&#8230;) sont tributaires de cette tradition politique. Ce type de\nnationalisme a \u00e9t\u00e9 qualifi\u00e9 de lib\u00e9ral et romantique.\n<\/li><li>Un nationalisme autoritaire et expansionniste qui a marqu\u00e9\nl\u2019histoire du XX<sup>e<\/sup> si\u00e8cle, et tout particuli\u00e8rement la p\u00e9riode qui\ns\u2019\u00e9tend du d\u00e9but du si\u00e8cle jusqu\u2019\u00e0 la fin de la Seconde Guerre mondiale et au\nd\u00e9but de la d\u00e9colonisation. <\/li><li>Un nationalisme de repli, de protection, moins agressif de la fin\ndu XX<sup>e<\/sup> si\u00e8cle \u00e0 aujourd\u2019hui. Ce type de nationalisme correspond\nmieux \u00e0 un continent europ\u00e9en de plus en plus d\u00e9mocratique. Il se caract\u00e9rise\npar son attitude d\u00e9fensive. Parall\u00e8lement, le nationalisme autoritaire et\nexpansionniste a p\u00e2ti des horreurs commises par des r\u00e9gimes se r\u00e9clamant de ses\nexpressions les plus radicales&#160;: Italie fasciste, Allemagne nazie, etc. <\/li><\/ul>\n\n\n<h4 class=\"wp-block-heading\"><strong>D\u00e9finir le nationalisme aujourd\u2019hui<\/strong><\/h4>\n\n\n<p>La m\u00e9thode g\u00e9opolitique fournit une perspective int\u00e9ressante pour comprendre de quoi le nationalisme est le nom aujourd\u2019hui. Quand on parle de nationalisme il faut en effet toujours expliciter quel espace, quelle \u00ab&#160;repr\u00e9sentation du territoire national&#160;\u00bb et \u00ab&#160;des rivalit\u00e9s&#160;\u00bb<a href=\"#_ftn1\"><sup>1<\/sup><\/a> sont mobilis\u00e9s parfois inconsciemment par les acteurs qui se r\u00e9clament du concept de nation. <\/p>\n\n\n<p>On peut remarquer ainsi une rupture entre les nationalismes\nclassiques en Europe et les n\u00e9onationalismes europ\u00e9ens contemporains. <\/p>\n\n\n<p>Le nationalisme classique europ\u00e9en produisait une grande\ndivergence. Les nationalistes fran\u00e7ais s\u2019opposaient aux nationalistes allemands\n\u00e0 partir d\u2019une s\u00e9rie de repr\u00e9sentations territoriales qui engendraient des\nrivalit\u00e9s g\u00e9ographiquement situ\u00e9es&#160;: on peut penser \u00e0 l\u2019Alsace ou \u00e0 la Lorraine\npar exemple. <\/p>\n\n\n<p>En revanche, le discours nationaliste contemporain (=\nn\u00e9onationaliste) se construit d\u2019une mani\u00e8re fortement convergente (en r\u00e9action\net) \u00e0 Bruxelles. Effet paradoxal de l\u2019europ\u00e9anisation du politique, la plupart\ndes leaders n\u00e9onationalistes ont trouv\u00e9 au Parlement europ\u00e9en une tribune dans\nlaquelle ils peuvent confortablement attaquer les institutions qui les\naccueillent, en contribuant \u00e0 \u00e9changer sur leurs tactiques, sur des symboles\ncommuns (batailles de L\u00e9pante, Poitiers&#8230;) ou sur leurs m\u00e9thodes. On constate\nainsi que si les partis nationalistes ont trouv\u00e9 dans l\u2019euroscepticisme un\nmoyen pour constituer une ligne politique commune, la sortie de l\u2019euro ne\npara\u00eet plus \u00eatre une fin revendiqu\u00e9e. D\u2019o\u00f9 un paradoxe qui doit \u00eatre soulign\u00e9&#160;:\nil est de plus en plus rare de voir des n\u00e9onationalistes pr\u00f4ner une sortie\nd\u00e9finitive de l\u2019Union ou m\u00eame simplement une sortie de l\u2019euro. <\/p>\n\n\n<h4 class=\"wp-block-heading\"><strong>Le n\u00e9onationalisme est-il un\neurop\u00e9isme&#160;? <\/strong><\/h4>\n\n\n<p>La rupture entre les nationalismes classiques et le\nn\u00e9onationalisme semble se caract\u00e9riser par un changement d\u2019\u00e9chelle allant du\ncadre national vers le cadre continental et par un d\u00e9placement de la ligne\npolitique vers des th\u00e9matiques communes et europ\u00e9ennes&#160;: la question de\nl\u2019accueil des migrants, la critique des \u00e9lites, l\u2019Islam, l\u2019Europe blanche et\nchr\u00e9tienne de Viktor Orb\u00e1n&#8230;<\/p>\n\n\n<p>Que penser de ce ph\u00e9nom\u00e8ne&#160;? Il peut en tout cas nous faire dire\nque les nationalismes ont fermement pris place dans le cadre europ\u00e9en. Ajoutons\nque m\u00eame si ce tournant important pourrait \u00eatre plus d\u00fb \u00e0 l\u2019opportunisme des\nleaders n\u00e9onationalistes qu\u2019\u00e0 une \u00e9volution de leurs convictions,\nl\u2019europ\u00e9anisation des n\u00e9onationalismes a contribu\u00e9 \u00e0 r\u00e9aligner certaines de\nleurs propositions vers des positionnements plus centraux. On a pu\nremarquer les parall\u00e8les entre le discours de Sebastian Kurz lors de son\nd\u00e9placement en Chine et celui d\u2019Emmanuel Macron prononc\u00e9 quelques mois plus\nt\u00f4t.  <\/p>\n\n\n<p>Il reste encore \u00e0 d\u00e9terminer si l\u2019usage de th\u00e8mes nationalistes ne sert pas surtout la tactique politique attentive \u00e0 l\u2019efficacit\u00e9 des styles populistes<a href=\"#_ftn2\"><sup>2<\/sup><\/a>, dans le contexte d\u2019une s\u00e9quence \u00e9lectorale mondiale marqu\u00e9e par la victoire d\u2019offres politiques qui r\u00e9clament la priorit\u00e9 de la nation (Trump, Bolsonaro ou le Brexit). <\/p>\n\n\n<p>Notons la contradiction qui existe en Europe entre ces n\u00e9onationalistes\nqui convergent \u00e0 une \u00e9chelle continentale et leurs r\u00e9f\u00e9rences id\u00e9ologiques,\nleurs repr\u00e9sentations territoriales potentiellement conflictuelles, leurs\nint\u00e9r\u00eats politiques souvent divergents et qui se nourrissent de la rivalit\u00e9 de\nlong terme entre \u00c9tats voisins. <\/p>\n\n\n<p>Un retour des nationalismes guerriers europ\u00e9ens para\u00eet pour autant\ntrop compliqu\u00e9 \u00e0 imaginer. On n\u2019assisterait pas tant \u00e0 une r\u00e9surrection du\nnationalisme qu\u2019\u00e0 une d\u00e9construction de tous les corps politiques. La paix\nperp\u00e9tuelle amen\u00e9e par l\u2019Union a peut-\u00eatre sonn\u00e9 le glas d\u2019une inimiti\u00e9\neurop\u00e9enne au profit de souverainet\u00e9s plus individualistes et corporatistes.\nDemeure la question&#160;: sommes-nous capables de vivre dans une Europe en paix&#160;? <\/p>\n\n\n<h4 class=\"wp-block-heading\"><strong>Une internationalisation des\nnationalismes&#160;?<\/strong><\/h4>\n\n\n<p>Prenant pour preuve la fragmentation des partis d\u2019extr\u00eame-droite\nau sein du Parlement europ\u00e9en et les nombreuses contradictions de leurs\ndiscours (entre Salvini et Kurz, par exemple), on peut douter actuellement des\ncapacit\u00e9s des nationalistes \u00e0 former des alliances transnationales\nperformantes. Toutefois on ne doit pas sous-estimer la capacit\u00e9 des mouvements\nn\u00e9onationalistes \u00e0 mettre de c\u00f4t\u00e9 leurs dissensions au profit d\u2019agendas plus\ntransversaux. Des pr\u00e9c\u00e9dents sont pr\u00e9sents dans l\u2019histoire. Que l\u2019on pense \u00e0\nl\u2019alliance des dictatures fascistes (Allemagne, Italie) et nationalistes\n(Japon, Hongrie, Roumanie) dans la seconde partie des ann\u00e9es 1930. <\/p>\n\n\n<p>Par ailleurs, la nation invoqu\u00e9e par les n\u00e9onationalistes est tr\u00e8s\nabstraite et ses contours sont souvent confus (chaque nation a le secret de sa\npropre unit\u00e9, la nation n\u2019existe pas, les nations existent) mais un point\ncommun existe dans leur revendication d\u2019\u00c9tats plus souverains. On pourrait\nalors sugg\u00e9rer l\u2019id\u00e9e que les mouvements n\u00e9onationalistes partagent ou en tout\ncas profitent de la cristallisation d\u2019une utopie souverainiste dans une partie\ndes populations europ\u00e9ennes. \u00c0 Bruxelles se substituerait donc l\u2019id\u00e9e d\u2019une\n\u00ab&#160;Europe des Nations&#160;\u00bb qui construirait l\u2019unit\u00e9 europ\u00e9enne sans cadre\nf\u00e9d\u00e9rateur.<\/p>\n\n\n<p>Notons tout de m\u00eame que des clivages importants demeurent&#160;:\nsur le rapport au libre-\u00e9change, sur les questions soci\u00e9tales et sur des\nquestions purement g\u00e9opolitiques (la division des n\u00e9onationalistes entre\nAtlantistes et pro-Russes, par exemple). \n<\/p>\n\n\n<h4 class=\"wp-block-heading\"><strong>Les responsabilit\u00e9s de l\u2019Union<\/strong><\/h4>\n\n\n<p>\u00c0 l\u2019\u00e9chelle europ\u00e9enne, une des niches pour les\nnationalismes se trouve dans une des contradictions inh\u00e9rentes au projet\neurop\u00e9en&#160;: celle qui oppose l\u2019id\u00e9e d\u2019une Europe universelle (qui serait\nune super organisation d\u2019inspiration onusienne) \u00e0 l\u2019Europe particuli\u00e8re (de\nvaleurs sp\u00e9cifiquement europ\u00e9ennes). \u00c0 cet \u00e9gard, la nation avait r\u00e9ussi \u00e0\ncombiner universalisme et particularit\u00e9. Cette combinaison n\u2019existe pas encore\nau niveau europ\u00e9en et elle n\u2019existe plus au niveau national. C\u2019est dans cette tension\nque pourrait se nicher le nouveau discours nationaliste.  <\/p>\n\n\n<p>Con\u00e7ue comme le cadre d\u2019expression privil\u00e9gi\u00e9 de\nl\u2019autonomie politique, la nation a longtemps \u00e9t\u00e9 la clef de vo\u00fbte de la\nd\u00e9mocratie. \u00c0 ce titre, il est imp\u00e9ratif pour l\u2019Europe de r\u00e9pondre \u00e0\nl\u2019inqui\u00e9tude d\u00e9mocratique qu\u2019elle suscite chez une partie de ses citoyens qui\nse sentent d\u00e9poss\u00e9d\u00e9s de leur pouvoir souverain par des institutions qu\u2019ils\njugent lointaines et trop peu transparentes. <\/p>\n\n\n<p>Le d\u00e9ficit d\u2019un sens de communaut\u00e9, d\u2019une identit\u00e9\neurop\u00e9enne reposant sur des valeurs communes renforce les positionnements\nidentitaires et les d\u00e9sirs d\u2019identit\u00e9s ferm\u00e9es. <\/p>\n\n\n<p>Du c\u00f4t\u00e9 des nationalismes r\u00e9gionaux, la construction\neurop\u00e9enne est clairement apparue comme une promesse dans laquelle se sont\nr\u00e9fugi\u00e9s les ind\u00e9pendantistes, le\nsyst\u00e8me de repr\u00e9sentation des nations peut en effet encourager l\u2019\u00e9largissement\ninterne.<\/p>\n\n\n<p>La difficult\u00e9 \u00e0 penser la nation au sein de l\u2019Union europ\u00e9enne\nn\u2019a pas encore \u00e9t\u00e9 surmont\u00e9e et la proposition de superposition des patriotismes\neurop\u00e9ens et nationaux propos\u00e9e par le Pr\u00e9sident Juncker n\u2019a pas vraiment port\u00e9\nses fruits. <\/p>\n\n\n<p>D\u00e8s lors, comment r\u00e9pondre aux n\u00e9onationalistes&#160;? Par le raisonnement, ou par les symboles&#160;? La r\u00e9ponse est d\u2019autant plus complexe que les n\u00e9onationalistes s\u2019imposent de plus en plus dans le d\u00e9bat m\u00e9diatique, dont ils ma\u00eetrisent excellemment les codes et les pratiques. <img loading=\"lazy\" decoding=\"async\" width=\"13\" height=\"16\" class=\"alignnone  wp-image-11577\" src=\"https:\/\/legrandcontinent.eu\/fr\/wp-content\/uploads\/sites\/2\/2018\/11\/triangle-rouge.png\" alt=\"\"><\/p>\n\n\n<p style=\"text-align:right\"><em>Cette note r\u00e9sulte d\u2019un \u00e9change entre des membres groupe de travail de l\u2019Institut Jacques Delors sur les \u00e9lections europ\u00e9ennes (Jean-Louis Bourlanges, Thierry Chopin, Alain Lamassoure, Pascal Lamy, S\u00e9bastien Maillard, Genevi\u00e8ve Pons, Christine Verger) et des membres du Groupe d\u2019\u00e9tudes g\u00e9opolitiques (Ramona Bloj, Carlo De Nuzzo, Gilles Gressani, Baptiste Roger-Lacan)<\/em><br \/><\/p>\n\n\n<hr class=\"wp-block-separator\" \/>\n\n\n<h4 class=\"wp-block-heading\">Notes<\/h4>\n\n\n<p><a href=\"#_ftnref1\"><sup>1<\/sup><\/a> Yves Lacoste, <em>La g\u00e9opolitique, \u00e7a sert d\u2019abord \u00e0 faire la guerre<\/em>, La D\u00e9couverte, 1976<\/p>\n\n\n<p><a href=\"#_ftnref2\"><sup>2<\/sup><\/a> Voir \u00ab&#160;<a href=\"http:\/\/institutdelors.eu\/publications\/les-mots-de-la-campagne-le-populisme\/\">Les mots de la campagne&#160;: le populisme\u00a0<\/a>&#160;\u00bb, Institut Jacques Delors et GEG, janvier 2019<\/p>\n","protected":false},"excerpt":{"rendered":"<p>DANS LA PERSPECTIVE DES \u00c9LECTIONS EUROP\u00c9ENNES DE 2019, DES MEMBRES DU GROUPE D\u2019\u00c9TUDES G\u00c9OPOLITIQUES ET DE L\u2019INSTITUT JACQUES DELORS r\u00e9fl\u00e9chissent \u00c0 UN MOT QUI SERA CRUCIAL POUR CES \u00c9LECTIONS&#160;&#160;&#160;: nationalisme. LA NOTE QUI SUIT OFFRE UNE SYNTH\u00c8SE DES POSITIONS QUI RESSORTENT DE CETTE DISCUSSION. Trois types de nationalismes historiques On peut distinguer d\u2019une mani\u00e8re tr\u00e8s [&hellip;]<\/p>\n","protected":false},"author":4,"featured_media":0,"parent":0,"menu_order":0,"comment_status":"closed","ping_status":"closed","template":"","meta":{"_acf_changed":false,"_trash_the_other_posts":false,"_yoast_wpseo_estimated-reading-time-minutes":0,"footnotes":""},"categories":[],"class_list":["post-14007","page","type-page","status-publish","hentry"],"acf":[],"yoast_head":"<!-- This site is optimized with the Yoast SEO plugin v26.1.1 - https:\/\/yoast.com\/wordpress\/plugins\/seo\/ -->\n<title>#nationalisme | Le Grand Continent<\/title>\n<meta name=\"robots\" content=\"index, follow, max-snippet:-1, max-image-preview:large, max-video-preview:-1\" \/>\n<link rel=\"canonical\" href=\"https:\/\/legrandcontinent.eu\/fr\/nationalisme\/\" \/>\n<meta property=\"og:locale\" content=\"fr_FR\" \/>\n<meta property=\"og:type\" content=\"article\" \/>\n<meta property=\"og:title\" content=\"#nationalisme | Le Grand Continent\" \/>\n<meta property=\"og:description\" content=\"DANS LA PERSPECTIVE DES \u00c9LECTIONS EUROP\u00c9ENNES DE 2019, DES MEMBRES DU GROUPE D\u2019\u00c9TUDES G\u00c9OPOLITIQUES ET DE L\u2019INSTITUT JACQUES DELORS r\u00e9fl\u00e9chissent \u00c0 UN MOT QUI SERA CRUCIAL POUR CES \u00c9LECTIONS&#160;&#160;: nationalisme. LA NOTE QUI SUIT OFFRE UNE SYNTH\u00c8SE DES POSITIONS QUI RESSORTENT DE CETTE DISCUSSION. Trois types de nationalismes historiques On peut distinguer d\u2019une mani\u00e8re tr\u00e8s [&hellip;]\" \/>\n<meta property=\"og:url\" content=\"https:\/\/legrandcontinent.eu\/fr\/nationalisme\/\" \/>\n<meta property=\"og:site_name\" content=\"Le Grand Continent\" \/>\n<meta property=\"og:image\" content=\"https:\/\/legrandcontinent.eu\/fr\/wp-content\/uploads\/sites\/2\/2018\/11\/triangle-rouge.png\" \/>\n<meta name=\"twitter:card\" content=\"summary_large_image\" \/>\n<meta name=\"twitter:label1\" content=\"Dur\u00e9e de lecture estim\u00e9e\" \/>\n\t<meta name=\"twitter:data1\" content=\"8 minutes\" \/>\n<script type=\"application\/ld+json\" class=\"yoast-schema-graph\">{\"@context\":\"https:\/\/schema.org\",\"@graph\":[{\"@type\":\"WebPage\",\"@id\":\"https:\/\/legrandcontinent.eu\/fr\/nationalisme\/\",\"url\":\"https:\/\/legrandcontinent.eu\/fr\/nationalisme\/\",\"name\":\"#nationalisme | Le Grand Continent\",\"isPartOf\":{\"@id\":\"https:\/\/legrandcontinent.eu\/fr\/#website\"},\"primaryImageOfPage\":{\"@id\":\"https:\/\/legrandcontinent.eu\/fr\/nationalisme\/#primaryimage\"},\"image\":{\"@id\":\"https:\/\/legrandcontinent.eu\/fr\/nationalisme\/#primaryimage\"},\"thumbnailUrl\":\"https:\/\/legrandcontinent.eu\/fr\/wp-content\/uploads\/sites\/2\/2018\/11\/triangle-rouge.png\",\"datePublished\":\"2019-02-12T17:53:56+00:00\",\"breadcrumb\":{\"@id\":\"https:\/\/legrandcontinent.eu\/fr\/nationalisme\/#breadcrumb\"},\"inLanguage\":\"fr-FR\",\"potentialAction\":[{\"@type\":\"ReadAction\",\"target\":[\"https:\/\/legrandcontinent.eu\/fr\/nationalisme\/\"]}]},{\"@type\":\"ImageObject\",\"inLanguage\":\"fr-FR\",\"@id\":\"https:\/\/legrandcontinent.eu\/fr\/nationalisme\/#primaryimage\",\"url\":\"https:\/\/legrandcontinent.eu\/fr\/wp-content\/uploads\/sites\/2\/2018\/11\/triangle-rouge.png\",\"contentUrl\":\"https:\/\/legrandcontinent.eu\/fr\/wp-content\/uploads\/sites\/2\/2018\/11\/triangle-rouge.png\",\"width\":13,\"height\":16},{\"@type\":\"BreadcrumbList\",\"@id\":\"https:\/\/legrandcontinent.eu\/fr\/nationalisme\/#breadcrumb\",\"itemListElement\":[{\"@type\":\"ListItem\",\"position\":1,\"name\":\"Accueil\",\"item\":\"https:\/\/legrandcontinent.eu\/fr\/\"},{\"@type\":\"ListItem\",\"position\":2,\"name\":\"#nationalisme\"}]},{\"@type\":\"WebSite\",\"@id\":\"https:\/\/legrandcontinent.eu\/fr\/#website\",\"url\":\"https:\/\/legrandcontinent.eu\/fr\/\",\"name\":\"Le Grand Continent\",\"description\":\"L&#039;\u00e9chelle pertinente\",\"potentialAction\":[{\"@type\":\"SearchAction\",\"target\":{\"@type\":\"EntryPoint\",\"urlTemplate\":\"https:\/\/legrandcontinent.eu\/fr\/?s={search_term_string}\"},\"query-input\":{\"@type\":\"PropertyValueSpecification\",\"valueRequired\":true,\"valueName\":\"search_term_string\"}}],\"inLanguage\":\"fr-FR\"}]}<\/script>\n<!-- \/ Yoast SEO plugin. -->","yoast_head_json":{"title":"#nationalisme | Le Grand Continent","robots":{"index":"index","follow":"follow","max-snippet":"max-snippet:-1","max-image-preview":"max-image-preview:large","max-video-preview":"max-video-preview:-1"},"canonical":"https:\/\/legrandcontinent.eu\/fr\/nationalisme\/","og_locale":"fr_FR","og_type":"article","og_title":"#nationalisme | Le Grand Continent","og_description":"DANS LA PERSPECTIVE DES \u00c9LECTIONS EUROP\u00c9ENNES DE 2019, DES MEMBRES DU GROUPE D\u2019\u00c9TUDES G\u00c9OPOLITIQUES ET DE L\u2019INSTITUT JACQUES DELORS r\u00e9fl\u00e9chissent \u00c0 UN MOT QUI SERA CRUCIAL POUR CES \u00c9LECTIONS&#160;&#160;: nationalisme. LA NOTE QUI SUIT OFFRE UNE SYNTH\u00c8SE DES POSITIONS QUI RESSORTENT DE CETTE DISCUSSION. Trois types de nationalismes historiques On peut distinguer d\u2019une mani\u00e8re tr\u00e8s [&hellip;]","og_url":"https:\/\/legrandcontinent.eu\/fr\/nationalisme\/","og_site_name":"Le Grand Continent","og_image":[{"url":"https:\/\/legrandcontinent.eu\/fr\/wp-content\/uploads\/sites\/2\/2018\/11\/triangle-rouge.png","type":"","width":"","height":""}],"twitter_card":"summary_large_image","twitter_misc":{"Dur\u00e9e de lecture estim\u00e9e":"8 minutes"},"schema":{"@context":"https:\/\/schema.org","@graph":[{"@type":"WebPage","@id":"https:\/\/legrandcontinent.eu\/fr\/nationalisme\/","url":"https:\/\/legrandcontinent.eu\/fr\/nationalisme\/","name":"#nationalisme | Le Grand Continent","isPartOf":{"@id":"https:\/\/legrandcontinent.eu\/fr\/#website"},"primaryImageOfPage":{"@id":"https:\/\/legrandcontinent.eu\/fr\/nationalisme\/#primaryimage"},"image":{"@id":"https:\/\/legrandcontinent.eu\/fr\/nationalisme\/#primaryimage"},"thumbnailUrl":"https:\/\/legrandcontinent.eu\/fr\/wp-content\/uploads\/sites\/2\/2018\/11\/triangle-rouge.png","datePublished":"2019-02-12T17:53:56+00:00","breadcrumb":{"@id":"https:\/\/legrandcontinent.eu\/fr\/nationalisme\/#breadcrumb"},"inLanguage":"fr-FR","potentialAction":[{"@type":"ReadAction","target":["https:\/\/legrandcontinent.eu\/fr\/nationalisme\/"]}]},{"@type":"ImageObject","inLanguage":"fr-FR","@id":"https:\/\/legrandcontinent.eu\/fr\/nationalisme\/#primaryimage","url":"https:\/\/legrandcontinent.eu\/fr\/wp-content\/uploads\/sites\/2\/2018\/11\/triangle-rouge.png","contentUrl":"https:\/\/legrandcontinent.eu\/fr\/wp-content\/uploads\/sites\/2\/2018\/11\/triangle-rouge.png","width":13,"height":16},{"@type":"BreadcrumbList","@id":"https:\/\/legrandcontinent.eu\/fr\/nationalisme\/#breadcrumb","itemListElement":[{"@type":"ListItem","position":1,"name":"Accueil","item":"https:\/\/legrandcontinent.eu\/fr\/"},{"@type":"ListItem","position":2,"name":"#nationalisme"}]},{"@type":"WebSite","@id":"https:\/\/legrandcontinent.eu\/fr\/#website","url":"https:\/\/legrandcontinent.eu\/fr\/","name":"Le Grand Continent","description":"L&#039;\u00e9chelle pertinente","potentialAction":[{"@type":"SearchAction","target":{"@type":"EntryPoint","urlTemplate":"https:\/\/legrandcontinent.eu\/fr\/?s={search_term_string}"},"query-input":{"@type":"PropertyValueSpecification","valueRequired":true,"valueName":"search_term_string"}}],"inLanguage":"fr-FR"}]}},"_links":{"self":[{"href":"https:\/\/legrandcontinent.eu\/fr\/wp-json\/wp\/v2\/pages\/14007","targetHints":{"allow":["GET"]}}],"collection":[{"href":"https:\/\/legrandcontinent.eu\/fr\/wp-json\/wp\/v2\/pages"}],"about":[{"href":"https:\/\/legrandcontinent.eu\/fr\/wp-json\/wp\/v2\/types\/page"}],"author":[{"embeddable":true,"href":"https:\/\/legrandcontinent.eu\/fr\/wp-json\/wp\/v2\/users\/4"}],"replies":[{"embeddable":true,"href":"https:\/\/legrandcontinent.eu\/fr\/wp-json\/wp\/v2\/comments?post=14007"}],"version-history":[{"count":0,"href":"https:\/\/legrandcontinent.eu\/fr\/wp-json\/wp\/v2\/pages\/14007\/revisions"}],"wp:attachment":[{"href":"https:\/\/legrandcontinent.eu\/fr\/wp-json\/wp\/v2\/media?parent=14007"}],"wp:term":[{"taxonomy":"category","embeddable":true,"href":"https:\/\/legrandcontinent.eu\/fr\/wp-json\/wp\/v2\/categories?post=14007"}],"curies":[{"name":"wp","href":"https:\/\/api.w.org\/{rel}","templated":true}]}}