{"id":138995,"date":"2022-05-05T18:09:49","date_gmt":"2022-05-05T16:09:49","guid":{"rendered":"https:\/\/legrandcontinent.eu\/fr\/?page_id=138995"},"modified":"2022-05-08T16:47:53","modified_gmt":"2022-05-08T14:47:53","slug":"reserver-votre-exemplaire-politiques-de-linterregne","status":"publish","type":"page","link":"https:\/\/legrandcontinent.eu\/fr\/reserver-votre-exemplaire-politiques-de-linterregne\/","title":{"rendered":"R\u00e9server votre exemplaire pour la journ\u00e9e du 17 mai"},"content":{"rendered":"\n<p class=\"has-text-align-center\"><a href=\"https:\/\/legrandcontinent.eu\/fr\/user-dashboard\/register\/\">\u2190  d\u00e9couvrir nos autres offres d&rsquo;abonnement<\/a><\/p>\n\n\n<section class=\"dive print-block my-16\" style=\"background-color:#ffffff;\">\n\t<div class=\"wrapper\">\n\t\t<div class=\"container mx-auto \">\n\t\t\t<div class=\"row flex flex-wrap relative pt-6 pb-16 lg:py-8\">\n\t\t\t\t<div class=\"col w-full xl:ml-1\/10\n\t\t\t\t\t md:w-2\/5 xl:w-2\/5 \t\t\t\t\t\">\n\t\t\t\t\t<a href=\"https:\/\/legrandcontinent.eu\/fr\/evenements\/colloque-sorbonne-interregne\/\" style=\"color:#000000;\" class=\"font-display font-normal text-4xl leading-9 mb-5 text-white no-underline\">\n\t\t\t\t\t\tApr\u00e8s l&rsquo;invasion de l&rsquo;Ukraine, l&rsquo;Europe dans l&rsquo;interr\u00e8gne\t\t\t\t\t<\/a>\n\t\t\t\t\t\t\t\t\t\t\t<div style=\"color:#000000;\" class=\"text-base leading-none font-sans\">\n\t\t\t\t\t\t\t<p>Le Grand Continent vous invite \u00e0 une journ\u00e9e exceptionnelle le 17 mai en partenariat avec l\u2019Acad\u00e9mie de Paris, la Chancellerie des universit\u00e9s, Le Monde, Repubblica, El Pais et France Inter.<\/p>\n\t\t\t\t\t\t<\/div>\n\t\t\t\t\t\n\t\t\t\t\t\t\t\t\t\t\t<div class=\"mt-12 dive-list\">\n\t\t\t\t\t\t\t\t\t\t\t\t\t\t\t<a  style=\"color:#dd203c;\" class=\"no-underline block border-t border-grey-darker py-2 flex\"\n\t\t\t\t\t\t\t\t   href=\"https:\/\/legrandcontinent.eu\/fr\/evenements\/colloque-sorbonne-interregne\/\"><span class=\"font-sans font-semibold pr-4\">\u2192<\/span> En savoir plus sur l&rsquo;\u00e9v\u00e9nement<\/a>\n\t\t\t\t\t\t\t\t\t\t\t\t\t<\/div>\n\t\t\t\t\t\n\t\t\t\t\t\t\t\t\t\t\t<div style=\"color:#000000;\" class=\"dive-footer font-sans text-xs border-t border-grey-darker py-2 leading-4\">\n\t\t\t\t\t\t\t<p>Le 17 mai, <strong>Arancha Gonzalez Laya<\/strong> (ancienne ministre espagnole des Affaires \u00e9trang\u00e8res), <strong>Gilles Kepel<\/strong> (directeur de la collection \u00ab&#160;&#160;Esprits du monde&#160;&#160;\u00bb aux \u00c9ditions Gallimard), <strong>Anna Colin Lebedev<\/strong> (sp\u00e9cialiste des espaces post-sovi\u00e9tiques), <strong>Jean-Paul Palom\u00e9ros<\/strong> (ancien chef d\u2019\u00e9tat-major de l\u2019arm\u00e9e de l\u2019air), <strong>Georges-Henri Soutou<\/strong>, (historien, pr\u00e9sident de l\u2019Acad\u00e9mie des sciences morales et politiques), <strong>Jean Pisani-Ferry<\/strong> (\u00e9conomiste, auteur de <em>Politiques de l\u2019interr\u00e8gne<\/em>), <strong>Magali Reghezza-Zitt<\/strong>(g\u00e9ographe, \u00c9cole normale sup\u00e9rieure), <strong>\u00c9tienne Balibar<\/strong> (philosophe, Columbia University), <strong>Giuliano Da Empoli<\/strong> (politiste et \u00e9crivain, auteur de <em>Politiques de l\u2019interr\u00e8gne<\/em>) et <strong>\u00c9lisabeth Roudinesco<\/strong> (historienne de la psychanalyse, \u00c9cole normale sup\u00e9rieure) d\u00e9battent de\u00a0<em>Politiques de l&rsquo;interr\u00e8gne.<\/em><\/p>\n<p>\u00c0 l&rsquo;occasion de votre venue en Sorbonne, nous vous offrons la possibilit\u00e9 de vous procurer le premier volume papier du <em>Grand Continent<\/em> au tarif pr\u00e9f\u00e9rentiel de 20\u20ac.<\/p>\n\t\t\t\t\t\t<\/div>\n\t\t\t\t\t\n\t\t\t\t<\/div>\n\t\t\t\t\t\t\t\t\t\t\t\n\t\t\t\t\t\t\t<div class=\"col w-full md:w-3\/5 xl:w-2\/5  md:px-0 relative overflow-hidden mt-8 md:mt-0 macron-img\">\n\t\t\t\t\t\t\t\t<a class=\"!absolute !bg-none w-full h-full pin-t pin-l\" href=\"https:\/\/legrandcontinent.eu\/fr\/evenements\/colloque-sorbonne-interregne\/\" class=\"no-underline\">\n\t\t\t\t\t\t\t\t\t<img decoding=\"async\" style=\"object-fit: contain; width: 100%; height: 100%;\" src=\"https:\/\/legrandcontinent.eu\/fr\/wp-content\/uploads\/sites\/2\/2022\/03\/mediamodifier_image-2-2-990x660.png\" \/>\n\t\t\t\t\t\t\t\t<\/a> \n\t\t\t\t\t\t\t<\/div>\n\n\t\t\t\t\t\t\t\t\t\t\t\t\t\t\n\t\t\t<\/div>\n\t\t<\/div>\n\t<\/div>\n<\/section>\n\n\n","protected":false},"excerpt":{"rendered":"<p>\u2190 d\u00e9couvrir nos autres offres d&rsquo;abonnement<\/p>\n","protected":false},"author":10,"featured_media":0,"parent":0,"menu_order":0,"comment_status":"closed","ping_status":"closed","template":"templates\/user-registration.php","meta":{"_acf_changed":false,"_trash_the_other_posts":false,"footnotes":""},"categories":[],"class_list":["post-138995","page","type-page","status-publish","hentry"],"acf":[],"yoast_head":"<!-- This site is optimized with the Yoast SEO plugin v26.1.1 - https:\/\/yoast.com\/wordpress\/plugins\/seo\/ -->\n<title>R\u00e9server votre exemplaire pour la journ\u00e9e du 17 mai | Le Grand Continent<\/title>\n<meta name=\"robots\" content=\"index, follow, max-snippet:-1, max-image-preview:large, max-video-preview:-1\" \/>\n<link rel=\"canonical\" href=\"https:\/\/legrandcontinent.eu\/fr\/reserver-votre-exemplaire-politiques-de-linterregne\/\" \/>\n<meta property=\"og:locale\" content=\"fr_FR\" \/>\n<meta property=\"og:type\" content=\"article\" \/>\n<meta property=\"og:title\" content=\"R\u00e9server votre exemplaire pour la journ\u00e9e du 17 mai | Le Grand Continent\" \/>\n<meta property=\"og:description\" content=\"\u2190 d\u00e9couvrir nos autres offres d&rsquo;abonnement\" \/>\n<meta property=\"og:url\" content=\"https:\/\/legrandcontinent.eu\/fr\/reserver-votre-exemplaire-politiques-de-linterregne\/\" \/>\n<meta property=\"og:site_name\" content=\"Le Grand Continent\" \/>\n<meta property=\"article:modified_time\" content=\"2022-05-08T14:47:53+00:00\" \/>\n<meta property=\"og:image\" content=\"https:\/\/legrandcontinent.eu\/fr\/wp-content\/uploads\/sites\/2\/2022\/04\/grand-continent-gallimard-mock-up.png\" \/>\n\t<meta property=\"og:image:width\" content=\"2100\" \/>\n\t<meta property=\"og:image:height\" content=\"1400\" \/>\n\t<meta property=\"og:image:type\" content=\"image\/png\" \/>\n<meta name=\"twitter:card\" content=\"summary_large_image\" \/>\n<meta name=\"twitter:image\" content=\"https:\/\/legrandcontinent.eu\/fr\/wp-content\/uploads\/sites\/2\/2022\/04\/grand-continent-gallimard-mock-up.png\" \/>\n<meta name=\"twitter:label1\" content=\"Dur\u00e9e de lecture estim\u00e9e\" \/>\n\t<meta name=\"twitter:data1\" content=\"1 minute\" \/>\n<script type=\"application\/ld+json\" class=\"yoast-schema-graph\">{\"@context\":\"https:\/\/schema.org\",\"@graph\":[{\"@type\":\"WebPage\",\"@id\":\"https:\/\/legrandcontinent.eu\/fr\/reserver-votre-exemplaire-politiques-de-linterregne\/\",\"url\":\"https:\/\/legrandcontinent.eu\/fr\/reserver-votre-exemplaire-politiques-de-linterregne\/\",\"name\":\"R\u00e9server votre exemplaire pour la journ\u00e9e du 17 mai | Le Grand Continent\",\"isPartOf\":{\"@id\":\"https:\/\/legrandcontinent.eu\/fr\/#website\"},\"datePublished\":\"2022-05-05T16:09:49+00:00\",\"dateModified\":\"2022-05-08T14:47:53+00:00\",\"breadcrumb\":{\"@id\":\"https:\/\/legrandcontinent.eu\/fr\/reserver-votre-exemplaire-politiques-de-linterregne\/#breadcrumb\"},\"inLanguage\":\"fr-FR\",\"potentialAction\":[{\"@type\":\"ReadAction\",\"target\":[\"https:\/\/legrandcontinent.eu\/fr\/reserver-votre-exemplaire-politiques-de-linterregne\/\"]}]},{\"@type\":\"BreadcrumbList\",\"@id\":\"https:\/\/legrandcontinent.eu\/fr\/reserver-votre-exemplaire-politiques-de-linterregne\/#breadcrumb\",\"itemListElement\":[{\"@type\":\"ListItem\",\"position\":1,\"name\":\"Accueil\",\"item\":\"https:\/\/legrandcontinent.eu\/fr\/\"},{\"@type\":\"ListItem\",\"position\":2,\"name\":\"R\u00e9server votre exemplaire pour la journ\u00e9e du 17 mai\"}]},{\"@type\":\"WebSite\",\"@id\":\"https:\/\/legrandcontinent.eu\/fr\/#website\",\"url\":\"https:\/\/legrandcontinent.eu\/fr\/\",\"name\":\"Le Grand Continent\",\"description\":\"L&#039;\u00e9chelle pertinente\",\"potentialAction\":[{\"@type\":\"SearchAction\",\"target\":{\"@type\":\"EntryPoint\",\"urlTemplate\":\"https:\/\/legrandcontinent.eu\/fr\/?s={search_term_string}\"},\"query-input\":{\"@type\":\"PropertyValueSpecification\",\"valueRequired\":true,\"valueName\":\"search_term_string\"}}],\"inLanguage\":\"fr-FR\"}]}<\/script>\n<!-- \/ Yoast SEO plugin. -->","yoast_head_json":{"title":"R\u00e9server votre exemplaire pour la journ\u00e9e du 17 mai | Le Grand Continent","robots":{"index":"index","follow":"follow","max-snippet":"max-snippet:-1","max-image-preview":"max-image-preview:large","max-video-preview":"max-video-preview:-1"},"canonical":"https:\/\/legrandcontinent.eu\/fr\/reserver-votre-exemplaire-politiques-de-linterregne\/","og_locale":"fr_FR","og_type":"article","og_title":"R\u00e9server votre exemplaire pour la journ\u00e9e du 17 mai | Le Grand Continent","og_description":"\u2190 d\u00e9couvrir nos autres offres d&rsquo;abonnement","og_url":"https:\/\/legrandcontinent.eu\/fr\/reserver-votre-exemplaire-politiques-de-linterregne\/","og_site_name":"Le Grand Continent","article_modified_time":"2022-05-08T14:47:53+00:00","og_image":[{"width":2100,"height":1400,"url":"https:\/\/legrandcontinent.eu\/fr\/wp-content\/uploads\/sites\/2\/2022\/04\/grand-continent-gallimard-mock-up.png","type":"image\/png"}],"twitter_card":"summary_large_image","twitter_image":"https:\/\/legrandcontinent.eu\/fr\/wp-content\/uploads\/sites\/2\/2022\/04\/grand-continent-gallimard-mock-up.png","twitter_misc":{"Dur\u00e9e de lecture estim\u00e9e":"1 minute"},"schema":{"@context":"https:\/\/schema.org","@graph":[{"@type":"WebPage","@id":"https:\/\/legrandcontinent.eu\/fr\/reserver-votre-exemplaire-politiques-de-linterregne\/","url":"https:\/\/legrandcontinent.eu\/fr\/reserver-votre-exemplaire-politiques-de-linterregne\/","name":"R\u00e9server votre exemplaire pour la journ\u00e9e du 17 mai | Le Grand Continent","isPartOf":{"@id":"https:\/\/legrandcontinent.eu\/fr\/#website"},"datePublished":"2022-05-05T16:09:49+00:00","dateModified":"2022-05-08T14:47:53+00:00","breadcrumb":{"@id":"https:\/\/legrandcontinent.eu\/fr\/reserver-votre-exemplaire-politiques-de-linterregne\/#breadcrumb"},"inLanguage":"fr-FR","potentialAction":[{"@type":"ReadAction","target":["https:\/\/legrandcontinent.eu\/fr\/reserver-votre-exemplaire-politiques-de-linterregne\/"]}]},{"@type":"BreadcrumbList","@id":"https:\/\/legrandcontinent.eu\/fr\/reserver-votre-exemplaire-politiques-de-linterregne\/#breadcrumb","itemListElement":[{"@type":"ListItem","position":1,"name":"Accueil","item":"https:\/\/legrandcontinent.eu\/fr\/"},{"@type":"ListItem","position":2,"name":"R\u00e9server votre exemplaire pour la journ\u00e9e du 17 mai"}]},{"@type":"WebSite","@id":"https:\/\/legrandcontinent.eu\/fr\/#website","url":"https:\/\/legrandcontinent.eu\/fr\/","name":"Le Grand Continent","description":"L&#039;\u00e9chelle pertinente","potentialAction":[{"@type":"SearchAction","target":{"@type":"EntryPoint","urlTemplate":"https:\/\/legrandcontinent.eu\/fr\/?s={search_term_string}"},"query-input":{"@type":"PropertyValueSpecification","valueRequired":true,"valueName":"search_term_string"}}],"inLanguage":"fr-FR"}]}},"_links":{"self":[{"href":"https:\/\/legrandcontinent.eu\/fr\/wp-json\/wp\/v2\/pages\/138995","targetHints":{"allow":["GET"]}}],"collection":[{"href":"https:\/\/legrandcontinent.eu\/fr\/wp-json\/wp\/v2\/pages"}],"about":[{"href":"https:\/\/legrandcontinent.eu\/fr\/wp-json\/wp\/v2\/types\/page"}],"author":[{"embeddable":true,"href":"https:\/\/legrandcontinent.eu\/fr\/wp-json\/wp\/v2\/users\/10"}],"replies":[{"embeddable":true,"href":"https:\/\/legrandcontinent.eu\/fr\/wp-json\/wp\/v2\/comments?post=138995"}],"version-history":[{"count":0,"href":"https:\/\/legrandcontinent.eu\/fr\/wp-json\/wp\/v2\/pages\/138995\/revisions"}],"wp:attachment":[{"href":"https:\/\/legrandcontinent.eu\/fr\/wp-json\/wp\/v2\/media?parent=138995"}],"wp:term":[{"taxonomy":"category","embeddable":true,"href":"https:\/\/legrandcontinent.eu\/fr\/wp-json\/wp\/v2\/categories?post=138995"}],"curies":[{"name":"wp","href":"https:\/\/api.w.org\/{rel}","templated":true}]}}