{"id":10132,"date":"2018-05-04T21:23:21","date_gmt":"2018-05-04T20:23:21","guid":{"rendered":"https:\/\/legrandcontinent.eu\/?page_id=10132"},"modified":"2018-05-04T21:23:21","modified_gmt":"2018-05-04T20:23:21","slug":"1er-mai-maghreb-et-libye-que-peut-leurope","status":"publish","type":"page","link":"https:\/\/legrandcontinent.eu\/fr\/1er-mai-maghreb-et-libye-que-peut-leurope\/","title":{"rendered":"1er mai&#160;: Maghreb et Libye, que peut l\u2019Europe\u00a0&#160;?"},"content":{"rendered":"<h5>Un d\u00e9bat collectif \u00e0 partir d\u2019un dossier exclusif paru sur <a href=\"http:\/\/www.legrandcontinent.eu\/\">www.legrandcontinent.eu<\/a><\/h5>\n<p><em>Pour le 21<sup>e\u00a0<\/sup>Mardi de l\u2019Europe, nous avons accueilli Jalel Harchaoui, doctorant et ma\u00eetre de conf\u00e9rences en g\u00e9opolitique.<br \/>\nCompte-rendu par Gabrielle Escaich<\/em><\/p>\n<hr \/>\n<h5>Intervention de Jalel Harchaoui<\/h5>\n<p>Pour commencer&#160;: petit point historique. Avant la crise de 2011, la Libye fait partie de la partie occidentale. Elle a fait beaucoup d\u2019\u00e9conomies gr\u00e2ce \u00e0 la mont\u00e9e des prix du p\u00e9trole (on peut la comparer \u00e0 ce sujet \u00e0 la Cor\u00e9e). Cette mont\u00e9e des prix du p\u00e9trole a dur\u00e9 pendant plus de dix ans. Ainsi, quand on prend une photographie de la Libye \u00e0 la veille des soi-disant Printemps arabes, on voit une Libye qui est contente de faire partie de la cour occidentale, et a de l\u2019argent aux Etats-Unis notamment. Il faut se m\u00e9fier des th\u00e9ories du complot pr\u00e9tendant que Kadhafi a cr\u00e9\u00e9 une monnaie fond\u00e9e sur l\u2019or dans le but de faire concurrence \u00e0 l\u2019euro.<br \/>\nDans le cadre des soul\u00e8vements arabes (qui ont commenc\u00e9 en Tunisie), commence une intervention en Libye qui implique de nombreux Etats et pas seulement la France. Ceci remet en question l\u2019id\u00e9e que ce serait Sarkozy qui aurait d\u00e9cid\u00e9 d\u2019emmener une vingtaine d\u2019Etats en guerre, comme certains le pr\u00e9tendent. Cette intervention implique de nombreux Etats, et, parmi eux, certains sont dans une logique id\u00e9aliste, d\u2019autres affirment un r\u00f4le militaire important avec un but oppos\u00e9 (Emirats arabes unis, Qatar, Arabie saoudite en coulisse). Il y a une forte incoh\u00e9rence dans la coalition men\u00e9e par les Etats-Unis, la Grande-Bretagne et la France.<br \/>\nL\u2019intervention prend fin le 31 octobre 2011. D\u00e8s lors, la France et de la Grande-Bretagne se d\u00e9sint\u00e9ressent de la Libye, les Etats-Unis un peu moins. Le retrait des Etats-Unis est renforc\u00e9 \u00e0 l\u2019occasion de l\u2019assassinat de l\u2019ambassadeur des Etats-Unis en 2012.<br \/>\nEn 2013, la situation du Mali est catastrophique, en Syrie Bachar survit&#160;: la gestion occidentale des Printemps arabes n\u2019est pas un succ\u00e8s. \u00c0 cela s\u2019ajoute une intervention de l\u2019Arabie saoudite, et des Emirats arabes unis, approuv\u00e9e par les Etats-Unis, qui installent une dictature militaire en Libye. D\u00e8s 2013, il y a un durcissement de l\u2019islam politique des fr\u00e8res musulmans, qui \u00e9taient, d\u00e8s le d\u00e9part, faibles en Libye par rapport \u00e0 d\u2019autres pays tels que le Maroc. Cette faiblesse de l\u2019islam politique est une caract\u00e9ristique structurelle de la Libye, d\u2019o\u00f9 la violence de ces partis politiques.D\u00e8s juillet 2013, il y a un durcissement des deux camps. D\u00e8s 2014, commence une guerre civile qui se poursuit aujourd\u2019hui.<br \/>\nAinsi, si on r\u00e9sume la chronologie&#160;: il y a une guerre en 2011, une sorte d\u2019accalmie en 2012-2013, puis un red\u00e9marrage de la guerre civile en 2014 sans intervention occidentale. Il y a un fort r\u00f4le r\u00e9gional&#160;: Turquie, Emirats arabes unis, entre autres. Ceux qui interf\u00e8rent en Libye sont les alli\u00e9s de la France, des Etats-Unis et de la Grande-Bretagne. C\u2019est tr\u00e8s diff\u00e9rent de la Syrie, o\u00f9 sont pr\u00e9sents des adversaires du camp de Washington (Russie notamment). La guerre en Libye est fabriqu\u00e9e par les alli\u00e9s. La Russie commence seulement \u00e0 agir en 2015.<br \/>\nIl y a une fragmentation notable du contr\u00f4le du territoire. C\u2019est une r\u00e9alit\u00e9 d\u00e8s 2015. Cette fragmentation a deux cons\u00e9quences. D\u2019une part, elle a accru la crise migratoire. En effet, s\u2019est mise en place une \u00e9conomie de la protection. On peut acheter le droit de traverser telle parcelle, utiliser telle plage (on pense ici particuli\u00e8rement aux r\u00e9seaux de trafics et aux flux migratoires vers l\u2019Italie). Pour l\u2019instant, c\u2019est l\u2019Italie qui fait face, seule, au flux qui traverse Libye, malgr\u00e9 les pr\u00e9occupations de la France (dans les faits, ce n\u2019est pas encore une r\u00e9alit\u00e9 pour elle). D\u2019autre part, la fragmentation du contr\u00f4le a abouti \u00e0 une absence de monopole dans le contr\u00f4le du territoire. Ainsi, Daesh, venant notamment du Soudan et d\u2019Arabie Saoudite en a profit\u00e9 pour s\u2019installer et prend le contr\u00f4le du territoire. En 2015-2016, suite \u00e0 une guerre marqu\u00e9e par d\u2019intenses bombardements, Syrte est lib\u00e9r\u00e9e de Daesh, mais la ville n\u2019a jamais \u00e9t\u00e9 reconstruite. La France ne participe pas \u00e0 cette guerre \u00e0 Syrte.<br \/>\nAujourd\u2019hui, on subit les cons\u00e9quences de 42 ans d\u2019\u00e9touffement de la forte polarisation, renforc\u00e9e par les rancunes cultiv\u00e9es par la dictature Kadhafi.<br \/>\nLes pays \u00e9trangers ont des attitudes court-termistes en Libye. La diplomatie Macron\u00a0est toutefois moins court-termiste qu\u2019il y a un an, mais la France est toujours ambitieuse et press\u00e9e.<\/p>\n<hr \/>\n<h5>D\u00e9bat<\/h5>\n<p><em>La France n\u2019est pas intervenue en 2016 en Libye, en quoi est-ce li\u00e9 au fait qu\u2019elle n\u2019est pas pr\u00e9sente militairement en Libye&#160;?<\/em><br \/>\nLa France est pr\u00e9sente en Libye, mais elle est entr\u00e9e sur le terrain avec l\u2019op\u00e9ration Barkhane. Elle sent qu\u2019elle est bien pr\u00e9sente dans les pays du Sahel. La France ne conna\u00eet pas bien la Libye, et est entr\u00e9e <em>via<\/em>son amiti\u00e9 avec l\u2019Egypte. Depuis 2011, le discours de l\u2019Egypte confond volontairement l\u2019islam politique et le terrorisme. La France est r\u00e9ticente \u00e0 aider les libyens qui ont eu une complicit\u00e9 avec d\u2019autres islamismes violent, diff\u00e9rents de Daesh. La France politise le terrorisme&#160;: elle op\u00e8re une d\u00e9formation id\u00e9ologique. C\u2019est diff\u00e9rent des Etats-Unis&#160;: ils se lient d\u2019amiti\u00e9 avec tous ceux qui souhaitent aider sur le terrain. Il en est de m\u00eame pour la Grande-Bretagne, ou encore l\u2019Italie.<br \/>\n<em>Quelle est la position du quai d\u2019Orsay sur le dossier libyen&#160;?<\/em><br \/>\nIl y a une profonde division du quai d\u2019Orsay sur dossier libyen. En r\u00e9alit\u00e9, il y a une schizophr\u00e9nie dans tous les pays intervenants en Libye. On peut distinguer deux positions diff\u00e9rentes. D\u2019un c\u00f4t\u00e9, il y a un pragmatisme beaucoup plus malin des diplomates (leur m\u00e9tier n\u00e9cessite de parler \u00e0 d\u2019autres, m\u00eame s\u2019ils ne sont pas leurs amis). Au contraire, l\u2019approche militaire est une approche verticale (s\u2019ils peuvent fournir des armes et attaquer&#160;: ils le font). Aujourd\u2019hui, au quai d\u2019Orsay, Jean-Yves Le Drian est rest\u00e9 un homme du minist\u00e8re de la D\u00e9fense&#160;: il continue de raisonner dans une approche militaire, sans tirer les avantages des diplomates du quai d\u2019Orsay.<br \/>\nLe comportement de la France est li\u00e9 \u00e0 son amiti\u00e9 avec l\u2019Egypte. Elle a une m\u00eame division. Du fait de l\u2019attaque qui a eu lieu dans le pays fin octobre, un certain nombre de dirigeants militaires ont \u00e9t\u00e9 renvoy\u00e9s, ce qui a donn\u00e9 une bouff\u00e9e d\u2019oxyg\u00e8ne pour les diplomates. Ces changements d\u00e9teignent sur la France, et l\u2019incitent \u00e0 adopter une approche, non pas verticale mais horizontale (b\u00e2tir des r\u00e9seaux, faire des alliances avec des groupes qui, bien qu\u2019ennemis, sont libyens).<br \/>\n<em>Est-il pertinent d\u2019avoir une approche europ\u00e9enne sur la Libye ou les avis sont-ils trop divergents pour l\u2019envisager&#160;?<\/em><br \/>\nIl faut revenir sur la question de savoir pourquoi la Russie va si loin&#160;: elle intervient car il s\u2019agit de la suite logique du Caucase russe, et donc d\u2019un lien strat\u00e9gique. Les Russes sont pr\u00e9sents en Libye car ils pensent que la Libye est une voie royale vers le dysfonctionnement europ\u00e9en. En Effet, l\u2019Europe voit deux sympt\u00f4mes de la guerre civile&#160;: la crise migratoire et la crise du terrorisme. Pour les Russes, construire leur pr\u00e9sence en Libye permet de renforcer la division au sein de l\u2019OTAN. Il n\u2019y a donc pas de politique de l\u2019OTAN et de l\u2019Europe en Libye. Parfois l\u2019Italie a une diplomatie assez puissante pour influencer Europe, mais pas toujours.<br \/>\n<em>A quel point les rumeurs, d\u2019ailleurs d\u00e9menties, autour de la pr\u00e9sence en France du mar\u00e9chal Haftar, est-elle r\u00e9v\u00e9latrice quant \u00e0 la situation politique de la Libye&#160;?<\/em><br \/>\nCes trois semaines sont tr\u00e8s r\u00e9v\u00e9latrices. Il y a vraiment eu une hospitalisation d\u2019Haftar \u00e0 Percy, mais il n\u2019est pas mort. Il est rentr\u00e9. La panique d\u2019un certain nombre de pays montre qu\u2019ils comptent beaucoup sur l\u2019importance d\u2019un homme. La France, les Emirats arabes unis, et l\u2019Arabie Saoudite n\u2019ont, au contraire, pas beaucoup paniqu\u00e9 pendant ces trois semaines&#160;: ils avaient d\u00e9j\u00e0 commenc\u00e9 \u00e0 avoir une approche plus verticale. En effet, Haftar a trop train\u00e9&#160;: bien qu\u2019il ait eu beaucoup le soutien de ces quatre Etats, il reste exclu de la seule partie cruciale Libye&#160;: le Nord-Ouest.<br \/>\nCes Etats ont d\u00e9couvert d\u2019autres acteurs, indig\u00e8nes de l\u2019Ouest libyen, plus jeunes, qui font un travail anti-islamiste. C\u2019est le cas \u00e0 Tripoli&#160;: gr\u00e2ce \u00e0 leur action, il n\u2019y a plus d\u2019islamistes depuis un an dans la ville. M\u00eame si ce sont des milices tr\u00e8s corrompues, elles peuvent faire le travail, en donnant une s\u00e9curit\u00e9 r\u00e9elle pour les citoyens et ambassades &#8211; et en volant beaucoup d\u2019argent -. Cette criminalit\u00e9 souterraine, o\u00f9 les Etats \u00e9trangers jouent grand r\u00f4le, se p\u00e9rennise.<br \/>\n<em>Pourquoi parler de \u00ab&#160;soi-disant&#160;\u00bb Printemps arabes&#160;?<\/em><br \/>\nDans \u00ab&#160;printemps&#160;\u00bb, on entend quelque chose de positif, d\u2019heureux. C\u2019est une appellation pr\u00e9matur\u00e9e historiquement, car on est encore dans cette crise, qui a commenc\u00e9 en novembre 2010). Jalel Harchaoui pr\u00e9f\u00e8re parler de soul\u00e8vements arabes. Le terme de \u00ab&#160;soul\u00e8vement&#160;\u00bb est factuel, et n\u2019ajoute pas \u00ab&#160;coloration Bisounours&#160;\u00bb, qui n\u2019est pas l\u00e9gitime. Il ne faut pas faire de parall\u00e8le avec le printemps des peuples.<br \/>\n<em>En quoi la position de la France est-elle court-termiste&#160;?<\/em><br \/>\nMacron est tr\u00e8s impatient dans politique \u00e9trang\u00e8re. Il a tendance \u00e0 cr\u00e9er des \u00e9v\u00e8nements m\u00e9diatiques sans qu\u2019il y ait d\u2019\u00e9v\u00e8nements tangibles. Le Drian ne vient pas le ralentir mais le suit. Toutefois, ils apprennent vite. Leur connaissance du dossier libyen est bien meilleure qu\u2019avant. Lors du sommet de la France \u00e0 Saint-Cloud, ils ne savaient pas de quoi ils parlaient. Ils devraient \u00eatre moins impatients. Par exemple, Le Drian, en voyage au Caire fin avril, a affirm\u00e9 qu\u2019il faut \u00e0 tout prix que la Libye tienne \u00e9lection, sans pr\u00e9ciser la nature de ces \u00e9lections. C\u2019est une preuve d\u2019impatience. La guerre civile dans laquelle se trouve la Lybie a justement \u00e9t\u00e9 d\u00e9clench\u00e9e en partie \u00e0 cause d\u2019une organisation d\u2019\u00e9lections, sans s\u2019assurer que les acteurs seraient pr\u00eats \u00e0 respecter les r\u00e9sultats des \u00e9lections en cas d\u2019\u00e9chec.<br \/>\n<em>N&rsquo;y-a-t-il pas un risque de d\u00e9stabilisation des pays voisins&#160;?<\/em><br \/>\nSi, il y en a. La Tunisie notamment. Un des probl\u00e8mes de ce pays est la crise \u00e9conomique. La France pourrait facilement changer ce destin \u00e9conomique, car la d\u00e9mographie de la Tunisie n\u2019est pas aussi d\u00e9s\u00e9quilibr\u00e9e que celle de ses voisins, la population y est instruite. Mais comme la situation est calme, personne ne s\u2019en occupe. Aujourd\u2019hui en France, on est tellement traumatis\u00e9 par le d\u00e9sastre au Sahel, les probl\u00e8mes en Libye, que quand on voit un pays qui tient, comme la Tunisie, on n\u2019investit pas \u00e9conomiquement. Dans ce contexte, une d\u00e9stabilisation venant de Libye est possible. On pourrait assister \u00e0 guerre autour de Tripoli, o\u00f9 beaucoup de milices sont pr\u00e9sentes et ignor\u00e9es. On aurait alors des ondes de choc vers la Tunisie. Ce n\u2019est pas tellement le raisonnement adopt\u00e9 par les occidentaux. Les Etats-Unis et l\u2019Allemagne, la France dans une moindre mesure, tentent seulement de s\u00e9curiser un peu la fronti\u00e8re (avec des drones notamment). Peut-\u00eatre que cela ne va pas suffire. Personne n\u2019analyse r\u00e9ellement la situation en raison de l\u2019impression de calme apparent en Libye, et le calme r\u00e9el en Tunisie.<br \/>\n<em>Sachant que la Libye est n\u00e9e de la r\u00e9unification de trois r\u00e9gions historiques (1951), est-ce qu\u2019on pourrait craindre une balkanisation de la Libye et un conflit gel\u00e9&#160;?<\/em><br \/>\nTout \u00e0 fait. D\u00e9j\u00e0, il y a un risque de d\u00e9doublement \u00e9conomique de la corruption, puisque se trouvent en Libye deux r\u00e9seaux de corruption avec deux projets. De plus, une coh\u00e9sion des diff\u00e9rentes acteurs pr\u00e9sents serait n\u00e9cessaire. La France serait capable de faire contrats avec l\u2019ouest tout en ayant des liens avec l\u2019est. Ce n\u2019est pas tellement la r\u00e9unification de 1951 qui a rat\u00e9&#160;: c\u2019est Kadhafi qui a ensuite cultiv\u00e9 les amertumes.<br \/>\n<em>Que pensez-vous de l\u2019enqu\u00eate actuelle faite par M\u00e9diapart autour des liens de Sarkozy avec le r\u00e9gime Libyen&#160;?<\/em><br \/>\nDans leur livre, les deux auteurs de M\u00e9diapart, ont r\u00e9alis\u00e9 une r\u00e9\u00e9dition d\u2019une enqu\u00eate bien faite de 2012-2013 (visant notamment \u00e0 retrouver des flux d\u2019argent). La corruption est une longue histoire parisienne (Bokassa, etc). Il ne faut pas \u00eatre trop choqu\u00e9 par ce scandale. Faire ce travail d\u2019enqu\u00eate sur l\u2019argent sale est valide, mais les auteurs ont profit\u00e9 du livre pour faire de la g\u00e9opolitique. Cette analyse g\u00e9opolitique dans le livre n\u2019a aucun sens. Les Etats ne sont pas tous all\u00e9s faire la guerre pour aider Sarkozy&#160;! Le scandale est r\u00e9el, mais n\u2019a pas expliqu\u00e9 guerre. Il a seulement expliqu\u00e9 le comportement de la France apr\u00e8s le d\u00e9clenchement de la guerre (elle ne voulait parler \u00e0 personne). En somme, la d\u00e9cision d\u2019aller en guerre n\u2019a pas \u00e9t\u00e9 une d\u00e9cision dont le moteur politique \u00e9tait la France, mais elle a appr\u00e9ci\u00e9 cette opportunit\u00e9 de montrer sa puissance militaire\u00a0<img loading=\"lazy\" decoding=\"async\" class=\" wp-image-2895 alignnone\" src=\"https:\/\/legrandcontinent.eu\/fr\/wp-content\/uploads\/sites\/2\/2017\/08\/screenshot-2017-08-24-23-44-373-e1513982568477.png\" alt=\"\" width=\"18\" height=\"17\" \/><\/p>\n","protected":false},"excerpt":{"rendered":"<p>Un d\u00e9bat collectif \u00e0 partir d\u2019un dossier exclusif paru sur www.legrandcontinent.eu Pour le 21e\u00a0Mardi de l\u2019Europe, nous avons accueilli Jalel Harchaoui, doctorant et ma\u00eetre de conf\u00e9rences en g\u00e9opolitique. Compte-rendu par Gabrielle Escaich Intervention de Jalel Harchaoui Pour commencer&#160;&#160;&#160;: petit point historique. Avant la crise de 2011, la Libye fait partie de la partie occidentale. Elle [&hellip;]<\/p>\n","protected":false},"author":4,"featured_media":10137,"parent":0,"menu_order":0,"comment_status":"closed","ping_status":"closed","template":"","meta":{"_acf_changed":false,"_trash_the_other_posts":false,"footnotes":""},"categories":[],"class_list":["post-10132","page","type-page","status-publish","hentry"],"acf":[],"yoast_head":"<!-- This site is optimized with the Yoast SEO plugin v26.1.1 - https:\/\/yoast.com\/wordpress\/plugins\/seo\/ -->\n<title>1er mai : Maghreb et Libye, que peut l\u2019Europe\u00a0 ?  | Le Grand Continent<\/title>\n<meta name=\"robots\" content=\"index, follow, max-snippet:-1, max-image-preview:large, max-video-preview:-1\" \/>\n<link rel=\"canonical\" href=\"https:\/\/legrandcontinent.eu\/fr\/1er-mai-maghreb-et-libye-que-peut-leurope\/\" \/>\n<meta property=\"og:locale\" content=\"fr_FR\" \/>\n<meta property=\"og:type\" content=\"article\" \/>\n<meta property=\"og:title\" content=\"1er mai : Maghreb et Libye, que peut l\u2019Europe\u00a0 ?  | Le Grand Continent\" \/>\n<meta property=\"og:description\" content=\"Un d\u00e9bat collectif \u00e0 partir d\u2019un dossier exclusif paru sur www.legrandcontinent.eu Pour le 21e\u00a0Mardi de l\u2019Europe, nous avons accueilli Jalel Harchaoui, doctorant et ma\u00eetre de conf\u00e9rences en g\u00e9opolitique. Compte-rendu par Gabrielle Escaich Intervention de Jalel Harchaoui Pour commencer&#160;&#160;: petit point historique. Avant la crise de 2011, la Libye fait partie de la partie occidentale. Elle [&hellip;]\" \/>\n<meta property=\"og:url\" content=\"https:\/\/legrandcontinent.eu\/fr\/1er-mai-maghreb-et-libye-que-peut-leurope\/\" \/>\n<meta property=\"og:site_name\" content=\"Le Grand Continent\" \/>\n<meta property=\"og:image\" content=\"https:\/\/legrandcontinent.eu\/fr\/wp-content\/uploads\/sites\/2\/2018\/05\/5287234_3_6747_lors-d-une-manifestation-de-partisans-de_f72f1eeaa6d31149ef2263f7818b711a.jpg\" \/>\n\t<meta property=\"og:image:width\" content=\"768\" \/>\n\t<meta property=\"og:image:height\" content=\"384\" \/>\n\t<meta property=\"og:image:type\" content=\"image\/jpeg\" \/>\n<meta name=\"twitter:card\" content=\"summary_large_image\" \/>\n<meta name=\"twitter:label1\" content=\"Dur\u00e9e de lecture estim\u00e9e\" \/>\n\t<meta name=\"twitter:data1\" content=\"12 minutes\" \/>\n<script type=\"application\/ld+json\" class=\"yoast-schema-graph\">{\"@context\":\"https:\/\/schema.org\",\"@graph\":[{\"@type\":\"WebPage\",\"@id\":\"https:\/\/legrandcontinent.eu\/fr\/1er-mai-maghreb-et-libye-que-peut-leurope\/\",\"url\":\"https:\/\/legrandcontinent.eu\/fr\/1er-mai-maghreb-et-libye-que-peut-leurope\/\",\"name\":\"1er mai : Maghreb et Libye, que peut l\u2019Europe\u00a0 ? | Le Grand Continent\",\"isPartOf\":{\"@id\":\"https:\/\/legrandcontinent.eu\/fr\/#website\"},\"primaryImageOfPage\":{\"@id\":\"https:\/\/legrandcontinent.eu\/fr\/1er-mai-maghreb-et-libye-que-peut-leurope\/#primaryimage\"},\"image\":{\"@id\":\"https:\/\/legrandcontinent.eu\/fr\/1er-mai-maghreb-et-libye-que-peut-leurope\/#primaryimage\"},\"thumbnailUrl\":\"https:\/\/legrandcontinent.eu\/fr\/wp-content\/uploads\/sites\/2\/2018\/05\/5287234_3_6747_lors-d-une-manifestation-de-partisans-de_f72f1eeaa6d31149ef2263f7818b711a.jpg\",\"datePublished\":\"2018-05-04T20:23:21+00:00\",\"breadcrumb\":{\"@id\":\"https:\/\/legrandcontinent.eu\/fr\/1er-mai-maghreb-et-libye-que-peut-leurope\/#breadcrumb\"},\"inLanguage\":\"fr-FR\",\"potentialAction\":[{\"@type\":\"ReadAction\",\"target\":[\"https:\/\/legrandcontinent.eu\/fr\/1er-mai-maghreb-et-libye-que-peut-leurope\/\"]}]},{\"@type\":\"ImageObject\",\"inLanguage\":\"fr-FR\",\"@id\":\"https:\/\/legrandcontinent.eu\/fr\/1er-mai-maghreb-et-libye-que-peut-leurope\/#primaryimage\",\"url\":\"https:\/\/legrandcontinent.eu\/fr\/wp-content\/uploads\/sites\/2\/2018\/05\/5287234_3_6747_lors-d-une-manifestation-de-partisans-de_f72f1eeaa6d31149ef2263f7818b711a.jpg\",\"contentUrl\":\"https:\/\/legrandcontinent.eu\/fr\/wp-content\/uploads\/sites\/2\/2018\/05\/5287234_3_6747_lors-d-une-manifestation-de-partisans-de_f72f1eeaa6d31149ef2263f7818b711a.jpg\",\"width\":768,\"height\":384},{\"@type\":\"BreadcrumbList\",\"@id\":\"https:\/\/legrandcontinent.eu\/fr\/1er-mai-maghreb-et-libye-que-peut-leurope\/#breadcrumb\",\"itemListElement\":[{\"@type\":\"ListItem\",\"position\":1,\"name\":\"Accueil\",\"item\":\"https:\/\/legrandcontinent.eu\/fr\/\"},{\"@type\":\"ListItem\",\"position\":2,\"name\":\"1er mai&#160;: Maghreb et Libye, que peut l\u2019Europe\u00a0&#160;?\"}]},{\"@type\":\"WebSite\",\"@id\":\"https:\/\/legrandcontinent.eu\/fr\/#website\",\"url\":\"https:\/\/legrandcontinent.eu\/fr\/\",\"name\":\"Le Grand Continent\",\"description\":\"L&#039;\u00e9chelle pertinente\",\"potentialAction\":[{\"@type\":\"SearchAction\",\"target\":{\"@type\":\"EntryPoint\",\"urlTemplate\":\"https:\/\/legrandcontinent.eu\/fr\/?s={search_term_string}\"},\"query-input\":{\"@type\":\"PropertyValueSpecification\",\"valueRequired\":true,\"valueName\":\"search_term_string\"}}],\"inLanguage\":\"fr-FR\"}]}<\/script>\n<!-- \/ Yoast SEO plugin. -->","yoast_head_json":{"title":"1er mai : Maghreb et Libye, que peut l\u2019Europe\u00a0 ?  | Le Grand Continent","robots":{"index":"index","follow":"follow","max-snippet":"max-snippet:-1","max-image-preview":"max-image-preview:large","max-video-preview":"max-video-preview:-1"},"canonical":"https:\/\/legrandcontinent.eu\/fr\/1er-mai-maghreb-et-libye-que-peut-leurope\/","og_locale":"fr_FR","og_type":"article","og_title":"1er mai : Maghreb et Libye, que peut l\u2019Europe\u00a0 ?  | Le Grand Continent","og_description":"Un d\u00e9bat collectif \u00e0 partir d\u2019un dossier exclusif paru sur www.legrandcontinent.eu Pour le 21e\u00a0Mardi de l\u2019Europe, nous avons accueilli Jalel Harchaoui, doctorant et ma\u00eetre de conf\u00e9rences en g\u00e9opolitique. Compte-rendu par Gabrielle Escaich Intervention de Jalel Harchaoui Pour commencer&#160;&#160;: petit point historique. Avant la crise de 2011, la Libye fait partie de la partie occidentale. Elle [&hellip;]","og_url":"https:\/\/legrandcontinent.eu\/fr\/1er-mai-maghreb-et-libye-que-peut-leurope\/","og_site_name":"Le Grand Continent","og_image":[{"width":768,"height":384,"url":"https:\/\/legrandcontinent.eu\/fr\/wp-content\/uploads\/sites\/2\/2018\/05\/5287234_3_6747_lors-d-une-manifestation-de-partisans-de_f72f1eeaa6d31149ef2263f7818b711a.jpg","type":"image\/jpeg"}],"twitter_card":"summary_large_image","twitter_misc":{"Dur\u00e9e de lecture estim\u00e9e":"12 minutes"},"schema":{"@context":"https:\/\/schema.org","@graph":[{"@type":"WebPage","@id":"https:\/\/legrandcontinent.eu\/fr\/1er-mai-maghreb-et-libye-que-peut-leurope\/","url":"https:\/\/legrandcontinent.eu\/fr\/1er-mai-maghreb-et-libye-que-peut-leurope\/","name":"1er mai : Maghreb et Libye, que peut l\u2019Europe\u00a0 ? | Le Grand Continent","isPartOf":{"@id":"https:\/\/legrandcontinent.eu\/fr\/#website"},"primaryImageOfPage":{"@id":"https:\/\/legrandcontinent.eu\/fr\/1er-mai-maghreb-et-libye-que-peut-leurope\/#primaryimage"},"image":{"@id":"https:\/\/legrandcontinent.eu\/fr\/1er-mai-maghreb-et-libye-que-peut-leurope\/#primaryimage"},"thumbnailUrl":"https:\/\/legrandcontinent.eu\/fr\/wp-content\/uploads\/sites\/2\/2018\/05\/5287234_3_6747_lors-d-une-manifestation-de-partisans-de_f72f1eeaa6d31149ef2263f7818b711a.jpg","datePublished":"2018-05-04T20:23:21+00:00","breadcrumb":{"@id":"https:\/\/legrandcontinent.eu\/fr\/1er-mai-maghreb-et-libye-que-peut-leurope\/#breadcrumb"},"inLanguage":"fr-FR","potentialAction":[{"@type":"ReadAction","target":["https:\/\/legrandcontinent.eu\/fr\/1er-mai-maghreb-et-libye-que-peut-leurope\/"]}]},{"@type":"ImageObject","inLanguage":"fr-FR","@id":"https:\/\/legrandcontinent.eu\/fr\/1er-mai-maghreb-et-libye-que-peut-leurope\/#primaryimage","url":"https:\/\/legrandcontinent.eu\/fr\/wp-content\/uploads\/sites\/2\/2018\/05\/5287234_3_6747_lors-d-une-manifestation-de-partisans-de_f72f1eeaa6d31149ef2263f7818b711a.jpg","contentUrl":"https:\/\/legrandcontinent.eu\/fr\/wp-content\/uploads\/sites\/2\/2018\/05\/5287234_3_6747_lors-d-une-manifestation-de-partisans-de_f72f1eeaa6d31149ef2263f7818b711a.jpg","width":768,"height":384},{"@type":"BreadcrumbList","@id":"https:\/\/legrandcontinent.eu\/fr\/1er-mai-maghreb-et-libye-que-peut-leurope\/#breadcrumb","itemListElement":[{"@type":"ListItem","position":1,"name":"Accueil","item":"https:\/\/legrandcontinent.eu\/fr\/"},{"@type":"ListItem","position":2,"name":"1er mai&#160;: Maghreb et Libye, que peut l\u2019Europe\u00a0&#160;?"}]},{"@type":"WebSite","@id":"https:\/\/legrandcontinent.eu\/fr\/#website","url":"https:\/\/legrandcontinent.eu\/fr\/","name":"Le Grand Continent","description":"L&#039;\u00e9chelle pertinente","potentialAction":[{"@type":"SearchAction","target":{"@type":"EntryPoint","urlTemplate":"https:\/\/legrandcontinent.eu\/fr\/?s={search_term_string}"},"query-input":{"@type":"PropertyValueSpecification","valueRequired":true,"valueName":"search_term_string"}}],"inLanguage":"fr-FR"}]}},"_links":{"self":[{"href":"https:\/\/legrandcontinent.eu\/fr\/wp-json\/wp\/v2\/pages\/10132","targetHints":{"allow":["GET"]}}],"collection":[{"href":"https:\/\/legrandcontinent.eu\/fr\/wp-json\/wp\/v2\/pages"}],"about":[{"href":"https:\/\/legrandcontinent.eu\/fr\/wp-json\/wp\/v2\/types\/page"}],"author":[{"embeddable":true,"href":"https:\/\/legrandcontinent.eu\/fr\/wp-json\/wp\/v2\/users\/4"}],"replies":[{"embeddable":true,"href":"https:\/\/legrandcontinent.eu\/fr\/wp-json\/wp\/v2\/comments?post=10132"}],"version-history":[{"count":0,"href":"https:\/\/legrandcontinent.eu\/fr\/wp-json\/wp\/v2\/pages\/10132\/revisions"}],"wp:featuredmedia":[{"embeddable":true,"href":"https:\/\/legrandcontinent.eu\/fr\/wp-json\/wp\/v2\/media\/10137"}],"wp:attachment":[{"href":"https:\/\/legrandcontinent.eu\/fr\/wp-json\/wp\/v2\/media?parent=10132"}],"wp:term":[{"taxonomy":"category","embeddable":true,"href":"https:\/\/legrandcontinent.eu\/fr\/wp-json\/wp\/v2\/categories?post=10132"}],"curies":[{"name":"wp","href":"https:\/\/api.w.org\/{rel}","templated":true}]}}