{"id":82009,"date":"2025-11-04T14:22:07","date_gmt":"2025-11-04T13:22:07","guid":{"rendered":"https:\/\/legrandcontinent.eu\/es\/?page_id=82009"},"modified":"2025-12-22T13:12:37","modified_gmt":"2025-12-22T12:12:37","slug":"retrato-de-un-mundo-roto","status":"publish","type":"page","link":"https:\/\/legrandcontinent.eu\/es\/retrato-de-un-mundo-roto\/","title":{"rendered":"El Grand Continent, vol. 3 <em>Retrato de un mundo roto<\/em>"},"content":{"rendered":"\n<p><strong>Pida el nuevo n\u00famero impreso del Grand Continent publicado por Arpa o&nbsp;<\/strong><a href=\"https:\/\/legrandcontinent.eu\/es\/ofiertas-new-1\/\"><em><strong>haga clic aqu\u00ed para suscribirse y recibir todos nuestros productos.<\/strong><\/em><\/a><\/p>\n\n\n\n<p>Bajo la direcci\u00f3n de Giuliano da Empoli.<\/p>\n\n\n\n<p>Con las contribuciones de Giuliano da Empoli, Niall Ferguson, Lea Ypi, Timothy Garton Ash, Anu Bradford, Josep Borrell, Jean-Yves Dormagen, Aude Darnal, Branko Milanovi\u0107, Julia Cag\u00e9, Vladislav Surkov o Isabella Weber.<\/p>\n","protected":false},"excerpt":{"rendered":"<p>Pida el nuevo n\u00famero impreso del Grand Continent publicado por Arpa o&nbsp;haga clic aqu\u00ed para suscribirse y recibir todos nuestros productos. Bajo la direcci\u00f3n de Giuliano da Empoli. Con las contribuciones de Daron Acemo\u011flu, Sam Altman, Marc Andreessen, Lorenzo Castellani, Adam Curtis, Mario Draghi, He Jiayan, Marietje Schaake, Vladislav Surkov, Peter Thiel, Svetlana Tikhanovska\u00efa, Jianwei Xun y Curtis Yarvin.<\/p>\n","protected":false},"author":47996,"featured_media":82010,"parent":0,"menu_order":0,"comment_status":"closed","ping_status":"closed","template":"templates\/page-product.php","meta":{"_acf_changed":true,"_trash_the_other_posts":false,"footnotes":""},"categories":[],"class_list":["post-82009","page","type-page","status-publish","hentry"],"acf":[],"yoast_head":"<!-- This site is optimized with the Yoast SEO plugin v26.1.1 - https:\/\/yoast.com\/wordpress\/plugins\/seo\/ -->\n<title>El Grand Continent, vol. 3 Retrato de un mundo roto - El Grand Continent<\/title>\n<meta name=\"robots\" content=\"index, follow, max-snippet:-1, max-image-preview:large, max-video-preview:-1\" \/>\n<link rel=\"canonical\" href=\"https:\/\/legrandcontinent.eu\/es\/retrato-de-un-mundo-roto\/\" \/>\n<meta property=\"og:locale\" content=\"es_ES\" \/>\n<meta property=\"og:type\" content=\"article\" \/>\n<meta property=\"og:title\" content=\"El Grand Continent, vol. 3 Retrato de un mundo roto - El Grand Continent\" \/>\n<meta property=\"og:description\" content=\"Pida el nuevo n\u00famero impreso del Grand Continent publicado por Arpa o&nbsp;haga clic aqu\u00ed para suscribirse y recibir todos nuestros productos. Bajo la direcci\u00f3n de Giuliano da Empoli. Con las contribuciones de Daron Acemo\u011flu, Sam Altman, Marc Andreessen, Lorenzo Castellani, Adam Curtis, Mario Draghi, He Jiayan, Marietje Schaake, Vladislav Surkov, Peter Thiel, Svetlana Tikhanovska\u00efa, Jianwei Xun y Curtis Yarvin.\" \/>\n<meta property=\"og:url\" content=\"https:\/\/legrandcontinent.eu\/es\/retrato-de-un-mundo-roto\/\" \/>\n<meta property=\"og:site_name\" content=\"El Grand Continent\" \/>\n<meta property=\"article:modified_time\" content=\"2025-12-22T12:12:37+00:00\" \/>\n<meta property=\"og:image\" content=\"https:\/\/legrandcontinent.eu\/es\/wp-content\/uploads\/sites\/6\/2025\/11\/mediamodifier_image-127.png\" \/>\n\t<meta property=\"og:image:width\" content=\"1400\" \/>\n\t<meta property=\"og:image:height\" content=\"2100\" \/>\n\t<meta property=\"og:image:type\" content=\"image\/png\" \/>\n<meta name=\"twitter:card\" content=\"summary_large_image\" \/>\n<meta name=\"twitter:label1\" content=\"Tiempo de lectura\" \/>\n\t<meta name=\"twitter:data1\" content=\"1 minuto\" \/>\n<script type=\"application\/ld+json\" class=\"yoast-schema-graph\">{\"@context\":\"https:\/\/schema.org\",\"@graph\":[{\"@type\":\"WebPage\",\"@id\":\"https:\/\/legrandcontinent.eu\/es\/retrato-de-un-mundo-roto\/\",\"url\":\"https:\/\/legrandcontinent.eu\/es\/retrato-de-un-mundo-roto\/\",\"name\":\"El Grand Continent, vol. 3 Retrato de un mundo roto - El Grand Continent\",\"isPartOf\":{\"@id\":\"https:\/\/legrandcontinent.eu\/es\/#website\"},\"primaryImageOfPage\":{\"@id\":\"https:\/\/legrandcontinent.eu\/es\/retrato-de-un-mundo-roto\/#primaryimage\"},\"image\":{\"@id\":\"https:\/\/legrandcontinent.eu\/es\/retrato-de-un-mundo-roto\/#primaryimage\"},\"thumbnailUrl\":\"https:\/\/legrandcontinent.eu\/es\/wp-content\/uploads\/sites\/6\/2025\/11\/mediamodifier_image-127.png\",\"datePublished\":\"2025-11-04T13:22:07+00:00\",\"dateModified\":\"2025-12-22T12:12:37+00:00\",\"breadcrumb\":{\"@id\":\"https:\/\/legrandcontinent.eu\/es\/retrato-de-un-mundo-roto\/#breadcrumb\"},\"inLanguage\":\"es\",\"potentialAction\":[{\"@type\":\"ReadAction\",\"target\":[\"https:\/\/legrandcontinent.eu\/es\/retrato-de-un-mundo-roto\/\"]}]},{\"@type\":\"ImageObject\",\"inLanguage\":\"es\",\"@id\":\"https:\/\/legrandcontinent.eu\/es\/retrato-de-un-mundo-roto\/#primaryimage\",\"url\":\"https:\/\/legrandcontinent.eu\/es\/wp-content\/uploads\/sites\/6\/2025\/11\/mediamodifier_image-127.png\",\"contentUrl\":\"https:\/\/legrandcontinent.eu\/es\/wp-content\/uploads\/sites\/6\/2025\/11\/mediamodifier_image-127.png\",\"width\":1400,\"height\":2100},{\"@type\":\"BreadcrumbList\",\"@id\":\"https:\/\/legrandcontinent.eu\/es\/retrato-de-un-mundo-roto\/#breadcrumb\",\"itemListElement\":[{\"@type\":\"ListItem\",\"position\":1,\"name\":\"Home\",\"item\":\"https:\/\/legrandcontinent.eu\/es\/\"},{\"@type\":\"ListItem\",\"position\":2,\"name\":\"El Grand Continent, vol. 3 Retrato de un mundo roto\"}]},{\"@type\":\"WebSite\",\"@id\":\"https:\/\/legrandcontinent.eu\/es\/#website\",\"url\":\"https:\/\/legrandcontinent.eu\/es\/\",\"name\":\"El Grand Continent\",\"description\":\"La escala pertinente\",\"potentialAction\":[{\"@type\":\"SearchAction\",\"target\":{\"@type\":\"EntryPoint\",\"urlTemplate\":\"https:\/\/legrandcontinent.eu\/es\/?s={search_term_string}\"},\"query-input\":{\"@type\":\"PropertyValueSpecification\",\"valueRequired\":true,\"valueName\":\"search_term_string\"}}],\"inLanguage\":\"es\"}]}<\/script>\n<!-- \/ Yoast SEO plugin. -->","yoast_head_json":{"title":"El Grand Continent, vol. 3 Retrato de un mundo roto - El Grand Continent","robots":{"index":"index","follow":"follow","max-snippet":"max-snippet:-1","max-image-preview":"max-image-preview:large","max-video-preview":"max-video-preview:-1"},"canonical":"https:\/\/legrandcontinent.eu\/es\/retrato-de-un-mundo-roto\/","og_locale":"es_ES","og_type":"article","og_title":"El Grand Continent, vol. 3 Retrato de un mundo roto - El Grand Continent","og_description":"Pida el nuevo n\u00famero impreso del Grand Continent publicado por Arpa o&nbsp;haga clic aqu\u00ed para suscribirse y recibir todos nuestros productos. Bajo la direcci\u00f3n de Giuliano da Empoli. Con las contribuciones de Daron Acemo\u011flu, Sam Altman, Marc Andreessen, Lorenzo Castellani, Adam Curtis, Mario Draghi, He Jiayan, Marietje Schaake, Vladislav Surkov, Peter Thiel, Svetlana Tikhanovska\u00efa, Jianwei Xun y Curtis Yarvin.","og_url":"https:\/\/legrandcontinent.eu\/es\/retrato-de-un-mundo-roto\/","og_site_name":"El Grand Continent","article_modified_time":"2025-12-22T12:12:37+00:00","og_image":[{"width":1400,"height":2100,"url":"https:\/\/legrandcontinent.eu\/es\/wp-content\/uploads\/sites\/6\/2025\/11\/mediamodifier_image-127.png","type":"image\/png"}],"twitter_card":"summary_large_image","twitter_misc":{"Tiempo de lectura":"1 minuto"},"schema":{"@context":"https:\/\/schema.org","@graph":[{"@type":"WebPage","@id":"https:\/\/legrandcontinent.eu\/es\/retrato-de-un-mundo-roto\/","url":"https:\/\/legrandcontinent.eu\/es\/retrato-de-un-mundo-roto\/","name":"El Grand Continent, vol. 3 Retrato de un mundo roto - El Grand Continent","isPartOf":{"@id":"https:\/\/legrandcontinent.eu\/es\/#website"},"primaryImageOfPage":{"@id":"https:\/\/legrandcontinent.eu\/es\/retrato-de-un-mundo-roto\/#primaryimage"},"image":{"@id":"https:\/\/legrandcontinent.eu\/es\/retrato-de-un-mundo-roto\/#primaryimage"},"thumbnailUrl":"https:\/\/legrandcontinent.eu\/es\/wp-content\/uploads\/sites\/6\/2025\/11\/mediamodifier_image-127.png","datePublished":"2025-11-04T13:22:07+00:00","dateModified":"2025-12-22T12:12:37+00:00","breadcrumb":{"@id":"https:\/\/legrandcontinent.eu\/es\/retrato-de-un-mundo-roto\/#breadcrumb"},"inLanguage":"es","potentialAction":[{"@type":"ReadAction","target":["https:\/\/legrandcontinent.eu\/es\/retrato-de-un-mundo-roto\/"]}]},{"@type":"ImageObject","inLanguage":"es","@id":"https:\/\/legrandcontinent.eu\/es\/retrato-de-un-mundo-roto\/#primaryimage","url":"https:\/\/legrandcontinent.eu\/es\/wp-content\/uploads\/sites\/6\/2025\/11\/mediamodifier_image-127.png","contentUrl":"https:\/\/legrandcontinent.eu\/es\/wp-content\/uploads\/sites\/6\/2025\/11\/mediamodifier_image-127.png","width":1400,"height":2100},{"@type":"BreadcrumbList","@id":"https:\/\/legrandcontinent.eu\/es\/retrato-de-un-mundo-roto\/#breadcrumb","itemListElement":[{"@type":"ListItem","position":1,"name":"Home","item":"https:\/\/legrandcontinent.eu\/es\/"},{"@type":"ListItem","position":2,"name":"El Grand Continent, vol. 3 Retrato de un mundo roto"}]},{"@type":"WebSite","@id":"https:\/\/legrandcontinent.eu\/es\/#website","url":"https:\/\/legrandcontinent.eu\/es\/","name":"El Grand Continent","description":"La escala pertinente","potentialAction":[{"@type":"SearchAction","target":{"@type":"EntryPoint","urlTemplate":"https:\/\/legrandcontinent.eu\/es\/?s={search_term_string}"},"query-input":{"@type":"PropertyValueSpecification","valueRequired":true,"valueName":"search_term_string"}}],"inLanguage":"es"}]}},"_links":{"self":[{"href":"https:\/\/legrandcontinent.eu\/es\/wp-json\/wp\/v2\/pages\/82009","targetHints":{"allow":["GET"]}}],"collection":[{"href":"https:\/\/legrandcontinent.eu\/es\/wp-json\/wp\/v2\/pages"}],"about":[{"href":"https:\/\/legrandcontinent.eu\/es\/wp-json\/wp\/v2\/types\/page"}],"author":[{"embeddable":true,"href":"https:\/\/legrandcontinent.eu\/es\/wp-json\/wp\/v2\/users\/47996"}],"replies":[{"embeddable":true,"href":"https:\/\/legrandcontinent.eu\/es\/wp-json\/wp\/v2\/comments?post=82009"}],"version-history":[{"count":8,"href":"https:\/\/legrandcontinent.eu\/es\/wp-json\/wp\/v2\/pages\/82009\/revisions"}],"predecessor-version":[{"id":85910,"href":"https:\/\/legrandcontinent.eu\/es\/wp-json\/wp\/v2\/pages\/82009\/revisions\/85910"}],"wp:featuredmedia":[{"embeddable":true,"href":"https:\/\/legrandcontinent.eu\/es\/wp-json\/wp\/v2\/media\/82010"}],"wp:attachment":[{"href":"https:\/\/legrandcontinent.eu\/es\/wp-json\/wp\/v2\/media?parent=82009"}],"wp:term":[{"taxonomy":"category","embeddable":true,"href":"https:\/\/legrandcontinent.eu\/es\/wp-json\/wp\/v2\/categories?post=82009"}],"curies":[{"name":"wp","href":"https:\/\/api.w.org\/{rel}","templated":true}]}}